{"id":65694,"date":"2025-07-29T00:18:26","date_gmt":"2025-07-28T22:18:26","guid":{"rendered":"https:\/\/ambrogiointermodal.com\/?page_id=65694"},"modified":"2025-08-04T13:03:16","modified_gmt":"2025-08-04T11:03:16","slug":"whistleblowing","status":"publish","type":"page","link":"https:\/\/ambrogiointermodal.com\/es\/whistleblowing\/","title":{"rendered":"Whistleblowing"},"content":{"rendered":"<div class=\"wpb-content-wrapper\"><p>[vc_row full_width=\u00bbstretch_row_content_no_spaces\u00bb content_placement=\u00bbtop\u00bb css=\u00bb.vc_custom_1552036951744{padding-top: 0px !important;background-color: #f2f2f2 !important;}\u00bb el_class=\u00bbcustom-container bg-custom\u00bb][vc_column css=\u00bb.vc_custom_1551718729257{padding-top: 0px !important;}\u00bb el_class=\u00bbcustom-width\u00bb][vc_custom_heading text=\u00bbWHISTLEBLOWING\u00bb font_container=\u00bbtag:h2|text_align:center\u00bb use_theme_fonts=\u00bbyes\u00bb css=\u00bb\u00bb css_animation=\u00bbbounceInDown\u00bb el_class=\u00bbtitolo-home\u00bb][\/vc_column][\/vc_row][vc_section css=\u00bb.vc_custom_1751793023080{padding-top: 50px !important;padding-bottom: 50px !important;}\u00bb][vc_row][vc_column][vc_column_text css=\u00bb.vc_custom_1753741010043{padding-bottom: 30px !important;}\u00bb]De conformidad con el Decreto Legislativo n. 24 del 10 de marzo de 2023 y la Directiva (UE) 2019\/1937, el Grupo Ambrogio ha implementado un sistema para la notificaci\u00f3n de conductas il\u00edcitas o irregulares. Esta herramienta permite comunicar, de manera <strong>segura y confidencial<\/strong>, posibles violaciones normativas o conductas no conformes dentro del Grupo. El sistema de whistleblowing es un pilar esencial para garantizar de trabajo transparente y seguro, protegiendo la integridad de la empresa.<\/p>\n<p>El Grupo Ambrogio asegura la m\u00e1xima confidencialidad sobre la identidad del denunciante, aplicando estrictos protocolos para proteger a quienes decidan reportar il\u00edcitos o irregularidades. Para garantizar la <strong>absoluta privacidad, todas las denuncias se gestionan a trav\u00e9s de una plataforma externa<\/strong>.[\/vc_column_text][vc_column_text css=\u00bb.vc_custom_1753741035206{padding-top: 30px !important;padding-bottom: 30px !important;}\u00bb]<\/p>\n<h5><span style=\"color: #fdd300;\"><strong>\u00bfQui\u00e9n puede denunciar?<\/strong><\/span><\/h5>\n<p>Est\u00e1n legitimadas para denunciar las personas que operan en el contexto de la Sociedad, en calidad de:<\/p>\n<ul>\n<li><strong>Sujetos internos<\/strong> al Grupo Ambrogio, tales como personas con funciones de administraci\u00f3n, direcci\u00f3n, control y vigilancia o representaci\u00f3n, empleados y trabajadores contratados mediante contrato de suministro, becarios y pasantes; voluntarios, trabajadores parasubordinados y colaboradores sin posici\u00f3n fiscal IVA, incluso ocasionales;<\/li>\n<li><strong>Sujetos externos<\/strong> al Grupo Ambrogio, tales como trabajadores aut\u00f3nomos, colaboradores externos, profesionales liberales y consultores con posici\u00f3n fiscal aut\u00f3noma IVA, personas cuyo v\u00ednculo laboral ha terminado o a\u00fan no ha comenzado, como exempleados o candidatos, accionistas y personas con funciones de administraci\u00f3n, direcci\u00f3n, control, vigilancia o representaci\u00f3n.<\/li>\n<\/ul>\n<p>[\/vc_column_text][vc_column_text css=\u00bb.vc_custom_1753741057507{padding-top: 30px !important;padding-bottom: 30px !important;}\u00bb]<\/p>\n<h5><span style=\"color: #fdd300;\"><strong>\u00bfQu\u00e9 se puede denunciar?<\/strong><\/span><\/h5>\n<p>Se pueden denunciar <strong>conductas, actos u omisiones que lesionen el inter\u00e9s p\u00fablico o la integridad de la administraci\u00f3n p\u00fablica y del Grupo<\/strong>, de las cuales se haya tenido conocimiento en el \u00e1mbito de las actividades laborales. En particular, se incluyen en la denuncia:<\/p>\n<ul>\n<li>Il\u00edcitos administrativos, contables, civiles o penales;<\/li>\n<li>Conductas il\u00edcitas relevantes seg\u00fan el D. Lgs. 231\/2001 o violaciones de los modelos de organizaci\u00f3n y gesti\u00f3n previstos;<\/li>\n<li>Il\u00edcitos que entren en el \u00e1mbito de aplicaci\u00f3n de actos de la Uni\u00f3n Europea o nacionales;<\/li>\n<li>Actos u omisiones que lesionen los intereses financieros de la Uni\u00f3n Europea;<\/li>\n<li>Actos u omisiones relativos al mercado interno;<\/li>\n<li>Actos o conductas que anulen el objeto o la finalidad de las disposiciones de los actos de la Uni\u00f3n.<\/li>\n<\/ul>\n<p>[\/vc_column_text][vc_column_text css=\u00bb.vc_custom_1753741078074{padding-top: 30px !important;padding-bottom: 30px !important;}\u00bb]<\/p>\n<h5><span style=\"color: #fdd300;\"><strong>\u00bfC\u00f3mo denunciar?<\/strong><\/span><\/h5>\n<p>Para efectuar las denuncias, la empresa dispone de una <strong>plataforma inform\u00e1tica dedicada<\/strong>, gestionada por un proveedor externo para garantizar la confidencialidad y el anonimato.[\/vc_column_text]<style type=\"text\/css\">.thegem-button-69da3509e9c2b5925 .gem-button {font-size: 17px;padding-left: 25px;padding-right: 25px;}@media (max-width: 992px) {.thegem-button-69da3509e9c2b5925 .gem-button {font-size: 17px;padding-left: 25px;padding-right: 25px;}}@media (max-width: 767px) {.thegem-button-69da3509e9c2b5925 .gem-button {font-size: 17px;padding-left: 25px;padding-right: 25px;}}.thegem-button-69da3509e9c2b5925 .gem-button svg {fill: #FFFFFF;}.thegem-button-69da3509e9c2b5925 .gem-button:hover svg {fill: #FFFFFF;}<\/style><div class=\"gem-button-container gem-button-position-inline thegem-button-69da3509e9c2b5925    \"  ><a class=\"gem-button gem-button-size-medium gem-button-style-flat gem-button-text-weight-thin gem-button-no-uppercase\" data-ll-effect=\"drop-right-without-wrap\" style=\"border-radius: 2px;background-color: #009639;color: #FFFFFF;\" onmouseleave=\"this.style.backgroundColor='#009639';this.style.color='#FFFFFF';\" onmouseenter=\"this.style.backgroundColor='#669879';this.style.color='#FFFFFF';\" href=\"https:\/\/ambrogiointermodal.integrityline.com\/\" target=\"_blank\">ENVIAR UNA DENUNCIA<\/a><\/div> [vc_column_text css=\u00bb.vc_custom_1754305393425{padding-top: 30px !important;padding-bottom: 30px !important;}\u00bb]<strong>Otras modalidades para denunciar:<\/strong><\/p>\n<ul>\n<li>Mediante carta escrita dirigida al Comit\u00e9 de Whistleblowing con la indicaci\u00f3n <strong>RESERVADO &#8211; OFICINA HR<\/strong> a la siguiente direcci\u00f3n:\n<ul>\n<li><em>Via F.lli Kennedy 1 &#8211; 10048 Vinovo (TO)<\/em>, sede legal de la empresa;<\/li>\n<\/ul>\n<\/li>\n<li>Mediante una reuni\u00f3n directa con el Comit\u00e9 de Whistleblowing para la gesti\u00f3n de las denuncias, fijada en un plazo razonable a petici\u00f3n expl\u00edcita del denunciante;<\/li>\n<li>A trav\u00e9s del sistema de mensajer\u00eda vocal y morphing a trav\u00e9s de la plataforma inform\u00e1tica.<\/li>\n<\/ul>\n<p>[\/vc_column_text][\/vc_column][\/vc_row][\/vc_section]<\/p>\n<\/div>","protected":false},"excerpt":{"rendered":"<p>[vc_row full_width=\u00bbstretch_row_content_no_spaces\u00bb content_placement=\u00bbtop\u00bb css=\u00bb.vc_custom_1552036951744{padding-top: 0px !important;background-color: #f2f2f2 !important;}\u00bb el_class=\u00bbcustom-container bg-custom\u00bb][vc_column css=\u00bb.vc_custom_1551718729257{padding-top: 0px !important;}\u00bb el_class=\u00bbcustom-width\u00bb][vc_custom_heading text=\u00bbWHISTLEBLOWING\u00bb font_container=\u00bbtag:h2|text_align:center\u00bb use_theme_fonts=\u00bbyes\u00bb css=\u00bb\u00bb css_animation=\u00bbbounceInDown\u00bb el_class=\u00bbtitolo-home\u00bb][\/vc_column][\/vc_row][vc_section&#8230;<\/p>\n","protected":false},"author":6,"featured_media":0,"parent":0,"menu_order":0,"comment_status":"closed","ping_status":"closed","template":"","meta":{"footnotes":""},"class_list":["post-65694","page","type-page","status-publish"],"yoast_head":"<!-- This site is optimized with the Yoast SEO plugin v25.8 - https:\/\/yoast.com\/wordpress\/plugins\/seo\/ -->\n<title>Whistleblowing - Ambrogio Trasporti<\/title>\n<meta name=\"robots\" content=\"index, follow, max-snippet:-1, max-image-preview:large, max-video-preview:-1\" \/>\n<link rel=\"canonical\" href=\"https:\/\/ambrogiointermodal.com\/es\/whistleblowing\/\" \/>\n<meta property=\"og:locale\" content=\"es_ES\" \/>\n<meta property=\"og:type\" content=\"article\" \/>\n<meta property=\"og:title\" content=\"Whistleblowing - Ambrogio Trasporti\" \/>\n<meta property=\"og:description\" content=\"[vc_row full_width=\u00bbstretch_row_content_no_spaces\u00bb content_placement=\u00bbtop\u00bb css=\u00bb.vc_custom_1552036951744{padding-top: 0px !important;background-color: #f2f2f2 !important;}\u00bb el_class=\u00bbcustom-container bg-custom\u00bb][vc_column css=\u00bb.vc_custom_1551718729257{padding-top: 0px !important;}\u00bb el_class=\u00bbcustom-width\u00bb][vc_custom_heading text=\u00bbWHISTLEBLOWING\u00bb font_container=\u00bbtag:h2|text_align:center\u00bb use_theme_fonts=\u00bbyes\u00bb css=\u00bb\u00bb css_animation=\u00bbbounceInDown\u00bb el_class=\u00bbtitolo-home\u00bb][\/vc_column][\/vc_row][vc_section...\" \/>\n<meta property=\"og:url\" content=\"https:\/\/ambrogiointermodal.com\/es\/whistleblowing\/\" \/>\n<meta property=\"og:site_name\" content=\"Ambrogio Trasporti\" \/>\n<meta property=\"article:modified_time\" content=\"2025-08-04T11:03:16+00:00\" \/>\n<meta name=\"twitter:card\" content=\"summary_large_image\" \/>\n<meta name=\"twitter:label1\" content=\"Tiempo de lectura\" \/>\n\t<meta name=\"twitter:data1\" content=\"3 minutos\" \/>\n<script type=\"application\/ld+json\" class=\"yoast-schema-graph\">{\"@context\":\"https:\/\/schema.org\",\"@graph\":[{\"@type\":\"WebPage\",\"@id\":\"https:\/\/ambrogiointermodal.com\/es\/whistleblowing\/\",\"url\":\"https:\/\/ambrogiointermodal.com\/es\/whistleblowing\/\",\"name\":\"Whistleblowing - Ambrogio Trasporti\",\"isPartOf\":{\"@id\":\"https:\/\/ambrogiointermodal.com\/#website\"},\"datePublished\":\"2025-07-28T22:18:26+00:00\",\"dateModified\":\"2025-08-04T11:03:16+00:00\",\"breadcrumb\":{\"@id\":\"https:\/\/ambrogiointermodal.com\/es\/whistleblowing\/#breadcrumb\"},\"inLanguage\":\"es\",\"potentialAction\":[{\"@type\":\"ReadAction\",\"target\":[\"https:\/\/ambrogiointermodal.com\/es\/whistleblowing\/\"]}]},{\"@type\":\"BreadcrumbList\",\"@id\":\"https:\/\/ambrogiointermodal.com\/es\/whistleblowing\/#breadcrumb\",\"itemListElement\":[{\"@type\":\"ListItem\",\"position\":1,\"name\":\"Home\",\"item\":\"https:\/\/ambrogiointermodal.com\/es\/\"},{\"@type\":\"ListItem\",\"position\":2,\"name\":\"Whistleblowing\"}]},{\"@type\":\"WebSite\",\"@id\":\"https:\/\/ambrogiointermodal.com\/#website\",\"url\":\"https:\/\/ambrogiointermodal.com\/\",\"name\":\"Ambrogio Trasporti\",\"description\":\"INTERMODALE PER DEFINIZIONE\",\"publisher\":{\"@id\":\"https:\/\/ambrogiointermodal.com\/#organization\"},\"potentialAction\":[{\"@type\":\"SearchAction\",\"target\":{\"@type\":\"EntryPoint\",\"urlTemplate\":\"https:\/\/ambrogiointermodal.com\/?s={search_term_string}\"},\"query-input\":{\"@type\":\"PropertyValueSpecification\",\"valueRequired\":true,\"valueName\":\"search_term_string\"}}],\"inLanguage\":\"es\"},{\"@type\":\"Organization\",\"@id\":\"https:\/\/ambrogiointermodal.com\/#organization\",\"name\":\"Ambrogio Intermodal\",\"url\":\"https:\/\/ambrogiointermodal.com\/\",\"logo\":{\"@type\":\"ImageObject\",\"inLanguage\":\"es\",\"@id\":\"https:\/\/ambrogiointermodal.com\/#\/schema\/logo\/image\/\",\"url\":\"https:\/\/ambrogiointermodal.com\/wp-content\/uploads\/2019\/03\/logo-footer.png\",\"contentUrl\":\"https:\/\/ambrogiointermodal.com\/wp-content\/uploads\/2019\/03\/logo-footer.png\",\"width\":156,\"height\":31,\"caption\":\"Ambrogio Intermodal\"},\"image\":{\"@id\":\"https:\/\/ambrogiointermodal.com\/#\/schema\/logo\/image\/\"}}]}<\/script>\n<!-- \/ Yoast SEO plugin. -->","yoast_head_json":{"title":"Whistleblowing - Ambrogio Trasporti","robots":{"index":"index","follow":"follow","max-snippet":"max-snippet:-1","max-image-preview":"max-image-preview:large","max-video-preview":"max-video-preview:-1"},"canonical":"https:\/\/ambrogiointermodal.com\/es\/whistleblowing\/","og_locale":"es_ES","og_type":"article","og_title":"Whistleblowing - Ambrogio Trasporti","og_description":"[vc_row full_width=\u00bbstretch_row_content_no_spaces\u00bb content_placement=\u00bbtop\u00bb css=\u00bb.vc_custom_1552036951744{padding-top: 0px !important;background-color: #f2f2f2 !important;}\u00bb el_class=\u00bbcustom-container bg-custom\u00bb][vc_column css=\u00bb.vc_custom_1551718729257{padding-top: 0px !important;}\u00bb el_class=\u00bbcustom-width\u00bb][vc_custom_heading text=\u00bbWHISTLEBLOWING\u00bb font_container=\u00bbtag:h2|text_align:center\u00bb use_theme_fonts=\u00bbyes\u00bb css=\u00bb\u00bb css_animation=\u00bbbounceInDown\u00bb el_class=\u00bbtitolo-home\u00bb][\/vc_column][\/vc_row][vc_section...","og_url":"https:\/\/ambrogiointermodal.com\/es\/whistleblowing\/","og_site_name":"Ambrogio Trasporti","article_modified_time":"2025-08-04T11:03:16+00:00","twitter_card":"summary_large_image","twitter_misc":{"Tiempo de lectura":"3 minutos"},"schema":{"@context":"https:\/\/schema.org","@graph":[{"@type":"WebPage","@id":"https:\/\/ambrogiointermodal.com\/es\/whistleblowing\/","url":"https:\/\/ambrogiointermodal.com\/es\/whistleblowing\/","name":"Whistleblowing - Ambrogio Trasporti","isPartOf":{"@id":"https:\/\/ambrogiointermodal.com\/#website"},"datePublished":"2025-07-28T22:18:26+00:00","dateModified":"2025-08-04T11:03:16+00:00","breadcrumb":{"@id":"https:\/\/ambrogiointermodal.com\/es\/whistleblowing\/#breadcrumb"},"inLanguage":"es","potentialAction":[{"@type":"ReadAction","target":["https:\/\/ambrogiointermodal.com\/es\/whistleblowing\/"]}]},{"@type":"BreadcrumbList","@id":"https:\/\/ambrogiointermodal.com\/es\/whistleblowing\/#breadcrumb","itemListElement":[{"@type":"ListItem","position":1,"name":"Home","item":"https:\/\/ambrogiointermodal.com\/es\/"},{"@type":"ListItem","position":2,"name":"Whistleblowing"}]},{"@type":"WebSite","@id":"https:\/\/ambrogiointermodal.com\/#website","url":"https:\/\/ambrogiointermodal.com\/","name":"Ambrogio Trasporti","description":"INTERMODALE PER DEFINIZIONE","publisher":{"@id":"https:\/\/ambrogiointermodal.com\/#organization"},"potentialAction":[{"@type":"SearchAction","target":{"@type":"EntryPoint","urlTemplate":"https:\/\/ambrogiointermodal.com\/?s={search_term_string}"},"query-input":{"@type":"PropertyValueSpecification","valueRequired":true,"valueName":"search_term_string"}}],"inLanguage":"es"},{"@type":"Organization","@id":"https:\/\/ambrogiointermodal.com\/#organization","name":"Ambrogio Intermodal","url":"https:\/\/ambrogiointermodal.com\/","logo":{"@type":"ImageObject","inLanguage":"es","@id":"https:\/\/ambrogiointermodal.com\/#\/schema\/logo\/image\/","url":"https:\/\/ambrogiointermodal.com\/wp-content\/uploads\/2019\/03\/logo-footer.png","contentUrl":"https:\/\/ambrogiointermodal.com\/wp-content\/uploads\/2019\/03\/logo-footer.png","width":156,"height":31,"caption":"Ambrogio Intermodal"},"image":{"@id":"https:\/\/ambrogiointermodal.com\/#\/schema\/logo\/image\/"}}]}},"_links":{"self":[{"href":"https:\/\/ambrogiointermodal.com\/es\/wp-json\/wp\/v2\/pages\/65694","targetHints":{"allow":["GET"]}}],"collection":[{"href":"https:\/\/ambrogiointermodal.com\/es\/wp-json\/wp\/v2\/pages"}],"about":[{"href":"https:\/\/ambrogiointermodal.com\/es\/wp-json\/wp\/v2\/types\/page"}],"author":[{"embeddable":true,"href":"https:\/\/ambrogiointermodal.com\/es\/wp-json\/wp\/v2\/users\/6"}],"replies":[{"embeddable":true,"href":"https:\/\/ambrogiointermodal.com\/es\/wp-json\/wp\/v2\/comments?post=65694"}],"version-history":[{"count":2,"href":"https:\/\/ambrogiointermodal.com\/es\/wp-json\/wp\/v2\/pages\/65694\/revisions"}],"predecessor-version":[{"id":65817,"href":"https:\/\/ambrogiointermodal.com\/es\/wp-json\/wp\/v2\/pages\/65694\/revisions\/65817"}],"wp:attachment":[{"href":"https:\/\/ambrogiointermodal.com\/es\/wp-json\/wp\/v2\/media?parent=65694"}],"curies":[{"name":"wp","href":"https:\/\/api.w.org\/{rel}","templated":true}]}}