{"id":65686,"date":"2025-07-28T23:59:59","date_gmt":"2025-07-28T21:59:59","guid":{"rendered":"https:\/\/ambrogiointermodal.com\/?page_id=65686"},"modified":"2025-09-03T15:40:55","modified_gmt":"2025-09-03T13:40:55","slug":"informe-de-sostenibilidad","status":"publish","type":"page","link":"https:\/\/ambrogiointermodal.com\/es\/informe-de-sostenibilidad\/","title":{"rendered":"Informe de sostenibilidad"},"content":{"rendered":"<div class=\"wpb-content-wrapper\"><p>[vc_row full_width=\u00bbstretch_row_content_no_spaces\u00bb content_placement=\u00bbtop\u00bb css=\u00bb.vc_custom_1557222712692{padding-top: 0px !important;background-image: url(https:\/\/ambrogiointermodal.com\/wp-content\/uploads\/2019\/04\/ambiente.png?id=33474) !important;}\u00bb el_class=\u00bbcustom-container bg-custom\u00bb][vc_column css=\u00bb.vc_custom_1551718729257{padding-top: 0px !important;}\u00bb el_class=\u00bbcustom-width\u00bb][vc_custom_heading text=\u00bbINFORME DE SOSTENIBILIDAD\u00bb font_container=\u00bbtag:h2|text_align:center|color:%23ffffff\u00bb use_theme_fonts=\u00bbyes\u00bb css=\u00bb\u00bb css_animation=\u00bbbounceInDown\u00bb el_class=\u00bbtitolo-home\u00bb][\/vc_column][\/vc_row][vc_section full_width=\u00bbstretch_row\u00bb css=\u00bb.vc_custom_1551801928235{background-color: #f2f2f2 !important;}\u00bb][vc_row css=\u00bb.vc_custom_1751554569079{padding-bottom: 20px !important;}\u00bb][vc_column][vc_column_text css=\u00bb\u00bb]<strong>INFORME DE SOSTENIBILIDAD<\/strong><\/p>\n<p>Para Ambrogio, la sostenibilidad no es solo un objetivo, sino un principio fundamental que desde siempre gu\u00eda nuestras decisiones estrat\u00e9gicas y operativas. El transporte intermodal, n\u00facleo de nuestra actividad, es por su propia naturaleza una soluci\u00f3n m\u00e1s eficiente y respetuosa con el medio ambiente, capaz de reducir las emisiones y contribuir de forma concreta a la transici\u00f3n ecol\u00f3gica.<\/p>\n<p>A trav\u00e9s del <strong>Informe de Sostenibilidad<\/strong>, Ambrogio Trasporti S.p.A. tiene como objetivo comunicar de forma clara, transparente y estructurada los resultados alcanzados, las iniciativas en curso y los compromisos futuros en los tres \u00e1mbitos fundamentales del enfoque ESG: medioambiental, social y de gobernanza.[\/vc_column_text][\/vc_column][\/vc_row][vc_row css=\u00bb.vc_custom_1751794123370{padding-bottom: 30px !important;}\u00bb][vc_column width=\u00bb1\/2&#8243;]<style type=\"text\/css\">.thegem-button-69da34433060c3265 .gem-button {font-size: 17px;padding-left: 25px;padding-right: 25px;}@media (max-width: 992px) {.thegem-button-69da34433060c3265 .gem-button {font-size: 17px;padding-left: 25px;padding-right: 25px;}}@media (max-width: 767px) {.thegem-button-69da34433060c3265 .gem-button {font-size: 17px;padding-left: 25px;padding-right: 25px;}}.thegem-button-69da34433060c3265 .gem-button svg {fill: #FFFFFF;}.thegem-button-69da34433060c3265 .gem-button:hover svg {fill: #FFFFFF;}<\/style><div class=\"gem-button-container gem-button-position-inline thegem-button-69da34433060c3265    \"  ><a class=\"gem-button gem-button-size-medium gem-button-style-flat gem-button-text-weight-thin gem-button-no-uppercase\" data-ll-effect=\"drop-right-without-wrap\" style=\"border-radius: 2px;background-color: #009639;color: #FFFFFF;\" onmouseleave=\"this.style.backgroundColor='#009639';this.style.color='#FFFFFF';\" onmouseenter=\"this.style.backgroundColor='#669879';this.style.color='#FFFFFF';\" href=\"https:\/\/ambrogiointermodal.com\/wp-content\/uploads\/2025\/09\/Bilancio-di-Sostenibilita-2024_Ambrogio-Trasporti-S.p.A.pdf\" target=\"_blank\">Informe de Sostenibilidad 2024<\/a><\/div> <style type=\"text\/css\">.thegem-button-69da3443306b05650 .gem-button {font-size: 17px;padding-left: 25px;padding-right: 25px;}@media (max-width: 992px) {.thegem-button-69da3443306b05650 .gem-button {font-size: 17px;padding-left: 25px;padding-right: 25px;}}@media (max-width: 767px) {.thegem-button-69da3443306b05650 .gem-button {font-size: 17px;padding-left: 25px;padding-right: 25px;}}.thegem-button-69da3443306b05650 .gem-button svg {fill: #FFFFFF;}.thegem-button-69da3443306b05650 .gem-button:hover svg {fill: #FFFFFF;}<\/style><div class=\"gem-button-container gem-button-position-inline thegem-button-69da3443306b05650    \"  ><a class=\"gem-button gem-button-size-medium gem-button-style-flat gem-button-text-weight-thin gem-button-no-uppercase\" data-ll-effect=\"drop-right-without-wrap\" style=\"border-radius: 2px;background-color: #009639;color: #FFFFFF;\" onmouseleave=\"this.style.backgroundColor='#009639';this.style.color='#FFFFFF';\" onmouseenter=\"this.style.backgroundColor='#669879';this.style.color='#FFFFFF';\" href=\"https:\/\/ambrogiointermodal.com\/wp-content\/uploads\/2025\/06\/2023_Ambrogio-Trasporti-Bilancio-di-Sostenibilita.pdf\" target=\"_blank\">Informe de Sostenibilidad 2023<\/a><\/div> [\/vc_column][vc_column width=\u00bb1\/2&#8243;][\/vc_column][\/vc_row][vc_row full_width=\u00bbstretch_row\u00bb content_placement=\u00bbmiddle\u00bb css=\u00bb.vc_custom_1751554880914{padding-bottom: 30px !important;background-color: #F8D100 !important;}\u00bb][vc_column width=\u00bb1\/2&#8243;][vc_column_text css=\u00bb\u00bb]Para cualquier necesidad de aclaraci\u00f3n o si desea obtener m\u00e1s informaci\u00f3n, le invitamos a contactar con el Comit\u00e9 ESG en la siguiente direcci\u00f3n de correo electr\u00f3nico:[\/vc_column_text][\/vc_column][vc_column width=\u00bb1\/2&#8243;]<style type=\"text\/css\">.thegem-button-69da34433072a7439 .gem-button svg {fill: #fad000;}.thegem-button-69da34433072a7439 .gem-button:hover svg {fill: #414141;}<\/style><div class=\"gem-button-container gem-button-position-center thegem-button-69da34433072a7439    \"  ><a class=\"gem-button gem-button-size-medium gem-button-style-flat gem-button-text-weight-normal\" data-ll-effect=\"drop-right-without-wrap\" style=\"border-radius: 3px;background-color: #414141;color: #fad000;\" onmouseleave=\"this.style.backgroundColor='#414141';this.style.color='#fad000';\" onmouseenter=\"this.style.backgroundColor='#fad000';this.style.color='#414141';\" href=\"mailto:esg@ambrogiointermodal.com\" target=\"_self\">esg@ambrogiointermodal.com<\/a><\/div> [\/vc_column][\/vc_row][\/vc_section]<\/p>\n<\/div>","protected":false},"excerpt":{"rendered":"<p>[vc_row full_width=\u00bbstretch_row_content_no_spaces\u00bb content_placement=\u00bbtop\u00bb css=\u00bb.vc_custom_1557222712692{padding-top: 0px !important;background-image: url(https:\/\/ambrogiointermodal.com\/wp-content\/uploads\/2019\/04\/ambiente.png?id=33474) !important;}\u00bb el_class=\u00bbcustom-container bg-custom\u00bb][vc_column css=\u00bb.vc_custom_1551718729257{padding-top: 0px !important;}\u00bb el_class=\u00bbcustom-width\u00bb][vc_custom_heading text=\u00bbINFORME DE SOSTENIBILIDAD\u00bb font_container=\u00bbtag:h2|text_align:center|color:%23ffffff\u00bb use_theme_fonts=\u00bbyes\u00bb css=\u00bb\u00bb&#8230;<\/p>\n","protected":false},"author":6,"featured_media":0,"parent":0,"menu_order":0,"comment_status":"closed","ping_status":"closed","template":"","meta":{"footnotes":""},"class_list":["post-65686","page","type-page","status-publish"],"yoast_head":"<!-- This site is optimized with the Yoast SEO plugin v25.8 - https:\/\/yoast.com\/wordpress\/plugins\/seo\/ -->\n<title>Informe de sostenibilidad | Ambrogio Trasporti | Ambrogio Intermodal<\/title>\n<meta name=\"description\" content=\"Descubre el Informe de sostenibilidad de Ambrogio: resultados ESG, iniciativas verdes y compromiso con la log\u00edstica responsable.\" \/>\n<meta name=\"robots\" content=\"index, follow, max-snippet:-1, max-image-preview:large, max-video-preview:-1\" \/>\n<link rel=\"canonical\" href=\"https:\/\/ambrogiointermodal.com\/es\/informe-de-sostenibilidad\/\" \/>\n<meta property=\"og:locale\" content=\"es_ES\" \/>\n<meta property=\"og:type\" content=\"article\" \/>\n<meta property=\"og:title\" content=\"Informe de sostenibilidad | Ambrogio Trasporti | Ambrogio Intermodal\" \/>\n<meta property=\"og:description\" content=\"Descubre el Informe de sostenibilidad de Ambrogio: resultados ESG, iniciativas verdes y compromiso con la log\u00edstica responsable.\" \/>\n<meta property=\"og:url\" content=\"https:\/\/ambrogiointermodal.com\/es\/informe-de-sostenibilidad\/\" \/>\n<meta property=\"og:site_name\" content=\"Ambrogio Trasporti\" \/>\n<meta property=\"article:modified_time\" content=\"2025-09-03T13:40:55+00:00\" \/>\n<meta name=\"twitter:card\" content=\"summary_large_image\" \/>\n<meta name=\"twitter:label1\" content=\"Tiempo de lectura\" \/>\n\t<meta name=\"twitter:data1\" content=\"2 minutos\" \/>\n<script type=\"application\/ld+json\" class=\"yoast-schema-graph\">{\"@context\":\"https:\/\/schema.org\",\"@graph\":[{\"@type\":\"WebPage\",\"@id\":\"https:\/\/ambrogiointermodal.com\/es\/informe-de-sostenibilidad\/\",\"url\":\"https:\/\/ambrogiointermodal.com\/es\/informe-de-sostenibilidad\/\",\"name\":\"Informe de sostenibilidad | Ambrogio Trasporti | Ambrogio Intermodal\",\"isPartOf\":{\"@id\":\"https:\/\/ambrogiointermodal.com\/#website\"},\"datePublished\":\"2025-07-28T21:59:59+00:00\",\"dateModified\":\"2025-09-03T13:40:55+00:00\",\"description\":\"Descubre el Informe de sostenibilidad de Ambrogio: resultados ESG, iniciativas verdes y compromiso con la log\u00edstica responsable.\",\"breadcrumb\":{\"@id\":\"https:\/\/ambrogiointermodal.com\/es\/informe-de-sostenibilidad\/#breadcrumb\"},\"inLanguage\":\"es\",\"potentialAction\":[{\"@type\":\"ReadAction\",\"target\":[\"https:\/\/ambrogiointermodal.com\/es\/informe-de-sostenibilidad\/\"]}]},{\"@type\":\"BreadcrumbList\",\"@id\":\"https:\/\/ambrogiointermodal.com\/es\/informe-de-sostenibilidad\/#breadcrumb\",\"itemListElement\":[{\"@type\":\"ListItem\",\"position\":1,\"name\":\"Home\",\"item\":\"https:\/\/ambrogiointermodal.com\/es\/\"},{\"@type\":\"ListItem\",\"position\":2,\"name\":\"Informe de sostenibilidad\"}]},{\"@type\":\"WebSite\",\"@id\":\"https:\/\/ambrogiointermodal.com\/#website\",\"url\":\"https:\/\/ambrogiointermodal.com\/\",\"name\":\"Ambrogio Trasporti\",\"description\":\"INTERMODALE PER DEFINIZIONE\",\"publisher\":{\"@id\":\"https:\/\/ambrogiointermodal.com\/#organization\"},\"potentialAction\":[{\"@type\":\"SearchAction\",\"target\":{\"@type\":\"EntryPoint\",\"urlTemplate\":\"https:\/\/ambrogiointermodal.com\/?s={search_term_string}\"},\"query-input\":{\"@type\":\"PropertyValueSpecification\",\"valueRequired\":true,\"valueName\":\"search_term_string\"}}],\"inLanguage\":\"es\"},{\"@type\":\"Organization\",\"@id\":\"https:\/\/ambrogiointermodal.com\/#organization\",\"name\":\"Ambrogio Intermodal\",\"url\":\"https:\/\/ambrogiointermodal.com\/\",\"logo\":{\"@type\":\"ImageObject\",\"inLanguage\":\"es\",\"@id\":\"https:\/\/ambrogiointermodal.com\/#\/schema\/logo\/image\/\",\"url\":\"https:\/\/ambrogiointermodal.com\/wp-content\/uploads\/2019\/03\/logo-footer.png\",\"contentUrl\":\"https:\/\/ambrogiointermodal.com\/wp-content\/uploads\/2019\/03\/logo-footer.png\",\"width\":156,\"height\":31,\"caption\":\"Ambrogio Intermodal\"},\"image\":{\"@id\":\"https:\/\/ambrogiointermodal.com\/#\/schema\/logo\/image\/\"}}]}<\/script>\n<!-- \/ Yoast SEO plugin. -->","yoast_head_json":{"title":"Informe de sostenibilidad | Ambrogio Trasporti | Ambrogio Intermodal","description":"Descubre el Informe de sostenibilidad de Ambrogio: resultados ESG, iniciativas verdes y compromiso con la log\u00edstica responsable.","robots":{"index":"index","follow":"follow","max-snippet":"max-snippet:-1","max-image-preview":"max-image-preview:large","max-video-preview":"max-video-preview:-1"},"canonical":"https:\/\/ambrogiointermodal.com\/es\/informe-de-sostenibilidad\/","og_locale":"es_ES","og_type":"article","og_title":"Informe de sostenibilidad | Ambrogio Trasporti | Ambrogio Intermodal","og_description":"Descubre el Informe de sostenibilidad de Ambrogio: resultados ESG, iniciativas verdes y compromiso con la log\u00edstica responsable.","og_url":"https:\/\/ambrogiointermodal.com\/es\/informe-de-sostenibilidad\/","og_site_name":"Ambrogio Trasporti","article_modified_time":"2025-09-03T13:40:55+00:00","twitter_card":"summary_large_image","twitter_misc":{"Tiempo de lectura":"2 minutos"},"schema":{"@context":"https:\/\/schema.org","@graph":[{"@type":"WebPage","@id":"https:\/\/ambrogiointermodal.com\/es\/informe-de-sostenibilidad\/","url":"https:\/\/ambrogiointermodal.com\/es\/informe-de-sostenibilidad\/","name":"Informe de sostenibilidad | Ambrogio Trasporti | Ambrogio Intermodal","isPartOf":{"@id":"https:\/\/ambrogiointermodal.com\/#website"},"datePublished":"2025-07-28T21:59:59+00:00","dateModified":"2025-09-03T13:40:55+00:00","description":"Descubre el Informe de sostenibilidad de Ambrogio: resultados ESG, iniciativas verdes y compromiso con la log\u00edstica responsable.","breadcrumb":{"@id":"https:\/\/ambrogiointermodal.com\/es\/informe-de-sostenibilidad\/#breadcrumb"},"inLanguage":"es","potentialAction":[{"@type":"ReadAction","target":["https:\/\/ambrogiointermodal.com\/es\/informe-de-sostenibilidad\/"]}]},{"@type":"BreadcrumbList","@id":"https:\/\/ambrogiointermodal.com\/es\/informe-de-sostenibilidad\/#breadcrumb","itemListElement":[{"@type":"ListItem","position":1,"name":"Home","item":"https:\/\/ambrogiointermodal.com\/es\/"},{"@type":"ListItem","position":2,"name":"Informe de sostenibilidad"}]},{"@type":"WebSite","@id":"https:\/\/ambrogiointermodal.com\/#website","url":"https:\/\/ambrogiointermodal.com\/","name":"Ambrogio Trasporti","description":"INTERMODALE PER DEFINIZIONE","publisher":{"@id":"https:\/\/ambrogiointermodal.com\/#organization"},"potentialAction":[{"@type":"SearchAction","target":{"@type":"EntryPoint","urlTemplate":"https:\/\/ambrogiointermodal.com\/?s={search_term_string}"},"query-input":{"@type":"PropertyValueSpecification","valueRequired":true,"valueName":"search_term_string"}}],"inLanguage":"es"},{"@type":"Organization","@id":"https:\/\/ambrogiointermodal.com\/#organization","name":"Ambrogio Intermodal","url":"https:\/\/ambrogiointermodal.com\/","logo":{"@type":"ImageObject","inLanguage":"es","@id":"https:\/\/ambrogiointermodal.com\/#\/schema\/logo\/image\/","url":"https:\/\/ambrogiointermodal.com\/wp-content\/uploads\/2019\/03\/logo-footer.png","contentUrl":"https:\/\/ambrogiointermodal.com\/wp-content\/uploads\/2019\/03\/logo-footer.png","width":156,"height":31,"caption":"Ambrogio Intermodal"},"image":{"@id":"https:\/\/ambrogiointermodal.com\/#\/schema\/logo\/image\/"}}]}},"_links":{"self":[{"href":"https:\/\/ambrogiointermodal.com\/es\/wp-json\/wp\/v2\/pages\/65686","targetHints":{"allow":["GET"]}}],"collection":[{"href":"https:\/\/ambrogiointermodal.com\/es\/wp-json\/wp\/v2\/pages"}],"about":[{"href":"https:\/\/ambrogiointermodal.com\/es\/wp-json\/wp\/v2\/types\/page"}],"author":[{"embeddable":true,"href":"https:\/\/ambrogiointermodal.com\/es\/wp-json\/wp\/v2\/users\/6"}],"replies":[{"embeddable":true,"href":"https:\/\/ambrogiointermodal.com\/es\/wp-json\/wp\/v2\/comments?post=65686"}],"version-history":[{"count":5,"href":"https:\/\/ambrogiointermodal.com\/es\/wp-json\/wp\/v2\/pages\/65686\/revisions"}],"predecessor-version":[{"id":66241,"href":"https:\/\/ambrogiointermodal.com\/es\/wp-json\/wp\/v2\/pages\/65686\/revisions\/66241"}],"wp:attachment":[{"href":"https:\/\/ambrogiointermodal.com\/es\/wp-json\/wp\/v2\/media?parent=65686"}],"curies":[{"name":"wp","href":"https:\/\/api.w.org\/{rel}","templated":true}]}}