{"id":42475,"date":"2021-03-31T16:11:00","date_gmt":"2021-03-31T14:11:00","guid":{"rendered":"https:\/\/ambrogiointermodal.com\/?page_id=42475"},"modified":"2025-08-25T16:03:51","modified_gmt":"2025-08-25T14:03:51","slug":"network-intermodal-ambrogio","status":"publish","type":"page","link":"https:\/\/ambrogiointermodal.com\/es\/network-intermodal-ambrogio\/","title":{"rendered":"Ambrogio Network Intermodal"},"content":{"rendered":"<div class=\"wpb-content-wrapper\"><p>[vc_row full_width=\u00bbstretch_row_content_no_spaces\u00bb content_placement=\u00bbtop\u00bb css=\u00bb.vc_custom_1616666748170{padding-top: 130px !important;padding-bottom: 130px !important;background-image: url(https:\/\/ambrogiointermodal.com\/wp-content\/uploads\/2021\/03\/gruppo-ambrogio-1-3.jpg?id=42416) !important;}\u00bb el_class=\u00bbcustom-container bg-custom\u00bb][vc_column css=\u00bb.vc_custom_1551718729257{padding-top: 0px !important;}\u00bb el_class=\u00bbcustom-width\u00bb][vc_custom_heading text=\u00bbNETWORK INTERMODAL AMBROGIO\u00bb font_container=\u00bbtag:h3|text_align:center|color:%23ffffff\u00bb use_theme_fonts=\u00bbyes\u00bb css_animation=\u00bbbounceInDown\u00bb el_class=\u00bbtitolo-home\u00bb][\/vc_column][\/vc_row][vc_row][vc_column][vc_column_text el_class=\u00bbai-hide-mobile\u00bb]<div id=\"image-map-pro-1090\"><\/div>[\/vc_column_text][vc_column_text css=\u00bb\u00bb el_class=\u00bbai-show-mobile\u00bb]<img class=\"alignnone size-full wp-image-66143\" src=\"https:\/\/ambrogiointermodal.com\/wp-content\/uploads\/2025\/08\/Network-Intermodale-Ambrogio_2025.png\" alt=\"\" width=\"1600\" height=\"1200\" srcset=\"https:\/\/ambrogiointermodal.com\/wp-content\/uploads\/2025\/08\/Network-Intermodale-Ambrogio_2025.png 1600w, https:\/\/ambrogiointermodal.com\/wp-content\/uploads\/2025\/08\/Network-Intermodale-Ambrogio_2025-768x576.png 768w, https:\/\/ambrogiointermodal.com\/wp-content\/uploads\/2025\/08\/Network-Intermodale-Ambrogio_2025-1536x1152.png 1536w\" sizes=\"(max-width: 1600px) 100vw, 1600px\" \/>[\/vc_column_text][vc_empty_space height=\u00bb50px\u00bb el_class=\u00bbai-show-mobile\u00bb][\/vc_column][\/vc_row]<\/p>\n<\/div>","protected":false},"excerpt":{"rendered":"<p>[vc_row full_width=\u00bbstretch_row_content_no_spaces\u00bb content_placement=\u00bbtop\u00bb css=\u00bb.vc_custom_1616666748170{padding-top: 130px !important;padding-bottom: 130px !important;background-image: url(https:\/\/ambrogiointermodal.com\/wp-content\/uploads\/2021\/03\/gruppo-ambrogio-1-3.jpg?id=42416) !important;}\u00bb el_class=\u00bbcustom-container bg-custom\u00bb][vc_column css=\u00bb.vc_custom_1551718729257{padding-top: 0px !important;}\u00bb el_class=\u00bbcustom-width\u00bb][vc_custom_heading text=\u00bbNETWORK INTERMODAL AMBROGIO\u00bb font_container=\u00bbtag:h3|text_align:center|color:%23ffffff\u00bb&#8230;<\/p>\n","protected":false},"author":6,"featured_media":0,"parent":0,"menu_order":0,"comment_status":"closed","ping_status":"closed","template":"","meta":{"footnotes":""},"class_list":["post-42475","page","type-page","status-publish"],"yoast_head":"<!-- This site is optimized with the Yoast SEO plugin v25.8 - https:\/\/yoast.com\/wordpress\/plugins\/seo\/ -->\n<title>Ambrogio Network Intermodal | Ambrogio Trasporti | Ambrogio Intermodal<\/title>\n<meta name=\"description\" content=\"Descubra la red europea de transporte intermodal de Ambrogio Trasporti. \u00a1P\u00f3ngase en contacto con nosotros para obtener m\u00e1s informaci\u00f3n!\" \/>\n<meta name=\"robots\" content=\"index, follow, max-snippet:-1, max-image-preview:large, max-video-preview:-1\" \/>\n<link rel=\"canonical\" href=\"https:\/\/ambrogiointermodal.com\/es\/network-intermodal-ambrogio\/\" \/>\n<meta property=\"og:locale\" content=\"es_ES\" \/>\n<meta property=\"og:type\" content=\"article\" \/>\n<meta property=\"og:title\" content=\"Ambrogio Network Intermodal | Ambrogio Trasporti | Ambrogio Intermodal\" \/>\n<meta property=\"og:description\" content=\"Descubra la red europea de transporte intermodal de Ambrogio Trasporti. \u00a1P\u00f3ngase en contacto con nosotros para obtener m\u00e1s informaci\u00f3n!\" \/>\n<meta property=\"og:url\" content=\"https:\/\/ambrogiointermodal.com\/es\/network-intermodal-ambrogio\/\" \/>\n<meta property=\"og:site_name\" content=\"Ambrogio Trasporti\" \/>\n<meta property=\"article:modified_time\" content=\"2025-08-25T14:03:51+00:00\" \/>\n<meta property=\"og:image\" content=\"https:\/\/ambrogiointermodal.com\/wp-content\/uploads\/2025\/08\/Network-Intermodale-Ambrogio_2025.png\" \/>\n\t<meta property=\"og:image:width\" content=\"1600\" \/>\n\t<meta property=\"og:image:height\" content=\"1200\" \/>\n\t<meta property=\"og:image:type\" content=\"image\/png\" \/>\n<meta name=\"twitter:card\" content=\"summary_large_image\" \/>\n<meta name=\"twitter:label1\" content=\"Tiempo de lectura\" \/>\n\t<meta name=\"twitter:data1\" content=\"1 minuto\" \/>\n<script type=\"application\/ld+json\" class=\"yoast-schema-graph\">{\"@context\":\"https:\/\/schema.org\",\"@graph\":[{\"@type\":\"WebPage\",\"@id\":\"https:\/\/ambrogiointermodal.com\/es\/network-intermodal-ambrogio\/\",\"url\":\"https:\/\/ambrogiointermodal.com\/es\/network-intermodal-ambrogio\/\",\"name\":\"Ambrogio Network Intermodal | Ambrogio Trasporti | Ambrogio Intermodal\",\"isPartOf\":{\"@id\":\"https:\/\/ambrogiointermodal.com\/#website\"},\"primaryImageOfPage\":{\"@id\":\"https:\/\/ambrogiointermodal.com\/es\/network-intermodal-ambrogio\/#primaryimage\"},\"image\":{\"@id\":\"https:\/\/ambrogiointermodal.com\/es\/network-intermodal-ambrogio\/#primaryimage\"},\"thumbnailUrl\":\"https:\/\/ambrogiointermodal.com\/wp-content\/uploads\/2025\/08\/Network-Intermodale-Ambrogio_2025.png\",\"datePublished\":\"2021-03-31T14:11:00+00:00\",\"dateModified\":\"2025-08-25T14:03:51+00:00\",\"description\":\"Descubra la red europea de transporte intermodal de Ambrogio Trasporti. \u00a1P\u00f3ngase en contacto con nosotros para obtener m\u00e1s informaci\u00f3n!\",\"breadcrumb\":{\"@id\":\"https:\/\/ambrogiointermodal.com\/es\/network-intermodal-ambrogio\/#breadcrumb\"},\"inLanguage\":\"es\",\"potentialAction\":[{\"@type\":\"ReadAction\",\"target\":[\"https:\/\/ambrogiointermodal.com\/es\/network-intermodal-ambrogio\/\"]}]},{\"@type\":\"ImageObject\",\"inLanguage\":\"es\",\"@id\":\"https:\/\/ambrogiointermodal.com\/es\/network-intermodal-ambrogio\/#primaryimage\",\"url\":\"https:\/\/ambrogiointermodal.com\/wp-content\/uploads\/2025\/08\/Network-Intermodale-Ambrogio_2025.png\",\"contentUrl\":\"https:\/\/ambrogiointermodal.com\/wp-content\/uploads\/2025\/08\/Network-Intermodale-Ambrogio_2025.png\"},{\"@type\":\"BreadcrumbList\",\"@id\":\"https:\/\/ambrogiointermodal.com\/es\/network-intermodal-ambrogio\/#breadcrumb\",\"itemListElement\":[{\"@type\":\"ListItem\",\"position\":1,\"name\":\"Home\",\"item\":\"https:\/\/ambrogiointermodal.com\/es\/\"},{\"@type\":\"ListItem\",\"position\":2,\"name\":\"Ambrogio Network Intermodal\"}]},{\"@type\":\"WebSite\",\"@id\":\"https:\/\/ambrogiointermodal.com\/#website\",\"url\":\"https:\/\/ambrogiointermodal.com\/\",\"name\":\"Ambrogio Trasporti\",\"description\":\"INTERMODALE PER DEFINIZIONE\",\"publisher\":{\"@id\":\"https:\/\/ambrogiointermodal.com\/#organization\"},\"potentialAction\":[{\"@type\":\"SearchAction\",\"target\":{\"@type\":\"EntryPoint\",\"urlTemplate\":\"https:\/\/ambrogiointermodal.com\/?s={search_term_string}\"},\"query-input\":{\"@type\":\"PropertyValueSpecification\",\"valueRequired\":true,\"valueName\":\"search_term_string\"}}],\"inLanguage\":\"es\"},{\"@type\":\"Organization\",\"@id\":\"https:\/\/ambrogiointermodal.com\/#organization\",\"name\":\"Ambrogio Intermodal\",\"url\":\"https:\/\/ambrogiointermodal.com\/\",\"logo\":{\"@type\":\"ImageObject\",\"inLanguage\":\"es\",\"@id\":\"https:\/\/ambrogiointermodal.com\/#\/schema\/logo\/image\/\",\"url\":\"https:\/\/ambrogiointermodal.com\/wp-content\/uploads\/2019\/03\/logo-footer.png\",\"contentUrl\":\"https:\/\/ambrogiointermodal.com\/wp-content\/uploads\/2019\/03\/logo-footer.png\",\"width\":156,\"height\":31,\"caption\":\"Ambrogio Intermodal\"},\"image\":{\"@id\":\"https:\/\/ambrogiointermodal.com\/#\/schema\/logo\/image\/\"}}]}<\/script>\n<!-- \/ Yoast SEO plugin. -->","yoast_head_json":{"title":"Ambrogio Network Intermodal | Ambrogio Trasporti | Ambrogio Intermodal","description":"Descubra la red europea de transporte intermodal de Ambrogio Trasporti. \u00a1P\u00f3ngase en contacto con nosotros para obtener m\u00e1s informaci\u00f3n!","robots":{"index":"index","follow":"follow","max-snippet":"max-snippet:-1","max-image-preview":"max-image-preview:large","max-video-preview":"max-video-preview:-1"},"canonical":"https:\/\/ambrogiointermodal.com\/es\/network-intermodal-ambrogio\/","og_locale":"es_ES","og_type":"article","og_title":"Ambrogio Network Intermodal | Ambrogio Trasporti | Ambrogio Intermodal","og_description":"Descubra la red europea de transporte intermodal de Ambrogio Trasporti. \u00a1P\u00f3ngase en contacto con nosotros para obtener m\u00e1s informaci\u00f3n!","og_url":"https:\/\/ambrogiointermodal.com\/es\/network-intermodal-ambrogio\/","og_site_name":"Ambrogio Trasporti","article_modified_time":"2025-08-25T14:03:51+00:00","og_image":[{"width":1600,"height":1200,"url":"https:\/\/ambrogiointermodal.com\/wp-content\/uploads\/2025\/08\/Network-Intermodale-Ambrogio_2025.png","type":"image\/png"}],"twitter_card":"summary_large_image","twitter_misc":{"Tiempo de lectura":"1 minuto"},"schema":{"@context":"https:\/\/schema.org","@graph":[{"@type":"WebPage","@id":"https:\/\/ambrogiointermodal.com\/es\/network-intermodal-ambrogio\/","url":"https:\/\/ambrogiointermodal.com\/es\/network-intermodal-ambrogio\/","name":"Ambrogio Network Intermodal | Ambrogio Trasporti | Ambrogio Intermodal","isPartOf":{"@id":"https:\/\/ambrogiointermodal.com\/#website"},"primaryImageOfPage":{"@id":"https:\/\/ambrogiointermodal.com\/es\/network-intermodal-ambrogio\/#primaryimage"},"image":{"@id":"https:\/\/ambrogiointermodal.com\/es\/network-intermodal-ambrogio\/#primaryimage"},"thumbnailUrl":"https:\/\/ambrogiointermodal.com\/wp-content\/uploads\/2025\/08\/Network-Intermodale-Ambrogio_2025.png","datePublished":"2021-03-31T14:11:00+00:00","dateModified":"2025-08-25T14:03:51+00:00","description":"Descubra la red europea de transporte intermodal de Ambrogio Trasporti. \u00a1P\u00f3ngase en contacto con nosotros para obtener m\u00e1s informaci\u00f3n!","breadcrumb":{"@id":"https:\/\/ambrogiointermodal.com\/es\/network-intermodal-ambrogio\/#breadcrumb"},"inLanguage":"es","potentialAction":[{"@type":"ReadAction","target":["https:\/\/ambrogiointermodal.com\/es\/network-intermodal-ambrogio\/"]}]},{"@type":"ImageObject","inLanguage":"es","@id":"https:\/\/ambrogiointermodal.com\/es\/network-intermodal-ambrogio\/#primaryimage","url":"https:\/\/ambrogiointermodal.com\/wp-content\/uploads\/2025\/08\/Network-Intermodale-Ambrogio_2025.png","contentUrl":"https:\/\/ambrogiointermodal.com\/wp-content\/uploads\/2025\/08\/Network-Intermodale-Ambrogio_2025.png"},{"@type":"BreadcrumbList","@id":"https:\/\/ambrogiointermodal.com\/es\/network-intermodal-ambrogio\/#breadcrumb","itemListElement":[{"@type":"ListItem","position":1,"name":"Home","item":"https:\/\/ambrogiointermodal.com\/es\/"},{"@type":"ListItem","position":2,"name":"Ambrogio Network Intermodal"}]},{"@type":"WebSite","@id":"https:\/\/ambrogiointermodal.com\/#website","url":"https:\/\/ambrogiointermodal.com\/","name":"Ambrogio Trasporti","description":"INTERMODALE PER DEFINIZIONE","publisher":{"@id":"https:\/\/ambrogiointermodal.com\/#organization"},"potentialAction":[{"@type":"SearchAction","target":{"@type":"EntryPoint","urlTemplate":"https:\/\/ambrogiointermodal.com\/?s={search_term_string}"},"query-input":{"@type":"PropertyValueSpecification","valueRequired":true,"valueName":"search_term_string"}}],"inLanguage":"es"},{"@type":"Organization","@id":"https:\/\/ambrogiointermodal.com\/#organization","name":"Ambrogio Intermodal","url":"https:\/\/ambrogiointermodal.com\/","logo":{"@type":"ImageObject","inLanguage":"es","@id":"https:\/\/ambrogiointermodal.com\/#\/schema\/logo\/image\/","url":"https:\/\/ambrogiointermodal.com\/wp-content\/uploads\/2019\/03\/logo-footer.png","contentUrl":"https:\/\/ambrogiointermodal.com\/wp-content\/uploads\/2019\/03\/logo-footer.png","width":156,"height":31,"caption":"Ambrogio Intermodal"},"image":{"@id":"https:\/\/ambrogiointermodal.com\/#\/schema\/logo\/image\/"}}]}},"_links":{"self":[{"href":"https:\/\/ambrogiointermodal.com\/es\/wp-json\/wp\/v2\/pages\/42475","targetHints":{"allow":["GET"]}}],"collection":[{"href":"https:\/\/ambrogiointermodal.com\/es\/wp-json\/wp\/v2\/pages"}],"about":[{"href":"https:\/\/ambrogiointermodal.com\/es\/wp-json\/wp\/v2\/types\/page"}],"author":[{"embeddable":true,"href":"https:\/\/ambrogiointermodal.com\/es\/wp-json\/wp\/v2\/users\/6"}],"replies":[{"embeddable":true,"href":"https:\/\/ambrogiointermodal.com\/es\/wp-json\/wp\/v2\/comments?post=42475"}],"version-history":[{"count":5,"href":"https:\/\/ambrogiointermodal.com\/es\/wp-json\/wp\/v2\/pages\/42475\/revisions"}],"predecessor-version":[{"id":66146,"href":"https:\/\/ambrogiointermodal.com\/es\/wp-json\/wp\/v2\/pages\/42475\/revisions\/66146"}],"wp:attachment":[{"href":"https:\/\/ambrogiointermodal.com\/es\/wp-json\/wp\/v2\/media?parent=42475"}],"curies":[{"name":"wp","href":"https:\/\/api.w.org\/{rel}","templated":true}]}}