{"id":41509,"date":"2020-10-26T14:32:43","date_gmt":"2020-10-26T13:32:43","guid":{"rendered":"https:\/\/ambrogiointermodal.com\/?page_id=41509"},"modified":"2025-08-13T09:33:33","modified_gmt":"2025-08-13T07:33:33","slug":"privacy","status":"publish","type":"page","link":"https:\/\/ambrogiointermodal.com\/es\/privacy\/","title":{"rendered":"Privacy"},"content":{"rendered":"<div class=\"wpb-content-wrapper\"><p>[vc_row full_width=\u00bbstretch_row_content_no_spaces\u00bb content_placement=\u00bbtop\u00bb css=\u00bb.vc_custom_1552036951744{padding-top: 0px !important;background-color: #f2f2f2 !important;}\u00bb el_class=\u00bbcustom-container bg-custom\u00bb][vc_column css=\u00bb.vc_custom_1551718729257{padding-top: 0px !important;}\u00bb el_class=\u00bbcustom-width\u00bb][vc_custom_heading text=\u00bbPRIVACY\u00bb font_container=\u00bbtag:h2|text_align:center\u00bb use_theme_fonts=\u00bbyes\u00bb css_animation=\u00bbbounceInDown\u00bb el_class=\u00bbtitolo-home\u00bb][\/vc_column][\/vc_row][vc_section full_width=\u00bbstretch_row\u00bb css=\u00bb.vc_custom_1552391149399{padding-top: 100px !important;padding-bottom: 100px !important;background-color: #414141 !important;background-position: center !important;background-repeat: no-repeat !important;background-size: cover !important;}\u00bb el_class=\u00bbtxt-white\u00bb][vc_row el_class=\u00bbtxt-white\u00bb][vc_column]<div class=\"gem-list gem-list-type-arrow gem-list-color-12\" ><p><strong>POL\u00cdTICA DE PRIVACIDAD<\/strong><\/p>\n<p>Informaci\u00f3n conforme al Reglamento UE n.2016\/679 (RGPD).<\/p>\n<p>&nbsp;<\/p>\n<ol>\n<li><strong>Responsable del tratamiento<\/strong><\/li>\n<\/ol>\n<p>El Responsable del tratamiento es Ambrogio Trasporti S.p.A., con domicilio social en Via F.lli Kennedy 1, 10048 Vinovo (TO), Italia \u2013 N.\u00ba de IVA y C.F. 00510420011, R.E.A. de Tur\u00edn n.\u00ba 421977.<\/p>\n<p>(en adelante, simplemente el \u201cResponsable\u201d o \u201cAmbrogio Trasporti\u201d)<\/p>\n<p>En cumplimiento de los art\u00edculos 13 y 14 del Reglamento UE n. 2016\/679 (en adelante, tambi\u00e9n \u201cRGPD\u201d), el Responsable le informa de que sus datos personales ser\u00e1n tratados conforme a las modalidades y para las finalidades que se indican a continuaci\u00f3n.<\/p>\n<p>El Responsable le informa de que puede ponerse en contacto con \u00e9l en la siguiente direcci\u00f3n de correo electr\u00f3nico: <a href=\"mailto:privacy@ambrogiointermodal.com\" target=\"_blank\" rel=\"noopener noreferrer\">privacy@ambrogiointermodal.com<\/a><\/p>\n<p>&nbsp;<\/p>\n<ol start=\"2\">\n<li><strong>Objecto del tratamiento<\/strong><\/li>\n<\/ol>\n<p>El Responsable trata los siguientes datos personales:<\/p>\n<p>(en adelante, \u201cdatos personales\u201d o simplemente \u201cdatos\u201d)<\/p>\n<ul>\n<li>nombre y apellido;<\/li>\n<li>empresa de pertenencia;<\/li>\n<li>correo electr\u00f3nico;<\/li>\n<li>tel\u00e9fono;<\/li>\n<li>direcci\u00f3n postal.<\/li>\n<\/ul>\n<p><strong>\u00a0<\/strong><\/p>\n<ol start=\"3\">\n<li><strong>Finalidad del tratamiento<\/strong><\/li>\n<\/ol>\n<p>Los datos personales se tratar\u00e1n con las siguientes finalidades:<\/p>\n<ul>\n<li>gesti\u00f3n de contactos relacionados con candidaturas espont\u00e1neas;<\/li>\n<li>cumplimiento de obligaciones establecidas por la ley, reglamentos, normativa comunitaria o por orden de la Autoridad de Control;<\/li>\n<li>prevenci\u00f3n y\/o detecci\u00f3n de actividades fraudulentas o usos indebidos perjudiciales para el sitio web.<\/li>\n<\/ul>\n<p>Y, previa aceptaci\u00f3n espec\u00edfica, diferenciada y opcional:<\/p>\n<ul>\n<li>gesti\u00f3n de contactos para candidaturas propuestas por el Responsable;<\/li>\n<li>gesti\u00f3n de contactos para candidaturas propuestas por el Responsable, espec\u00edficamente dirigidas a transportistas aut\u00f3nomos.<\/li>\n<\/ul>\n<p><strong>\u00a0<\/strong><\/p>\n<ol start=\"4\">\n<li><strong>Modalidad del tratamiento<\/strong><\/li>\n<\/ol>\n<p>El tratamiento de los datos personales se realiza mediante operaciones de recogida, registro, organizaci\u00f3n,<\/p>\n<p>conservaci\u00f3n, consulta, elaboraci\u00f3n, modificaci\u00f3n, selecci\u00f3n, extracci\u00f3n, comparaci\u00f3n, utilizaci\u00f3n,<\/p>\n<p>comunicaci\u00f3n, supresi\u00f3n y destrucci\u00f3n de los datos. Sus datos personales ser\u00e1n tratados<\/p>\n<p>tanto en formato papel como electr\u00f3nico y\/o automatizado.<\/p>\n<p>&nbsp;<\/p>\n<ol start=\"5\">\n<li><strong>Conservaci\u00f3n de los datos y duraci\u00f3n del tratamiento<\/strong><\/li>\n<\/ol>\n<p>El Responsable tratar\u00e1 los datos personales durante un per\u00edodo de 6 meses con el fin de cumplir con las finalidades para<\/p>\n<p>las que fueron recopilados y, en todo caso, no m\u00e1s all\u00e1 de los plazos establecidos por la ley.<\/p>\n<p><strong>\u00a0<\/strong><\/p>\n<ol start=\"6\">\n<li><strong>Acceso a los datos<\/strong><\/li>\n<\/ol>\n<p>El acceso a los datos personales est\u00e1 limitado al Responsable, al personal autorizado internamente<\/p>\n<p>internamente y a los administradores de sistemas, \u00fanicamente para fines relacionados con sus funciones<\/p>\n<p>espec\u00edficas.<\/p>\n<p>El acceso a los datos personales podr\u00e1 ser autorizado a terceros que realicen actividades<\/p>\n<p>externalizadas por cuenta del Responsable, previa designaci\u00f3n como Encargados del tratamiento,<\/p>\n<p>exclusivamente para las finalidades previstas en la presente pol\u00edtica de privacidad y en cumplimiento de la normativa del<\/p>\n<p>RGPD.<\/p>\n<p>&nbsp;<\/p>\n<ol start=\"7\">\n<li><strong>Derechos del interesado<\/strong><\/li>\n<\/ol>\n<p>Tal y como establece el Reglamento, el interesado tiene la posibilidad de ejercer los siguientes derechos:<\/p>\n<ul>\n<li>derecho de acceso a los datos personales;<\/li>\n<li>derecho de rectificaci\u00f3n;<\/li>\n<li>derecho al olvido: el interesado tiene derecho a obtener del Responsable del tratamiento la supresi\u00f3n de los datos personales que le conciernen;<\/li>\n<li>derecho a la limitaci\u00f3n del tratamiento;<\/li>\n<li>derecho a la portabilidad de los datos;<\/li>\n<li>derecho de oposici\u00f3n al tratamiento;<\/li>\n<li>derecho a retirar el consentimiento (cabe se\u00f1alar que la retirada del consentimiento no afecta a la licitud del tratamiento basado en el consentimiento otorgado con anterioridad);<\/li>\n<li>derecho a presentar una reclamaci\u00f3n ante la autoridad de control (en Italia, es el Garante Privacy).<\/li>\n<\/ul>\n<p>Ambrogio Trasporti le garantiza los derechos anteriormente descritos, los cuales podr\u00e1n ejercerse enviando un correo electr\u00f3nico a <a href=\"mailto:privacy@ambrogiointermodal.com\" target=\"_blank\" rel=\"noopener noreferrer\">privacy@ambrogiointermodal.com<\/a><\/p>\n<p>&nbsp;<\/p>\n<ol start=\"8\">\n<li><strong>Transferencia de datos<\/strong><\/li>\n<\/ol>\n<p>La gesti\u00f3n y conservaci\u00f3n de los datos personales se realizar\u00e1 en servidores ubicados dentro de la Uni\u00f3n<\/p>\n<p>Europea. El Responsable, en caso de ser necesario, podr\u00e1 trasladar la ubicaci\u00f3n de los servidores<\/p>\n<p>a un pa\u00eds de la Uni\u00f3n Europea y\/o a pa\u00edses fuera de la UE. En tal caso, el Responsable garantiza desde ahora que la<\/p>\n<p>transferencia de datos fuera de la UE se llevar\u00e1 a cabo conforme a las disposiciones legales<\/p>\n<p>aplicables, suscribiendo, si es necesario, acuerdos que aseguren un nivel adecuado de protecci\u00f3n y\/o adoptando<\/p>\n<p>las cl\u00e1usulas contractuales tipo previstas por la Comisi\u00f3n Europea.<\/p>\n<p>COMUNICACI\u00d3N DE DATOS<\/p>\n<p>Ambrogio Trasporti tratar\u00e1 los datos personales con atenci\u00f3n y confidencialidad, y no los compartir\u00e1 con terceros,<\/p>\n<p>salvo comunicaci\u00f3n espec\u00edfica clara y transparente que haya sido aprobada y confirmada por usted.<\/p>\n<p>&nbsp;<\/p>\n<ol start=\"9\">\n<li><strong>Protecci\u00f3n de datos<\/strong><\/li>\n<\/ol>\n<p>Ambrogio Trasporti se compromete a proteger los datos personales que se le faciliten y a implementar medidas t\u00e9cnicas y organizativas adecuadas<\/p>\n<p>para protegerlos contra posibles ataques, tales como tratamientos no autorizados o ilegales, as\u00ed como contra p\u00e9rdidas accidentales,<\/p>\n<p>destrucci\u00f3n o da\u00f1os, conforme a lo establecido en los art\u00edculos 32 y siguientes del RGPD.<\/p>\n<\/div>[\/vc_column][\/vc_row][\/vc_section]<\/p>\n<\/div>","protected":false},"excerpt":{"rendered":"<p>[vc_row full_width=\u00bbstretch_row_content_no_spaces\u00bb content_placement=\u00bbtop\u00bb css=\u00bb.vc_custom_1552036951744{padding-top: 0px !important;background-color: #f2f2f2 !important;}\u00bb el_class=\u00bbcustom-container bg-custom\u00bb][vc_column css=\u00bb.vc_custom_1551718729257{padding-top: 0px !important;}\u00bb el_class=\u00bbcustom-width\u00bb][vc_custom_heading text=\u00bbPRIVACY\u00bb font_container=\u00bbtag:h2|text_align:center\u00bb use_theme_fonts=\u00bbyes\u00bb css_animation=\u00bbbounceInDown\u00bb el_class=\u00bbtitolo-home\u00bb][\/vc_column][\/vc_row][vc_section full_width=\u00bbstretch_row\u00bb&#8230;<\/p>\n","protected":false},"author":6,"featured_media":0,"parent":0,"menu_order":0,"comment_status":"closed","ping_status":"closed","template":"","meta":{"footnotes":""},"class_list":["post-41509","page","type-page","status-publish"],"yoast_head":"<!-- This site is optimized with the Yoast SEO plugin v25.8 - https:\/\/yoast.com\/wordpress\/plugins\/seo\/ -->\n<title>Privacy | Ambrogio Trasporti | Ambrogio Intermodal<\/title>\n<meta name=\"description\" content=\"Informaci\u00f3n sobre el RGPD de Ambrogio: tratamiento de datos para candidaturas, obligaciones legales, seguridad y derechos del interesado.\" \/>\n<meta name=\"robots\" content=\"index, follow, max-snippet:-1, max-image-preview:large, max-video-preview:-1\" \/>\n<link rel=\"canonical\" href=\"https:\/\/ambrogiointermodal.com\/es\/privacy\/\" \/>\n<meta property=\"og:locale\" content=\"es_ES\" \/>\n<meta property=\"og:type\" content=\"article\" \/>\n<meta property=\"og:title\" content=\"Privacy | Ambrogio Trasporti | Ambrogio Intermodal\" \/>\n<meta property=\"og:description\" content=\"Informaci\u00f3n sobre el RGPD de Ambrogio: tratamiento de datos para candidaturas, obligaciones legales, seguridad y derechos del interesado.\" \/>\n<meta property=\"og:url\" content=\"https:\/\/ambrogiointermodal.com\/es\/privacy\/\" \/>\n<meta property=\"og:site_name\" content=\"Ambrogio Trasporti\" \/>\n<meta property=\"article:modified_time\" content=\"2025-08-13T07:33:33+00:00\" \/>\n<meta name=\"twitter:card\" content=\"summary_large_image\" \/>\n<meta name=\"twitter:label1\" content=\"Tiempo de lectura\" \/>\n\t<meta name=\"twitter:data1\" content=\"4 minutos\" \/>\n<script type=\"application\/ld+json\" class=\"yoast-schema-graph\">{\"@context\":\"https:\/\/schema.org\",\"@graph\":[{\"@type\":\"WebPage\",\"@id\":\"https:\/\/ambrogiointermodal.com\/es\/privacy\/\",\"url\":\"https:\/\/ambrogiointermodal.com\/es\/privacy\/\",\"name\":\"Privacy | Ambrogio Trasporti | Ambrogio Intermodal\",\"isPartOf\":{\"@id\":\"https:\/\/ambrogiointermodal.com\/#website\"},\"datePublished\":\"2020-10-26T13:32:43+00:00\",\"dateModified\":\"2025-08-13T07:33:33+00:00\",\"description\":\"Informaci\u00f3n sobre el RGPD de Ambrogio: tratamiento de datos para candidaturas, obligaciones legales, seguridad y derechos del interesado.\",\"breadcrumb\":{\"@id\":\"https:\/\/ambrogiointermodal.com\/es\/privacy\/#breadcrumb\"},\"inLanguage\":\"es\",\"potentialAction\":[{\"@type\":\"ReadAction\",\"target\":[\"https:\/\/ambrogiointermodal.com\/es\/privacy\/\"]}]},{\"@type\":\"BreadcrumbList\",\"@id\":\"https:\/\/ambrogiointermodal.com\/es\/privacy\/#breadcrumb\",\"itemListElement\":[{\"@type\":\"ListItem\",\"position\":1,\"name\":\"Home\",\"item\":\"https:\/\/ambrogiointermodal.com\/es\/\"},{\"@type\":\"ListItem\",\"position\":2,\"name\":\"Privacy\"}]},{\"@type\":\"WebSite\",\"@id\":\"https:\/\/ambrogiointermodal.com\/#website\",\"url\":\"https:\/\/ambrogiointermodal.com\/\",\"name\":\"Ambrogio Trasporti\",\"description\":\"INTERMODALE PER DEFINIZIONE\",\"publisher\":{\"@id\":\"https:\/\/ambrogiointermodal.com\/#organization\"},\"potentialAction\":[{\"@type\":\"SearchAction\",\"target\":{\"@type\":\"EntryPoint\",\"urlTemplate\":\"https:\/\/ambrogiointermodal.com\/?s={search_term_string}\"},\"query-input\":{\"@type\":\"PropertyValueSpecification\",\"valueRequired\":true,\"valueName\":\"search_term_string\"}}],\"inLanguage\":\"es\"},{\"@type\":\"Organization\",\"@id\":\"https:\/\/ambrogiointermodal.com\/#organization\",\"name\":\"Ambrogio Intermodal\",\"url\":\"https:\/\/ambrogiointermodal.com\/\",\"logo\":{\"@type\":\"ImageObject\",\"inLanguage\":\"es\",\"@id\":\"https:\/\/ambrogiointermodal.com\/#\/schema\/logo\/image\/\",\"url\":\"https:\/\/ambrogiointermodal.com\/wp-content\/uploads\/2019\/03\/logo-footer.png\",\"contentUrl\":\"https:\/\/ambrogiointermodal.com\/wp-content\/uploads\/2019\/03\/logo-footer.png\",\"width\":156,\"height\":31,\"caption\":\"Ambrogio Intermodal\"},\"image\":{\"@id\":\"https:\/\/ambrogiointermodal.com\/#\/schema\/logo\/image\/\"}}]}<\/script>\n<!-- \/ Yoast SEO plugin. -->","yoast_head_json":{"title":"Privacy | Ambrogio Trasporti | Ambrogio Intermodal","description":"Informaci\u00f3n sobre el RGPD de Ambrogio: tratamiento de datos para candidaturas, obligaciones legales, seguridad y derechos del interesado.","robots":{"index":"index","follow":"follow","max-snippet":"max-snippet:-1","max-image-preview":"max-image-preview:large","max-video-preview":"max-video-preview:-1"},"canonical":"https:\/\/ambrogiointermodal.com\/es\/privacy\/","og_locale":"es_ES","og_type":"article","og_title":"Privacy | Ambrogio Trasporti | Ambrogio Intermodal","og_description":"Informaci\u00f3n sobre el RGPD de Ambrogio: tratamiento de datos para candidaturas, obligaciones legales, seguridad y derechos del interesado.","og_url":"https:\/\/ambrogiointermodal.com\/es\/privacy\/","og_site_name":"Ambrogio Trasporti","article_modified_time":"2025-08-13T07:33:33+00:00","twitter_card":"summary_large_image","twitter_misc":{"Tiempo de lectura":"4 minutos"},"schema":{"@context":"https:\/\/schema.org","@graph":[{"@type":"WebPage","@id":"https:\/\/ambrogiointermodal.com\/es\/privacy\/","url":"https:\/\/ambrogiointermodal.com\/es\/privacy\/","name":"Privacy | Ambrogio Trasporti | Ambrogio Intermodal","isPartOf":{"@id":"https:\/\/ambrogiointermodal.com\/#website"},"datePublished":"2020-10-26T13:32:43+00:00","dateModified":"2025-08-13T07:33:33+00:00","description":"Informaci\u00f3n sobre el RGPD de Ambrogio: tratamiento de datos para candidaturas, obligaciones legales, seguridad y derechos del interesado.","breadcrumb":{"@id":"https:\/\/ambrogiointermodal.com\/es\/privacy\/#breadcrumb"},"inLanguage":"es","potentialAction":[{"@type":"ReadAction","target":["https:\/\/ambrogiointermodal.com\/es\/privacy\/"]}]},{"@type":"BreadcrumbList","@id":"https:\/\/ambrogiointermodal.com\/es\/privacy\/#breadcrumb","itemListElement":[{"@type":"ListItem","position":1,"name":"Home","item":"https:\/\/ambrogiointermodal.com\/es\/"},{"@type":"ListItem","position":2,"name":"Privacy"}]},{"@type":"WebSite","@id":"https:\/\/ambrogiointermodal.com\/#website","url":"https:\/\/ambrogiointermodal.com\/","name":"Ambrogio Trasporti","description":"INTERMODALE PER DEFINIZIONE","publisher":{"@id":"https:\/\/ambrogiointermodal.com\/#organization"},"potentialAction":[{"@type":"SearchAction","target":{"@type":"EntryPoint","urlTemplate":"https:\/\/ambrogiointermodal.com\/?s={search_term_string}"},"query-input":{"@type":"PropertyValueSpecification","valueRequired":true,"valueName":"search_term_string"}}],"inLanguage":"es"},{"@type":"Organization","@id":"https:\/\/ambrogiointermodal.com\/#organization","name":"Ambrogio Intermodal","url":"https:\/\/ambrogiointermodal.com\/","logo":{"@type":"ImageObject","inLanguage":"es","@id":"https:\/\/ambrogiointermodal.com\/#\/schema\/logo\/image\/","url":"https:\/\/ambrogiointermodal.com\/wp-content\/uploads\/2019\/03\/logo-footer.png","contentUrl":"https:\/\/ambrogiointermodal.com\/wp-content\/uploads\/2019\/03\/logo-footer.png","width":156,"height":31,"caption":"Ambrogio Intermodal"},"image":{"@id":"https:\/\/ambrogiointermodal.com\/#\/schema\/logo\/image\/"}}]}},"_links":{"self":[{"href":"https:\/\/ambrogiointermodal.com\/es\/wp-json\/wp\/v2\/pages\/41509","targetHints":{"allow":["GET"]}}],"collection":[{"href":"https:\/\/ambrogiointermodal.com\/es\/wp-json\/wp\/v2\/pages"}],"about":[{"href":"https:\/\/ambrogiointermodal.com\/es\/wp-json\/wp\/v2\/types\/page"}],"author":[{"embeddable":true,"href":"https:\/\/ambrogiointermodal.com\/es\/wp-json\/wp\/v2\/users\/6"}],"replies":[{"embeddable":true,"href":"https:\/\/ambrogiointermodal.com\/es\/wp-json\/wp\/v2\/comments?post=41509"}],"version-history":[{"count":5,"href":"https:\/\/ambrogiointermodal.com\/es\/wp-json\/wp\/v2\/pages\/41509\/revisions"}],"predecessor-version":[{"id":65904,"href":"https:\/\/ambrogiointermodal.com\/es\/wp-json\/wp\/v2\/pages\/41509\/revisions\/65904"}],"wp:attachment":[{"href":"https:\/\/ambrogiointermodal.com\/es\/wp-json\/wp\/v2\/media?parent=41509"}],"curies":[{"name":"wp","href":"https:\/\/api.w.org\/{rel}","templated":true}]}}