{"id":41502,"date":"2020-10-26T14:30:44","date_gmt":"2020-10-26T13:30:44","guid":{"rendered":"https:\/\/ambrogiointermodal.com\/?page_id=41502"},"modified":"2025-09-10T14:13:27","modified_gmt":"2025-09-10T12:13:27","slug":"equipamiento-de-transporte-intermodal","status":"publish","type":"page","link":"https:\/\/ambrogiointermodal.com\/es\/equipamiento-de-transporte-intermodal\/","title":{"rendered":"Equipamiento De Transporte Intermodal"},"content":{"rendered":"<div class=\"wpb-content-wrapper\"><p>[vc_row full_width=\u00bbstretch_row_content_no_spaces\u00bb content_placement=\u00bbtop\u00bb css=\u00bb.vc_custom_1557222430407{padding-top: 0px !important;background-image: url(https:\/\/ambrogiointermodal.com\/wp-content\/uploads\/2019\/03\/bg-mezzi-strutture.png?id=32997) !important;}\u00bb el_class=\u00bbcustom-container bg-custom\u00bb][vc_column css=\u00bb.vc_custom_1551718729257{padding-top: 0px !important;}\u00bb el_class=\u00bbcustom-width\u00bb][vc_custom_heading text=\u00bbEquipamiento Ambrogio\u00bb font_container=\u00bbtag:h2|text_align:center|color:%23ffffff\u00bb use_theme_fonts=\u00bbyes\u00bb css=\u00bb.vc_custom_1603718741554{margin-top: 120px !important;margin-bottom: 118px !important;}\u00bb css_animation=\u00bbbounceInDown\u00bb][\/vc_column][\/vc_row][vc_section full_width=\u00bbstretch_row\u00bb css=\u00bb.vc_custom_1552389717725{margin-bottom: 0px !important;padding-bottom: 0px !important;background-color: #f2f2f2 !important;}\u00bb][vc_row][vc_column width=\u00bb1\/3&#8243;][vc_column_text css=\u00bb.vc_custom_1753796708387{margin-top: 0px !important;padding-bottom: 40px !important;}\u00bb]Ambrogio utiliza <strong>lo \u00faltimo en equipamiento de transporte intermodal<\/strong>, sin perder nunca de vista la seguridad y el respeto por el medio ambiente.<\/p>\n<p><strong>Todos nuestros veh\u00edculos<\/strong> est\u00e1n equipados con sistemas t\u00e9cnicos avanzados que reducen las anomal\u00edas, el tiempo de parada y los costes de mantenimiento.<\/p>\n<p>Nuestros veh\u00edculos de transporte intermodal combinan potencia y calidad, y est\u00e1n dise\u00f1ados para asegurar unos servicios eficientes.[\/vc_column_text][\/vc_column][vc_column width=\u00bb1\/3&#8243;][vc_hoverbox image=\u00bb33493&#8243; primary_title=\u00bb\u00bb hover_title=\u00bb\u00bb shape=\u00bbsquare\u00bb hover_background_color=\u00bbcustom\u00bb hover_custom_background=\u00bb#fdd300&#8243; css_animation=\u00bbfadeIn\u00bb]Una flota de m\u00e1s de 1.800 cajas m\u00f3viles privadas, disponibles con laterales, taut- liners y taut- liners con cubierta deslizante.[\/vc_hoverbox][vc_column_text css=\u00bb.vc_custom_1603718767988{padding-bottom: 40px !important;}\u00bb]<\/p>\n<h5>CAJAS M\u00d3VILES<\/h5>\n<p>[\/vc_column_text][\/vc_column][vc_column width=\u00bb1\/3&#8243;][vc_hoverbox image=\u00bb33496&#8243; primary_title=\u00bb\u00bb hover_title=\u00bb\u00bb shape=\u00bbsquare\u00bb hover_background_color=\u00bbcustom\u00bb hover_custom_background=\u00bb#fdd300&#8243; css_animation=\u00bbfadeIn\u00bb]Una flota de contenedores isot\u00e9rmicos \u00a0de 45\u2019.[\/vc_hoverbox][vc_column_text css=\u00bb.vc_custom_1604938350990{padding-bottom: 40px !important;}\u00bb]<\/p>\n<h5 class=\"mezzi_tit\">CONTENEDORES ISOT\u00c9RMICOS<\/h5>\n<p>[\/vc_column_text][\/vc_column][\/vc_row][\/vc_section][vc_section full_width=\u00bbstretch_row\u00bb css=\u00bb.vc_custom_1552384103356{padding-top: 0px !important;padding-bottom: 50px !important;background-color: #f2f2f2 !important;}\u00bb][vc_row][vc_column width=\u00bb1\/3&#8243;][vc_hoverbox image=\u00bb33500&#8243; primary_title=\u00bb\u00bb hover_title=\u00bb\u00bb shape=\u00bbsquare\u00bb hover_background_color=\u00bbcustom\u00bb hover_custom_background=\u00bb#fdd300&#8243; css_animation=\u00bbfadeIn\u00bb]Una flota de contenedores box de 45\u2019.[\/vc_hoverbox][vc_column_text css=\u00bb.vc_custom_1603718836204{padding-bottom: 40px !important;}\u00bb]<\/p>\n<h5>CONTENEDORES BOX<\/h5>\n<p>[\/vc_column_text][\/vc_column][vc_column width=\u00bb1\/3&#8243;][vc_hoverbox image=\u00bb33503&#8243; primary_title=\u00bb\u00bb hover_title=\u00bb\u00bb shape=\u00bbsquare\u00bb hover_background_color=\u00bbcustom\u00bb hover_custom_background=\u00bb#fdd300&#8243; css_animation=\u00bbfadeIn\u00bb]Una flota de m\u00e1s de 400 vagones ferroviarios de tipo Sggmrs y Sggmrss de 90&#8242;[\/vc_hoverbox][vc_column_text]<\/p>\n<h5>VAGONES FERROVIARIOS<\/h5>\n<p>[\/vc_column_text][\/vc_column][vc_column width=\u00bb1\/3&#8243;][vc_hoverbox image=\u00bb33507&#8243; primary_title=\u00bb\u00bb hover_title=\u00bb\u00bb shape=\u00bbsquare\u00bb hover_background_color=\u00bbcustom\u00bb hover_custom_background=\u00bb#fdd300&#8243; css_animation=\u00bbfadeIn\u00bb]Una flota de tractoras y chassis para trasladar las cajas m\u00f3viles desde diversos pa\u00edses europeos hasta las centrales de nuestros clientes.[\/vc_hoverbox][vc_column_text css=\u00bb.vc_custom_1603718871334{padding-bottom: 40px !important;}\u00bb]<\/p>\n<h5>TRACTORAS<\/h5>\n<p>[\/vc_column_text][\/vc_column][\/vc_row][\/vc_section][vc_section full_width=\u00bbstretch_row\u00bb css=\u00bb.vc_custom_1552385493907{margin-bottom: 0px !important;padding-top: 40px !important;padding-bottom: 40px !important;background-color: #494949 !important;}\u00bb el_class=\u00bbtxt-white\u00bb][vc_row][vc_column][vc_column_text]<\/p>\n<h4 style=\"text-align: left;\"><span style=\"color: #ffffff;\">TERMINALES AMBROGIO<\/span><\/h4>\n<p>[\/vc_column_text][vc_column_text css=\u00bb.vc_custom_1753796784140{margin-top: 0px !important;padding-bottom: 40px !important;}\u00bb]<span style=\"color: #ffffff;\">Ambrogio tambi\u00e9n emplea sus <strong>modernas terminales<\/strong>, lo que nos permite garantizar un servicio de transporte diario intermodal r\u00e1pido y seguro en t\u00e9rminos transeuropeos, as\u00ed como proporcionar servicios log\u00edsticos y terminal\u00edsticos eficientes.<\/span>[\/vc_column_text][\/vc_column][\/vc_row][\/vc_section][vc_section full_width=\u00bbstretch_row\u00bb css=\u00bb.vc_custom_1552385493907{margin-bottom: 0px !important;padding-top: 40px !important;padding-bottom: 40px !important;background-color: #494949 !important;}\u00bb el_class=\u00bbtxt-white\u00bb][vc_row][vc_column width=\u00bb2\/5&#8243;][vc_column_text]<\/p>\n<h4 style=\"text-align: left;\"><img class=\"alignnone size-full wp-image-32504\" src=\"https:\/\/ambrogiointermodal.com\/wp-content\/uploads\/2019\/03\/top-riga.png\" alt=\"\" width=\"133\" height=\"12\" \/><\/h4>\n<h4 style=\"text-align: left;\"><span style=\"color: #ffffff;\">TERMINAL INTERMODAL<\/span><\/h4>\n<p>[\/vc_column_text][vc_column_text css=\u00bb.vc_custom_1753796859112{margin-top: 0px !important;padding-bottom: 40px !important;}\u00bb]<span style=\"color: #ffffff;\">Ponemos a su disposici\u00f3n a <strong>nuestro equipo de profesionales cualificados<\/strong>, la flexibilidad, los recursos y los veh\u00edculos de <strong>\u00faltima generaci\u00f3n de transporte intermodal<\/strong> para satisfacer cada una de sus necesidades.<\/span>[\/vc_column_text][\/vc_column][vc_column width=\u00bb3\/5&#8243;]<div class=\"preloader\"><div class=\"preloader-spin\"><\/div><\/div> <div id=\"gem-gallery-69d28238aa895\" class=\"gem-gallery gem-gallery-hover-zooming-blur no-thumbs\"> <div class=\"gem-gallery-item\"> <div class=\"gem-gallery-item-image\"> <a href=\"https:\/\/ambrogiointermodal.com\/wp-content\/uploads\/2025\/08\/Candiolo-I-2.jpg\" data-fancybox-group=\"gallery-69d28238aa895\" data-full-image-url=\"https:\/\/ambrogiointermodal.com\/wp-content\/uploads\/2025\/08\/Candiolo-I-2.jpg\"> <svg width=\"20\" height=\"10\"><path d=\"M 0,10 Q 9,9 10,0 Q 11,9 20,10\" \/><\/svg> <img src=\"https:\/\/ambrogiointermodal.com\/wp-content\/uploads\/2025\/08\/Candiolo-I-2-thegem-post-thumb-small.jpg\" alt=\"\" class=\"img-responsive\"> <span class=\"gem-gallery-caption slide-info\"> <\/span> <\/a> <span class=\"gem-gallery-line\"><\/span> <\/div> <\/div> <div class=\"gem-gallery-item\"> <div class=\"gem-gallery-item-image\"> <a href=\"https:\/\/ambrogiointermodal.com\/wp-content\/uploads\/2025\/08\/Domegliara-I-2.jpg\" data-fancybox-group=\"gallery-69d28238aa895\" data-full-image-url=\"https:\/\/ambrogiointermodal.com\/wp-content\/uploads\/2025\/08\/Domegliara-I-2.jpg\"> <svg width=\"20\" height=\"10\"><path d=\"M 0,10 Q 9,9 10,0 Q 11,9 20,10\" \/><\/svg> <img src=\"https:\/\/ambrogiointermodal.com\/wp-content\/uploads\/2025\/08\/Domegliara-I-2-thegem-post-thumb-small.jpg\" alt=\"\" class=\"img-responsive\"> <span class=\"gem-gallery-caption slide-info\"> <\/span> <\/a> <span class=\"gem-gallery-line\"><\/span> <\/div> <\/div> <div class=\"gem-gallery-item\"> <div class=\"gem-gallery-item-image\"> <a href=\"https:\/\/ambrogiointermodal.com\/wp-content\/uploads\/2025\/08\/Gallarate-I-2.jpg\" data-fancybox-group=\"gallery-69d28238aa895\" data-full-image-url=\"https:\/\/ambrogiointermodal.com\/wp-content\/uploads\/2025\/08\/Gallarate-I-2.jpg\"> <svg width=\"20\" height=\"10\"><path d=\"M 0,10 Q 9,9 10,0 Q 11,9 20,10\" \/><\/svg> <img src=\"https:\/\/ambrogiointermodal.com\/wp-content\/uploads\/2025\/08\/Gallarate-I-2-thegem-post-thumb-small.jpg\" alt=\"\" class=\"img-responsive\"> <span class=\"gem-gallery-caption slide-info\"> <\/span> <\/a> <span class=\"gem-gallery-line\"><\/span> <\/div> <\/div> <div class=\"gem-gallery-item\"> <div class=\"gem-gallery-item-image\"> <a href=\"https:\/\/ambrogiointermodal.com\/wp-content\/uploads\/2025\/08\/Le-Boulou-F-2.jpg\" data-fancybox-group=\"gallery-69d28238aa895\" data-full-image-url=\"https:\/\/ambrogiointermodal.com\/wp-content\/uploads\/2025\/08\/Le-Boulou-F-2.jpg\"> <svg width=\"20\" height=\"10\"><path d=\"M 0,10 Q 9,9 10,0 Q 11,9 20,10\" \/><\/svg> <img src=\"https:\/\/ambrogiointermodal.com\/wp-content\/uploads\/2025\/08\/Le-Boulou-F-2-thegem-post-thumb-small.jpg\" alt=\"\" class=\"img-responsive\"> <span class=\"gem-gallery-caption slide-info\"> <\/span> <\/a> <span class=\"gem-gallery-line\"><\/span> <\/div> <\/div> <div class=\"gem-gallery-item\"> <div class=\"gem-gallery-item-image\"> <a href=\"https:\/\/ambrogiointermodal.com\/wp-content\/uploads\/2025\/08\/Mechelen-B-2.jpg\" data-fancybox-group=\"gallery-69d28238aa895\" data-full-image-url=\"https:\/\/ambrogiointermodal.com\/wp-content\/uploads\/2025\/08\/Mechelen-B-2.jpg\"> <svg width=\"20\" height=\"10\"><path d=\"M 0,10 Q 9,9 10,0 Q 11,9 20,10\" \/><\/svg> <img src=\"https:\/\/ambrogiointermodal.com\/wp-content\/uploads\/2025\/08\/Mechelen-B-2-thegem-post-thumb-small.jpg\" alt=\"\" class=\"img-responsive\"> <span class=\"gem-gallery-caption slide-info\"> <\/span> <\/a> <span class=\"gem-gallery-line\"><\/span> <\/div> <\/div> <div class=\"gem-gallery-item\"> <div class=\"gem-gallery-item-image\"> <a href=\"https:\/\/ambrogiointermodal.com\/wp-content\/uploads\/2025\/08\/Mouguerre-F-2.jpg\" data-fancybox-group=\"gallery-69d28238aa895\" data-full-image-url=\"https:\/\/ambrogiointermodal.com\/wp-content\/uploads\/2025\/08\/Mouguerre-F-2.jpg\"> <svg width=\"20\" height=\"10\"><path d=\"M 0,10 Q 9,9 10,0 Q 11,9 20,10\" \/><\/svg> <img src=\"https:\/\/ambrogiointermodal.com\/wp-content\/uploads\/2025\/08\/Mouguerre-F-2-thegem-post-thumb-small.jpg\" alt=\"\" class=\"img-responsive\"> <span class=\"gem-gallery-caption slide-info\"> <\/span> <\/a> <span class=\"gem-gallery-line\"><\/span> <\/div> <\/div> <\/div>[\/vc_column][\/vc_row][\/vc_section][vc_section full_width=\u00bbstretch_row\u00bb css=\u00bb.vc_custom_1552389617134{margin-bottom: 0px !important;padding-bottom: 0px !important;background-color: #ffffff !important;}\u00bb][vc_row][vc_column width=\u00bb1\/3&#8243;][vc_column_text]<\/p>\n<h4 style=\"text-align: left;\"><img class=\"alignnone size-full wp-image-32504\" src=\"https:\/\/ambrogiointermodal.com\/wp-content\/uploads\/2019\/03\/top-riga.png\" alt=\"\" width=\"133\" height=\"12\" \/><\/h4>\n<h4 style=\"text-align: left;\">ALMACENES<\/h4>\n<p>[\/vc_column_text][vc_column_text css=\u00bb.vc_custom_1603718956042{margin-top: 20px !important;padding-bottom: 40px !important;}\u00bb]Le podemos ofrecer un amplio abanico de servicios log\u00edsticos gracias a nuestros almacenes seguros y estructurados, que se encuentran en cada una de las terminales.[\/vc_column_text][\/vc_column][vc_column width=\u00bb1\/3&#8243;][vc_single_image image=\u00bb33515&#8243; img_size=\u00bbfull\u00bb][vc_column_text css=\u00bb.vc_custom_1603718964317{margin-top: 15px !important;padding-bottom: 40px !important;}\u00bb]Un almac\u00e9n de 5.000 m\u00b2 en la terminal ferroviaria de Gallarate (Italia)[\/vc_column_text][\/vc_column][vc_column width=\u00bb1\/3&#8243;][vc_single_image image=\u00bb33519&#8243; img_size=\u00bbfull\u00bb][vc_column_text css=\u00bb.vc_custom_1603718974559{margin-top: 15px !important;padding-bottom: 40px !important;}\u00bb]Un almac\u00e9n de 10.000 m\u00b2 en la terminal ferroviaria\u00a0 de Candiolo (Italia), que tambi\u00e9n permite el almacenamiento de residuos industriales[\/vc_column_text][\/vc_column][\/vc_row][\/vc_section][vc_section full_width=\u00bbstretch_row\u00bb css=\u00bb.vc_custom_1552389868934{padding-top: 0px !important;padding-bottom: 0px !important;background-color: #ffffff !important;}\u00bb][vc_row][vc_column width=\u00bb1\/3&#8243;][vc_single_image image=\u00bb33523&#8243; img_size=\u00bbfull\u00bb][vc_column_text css=\u00bb.vc_custom_1603718982692{margin-top: 15px !important;padding-bottom: 40px !important;}\u00bb]Un almac\u00e9n de 2.000 m\u00b2 en la terminal ferroviaria de Mouguerre (Francia)[\/vc_column_text][\/vc_column][vc_column width=\u00bb1\/3&#8243;][vc_single_image image=\u00bb33530&#8243; img_size=\u00bbfull\u00bb][vc_column_text css=\u00bb.vc_custom_1603718989495{margin-top: 15px !important;padding-bottom: 40px !important;}\u00bb]Un almac\u00e9n de 1.000 m\u00b2 en la terminal ferroviaria de Mechelen (B\u00e9lgica)[\/vc_column_text][\/vc_column][vc_column width=\u00bb1\/3&#8243;][vc_single_image image=\u00bb33534&#8243; img_size=\u00bbfull\u00bb][vc_column_text css=\u00bb.vc_custom_1603718996119{margin-top: 15px !important;padding-bottom: 40px !important;}\u00bb]Un almac\u00e9n de 1.200 m\u00b2 en la terminal ferroviaria de Neuss (Alemania)[\/vc_column_text][\/vc_column][\/vc_row][\/vc_section][vc_section full_width=\u00bbstretch_row\u00bb css=\u00bb.vc_custom_1552385493907{margin-bottom: 0px !important;padding-top: 40px !important;padding-bottom: 40px !important;background-color: #494949 !important;}\u00bb el_class=\u00bbtxt-white\u00bb][vc_row][vc_column width=\u00bb2\/5&#8243;][vc_column_text css=\u00bb.vc_custom_1603719022831{padding-bottom: 20px !important;}\u00bb]<\/p>\n<h4 style=\"text-align: left;\"><span style=\"color: #000000;\"><img class=\"alignnone size-full wp-image-32504\" src=\"https:\/\/ambrogiointermodal.com\/wp-content\/uploads\/2019\/03\/top-riga.png\" alt=\"\" width=\"133\" height=\"12\" \/><\/span><\/h4>\n<h4 style=\"text-align: left;\"><span style=\"color: #ffffff;\"><span style=\"text-transform: uppercase;\">TALLER FERROVIARIO<br \/>\n<\/span>DE CANDIOLO<\/span><\/h4>\n<p>[\/vc_column_text]<div class=\"gem-list gem-list-type-arrow gem-list-color-4\" ><ul>\n<li>2 v\u00edas de 70 m con fosa<\/li>\n<li>Reparaci\u00f3n y revisi\u00f3n de vagones ferroviarios<\/li>\n<li>Ambrogio es una ECM (Entidad encargada del mantenimiento) certificada<\/li>\n<\/ul>\n<\/div>[\/vc_column][vc_column width=\u00bb3\/5&#8243;][vc_single_image image=\u00bb33558&#8243; img_size=\u00bbfull\u00bb][\/vc_column][\/vc_row][\/vc_section]<\/p>\n<\/div>","protected":false},"excerpt":{"rendered":"<p>[vc_row full_width=\u00bbstretch_row_content_no_spaces\u00bb content_placement=\u00bbtop\u00bb css=\u00bb.vc_custom_1557222430407{padding-top: 0px !important;background-image: url(https:\/\/ambrogiointermodal.com\/wp-content\/uploads\/2019\/03\/bg-mezzi-strutture.png?id=32997) !important;}\u00bb el_class=\u00bbcustom-container bg-custom\u00bb][vc_column css=\u00bb.vc_custom_1551718729257{padding-top: 0px !important;}\u00bb el_class=\u00bbcustom-width\u00bb][vc_custom_heading text=\u00bbEquipamiento Ambrogio\u00bb font_container=\u00bbtag:h2|text_align:center|color:%23ffffff\u00bb use_theme_fonts=\u00bbyes\u00bb css=\u00bb.vc_custom_1603718741554{margin-top: 120px&#8230;<\/p>\n","protected":false},"author":6,"featured_media":0,"parent":0,"menu_order":0,"comment_status":"closed","ping_status":"closed","template":"","meta":{"footnotes":""},"class_list":["post-41502","page","type-page","status-publish"],"yoast_head":"<!-- This site is optimized with the Yoast SEO plugin v25.8 - https:\/\/yoast.com\/wordpress\/plugins\/seo\/ -->\n<title>Equipamiento De Transporte Intermodal | Ambrogio Trasporti | Ambrogio Intermodal<\/title>\n<meta name=\"description\" content=\"Ambrogio utiliza veh\u00edculos y equipamiento de transporte intermodal de \u00faltima generaci\u00f3n para garantizar a sus clientes un servicio eficiente.\" \/>\n<meta name=\"robots\" content=\"index, follow, max-snippet:-1, max-image-preview:large, max-video-preview:-1\" \/>\n<link rel=\"canonical\" href=\"https:\/\/ambrogiointermodal.com\/es\/equipamiento-de-transporte-intermodal\/\" \/>\n<meta property=\"og:locale\" content=\"es_ES\" \/>\n<meta property=\"og:type\" content=\"article\" \/>\n<meta property=\"og:title\" content=\"Equipamiento De Transporte Intermodal | Ambrogio Trasporti | Ambrogio Intermodal\" \/>\n<meta property=\"og:description\" content=\"Ambrogio utiliza veh\u00edculos y equipamiento de transporte intermodal de \u00faltima generaci\u00f3n para garantizar a sus clientes un servicio eficiente.\" \/>\n<meta property=\"og:url\" content=\"https:\/\/ambrogiointermodal.com\/es\/equipamiento-de-transporte-intermodal\/\" \/>\n<meta property=\"og:site_name\" content=\"Ambrogio Trasporti\" \/>\n<meta property=\"article:modified_time\" content=\"2025-09-10T12:13:27+00:00\" \/>\n<meta property=\"og:image\" content=\"https:\/\/ambrogiointermodal.com\/wp-content\/uploads\/2019\/03\/top-riga.png\" \/>\n\t<meta property=\"og:image:width\" content=\"133\" \/>\n\t<meta property=\"og:image:height\" content=\"12\" \/>\n\t<meta property=\"og:image:type\" content=\"image\/png\" \/>\n<meta name=\"twitter:card\" content=\"summary_large_image\" \/>\n<meta name=\"twitter:label1\" content=\"Tiempo de lectura\" \/>\n\t<meta name=\"twitter:data1\" content=\"6 minutos\" \/>\n<script type=\"application\/ld+json\" class=\"yoast-schema-graph\">{\"@context\":\"https:\/\/schema.org\",\"@graph\":[{\"@type\":\"WebPage\",\"@id\":\"https:\/\/ambrogiointermodal.com\/es\/equipamiento-de-transporte-intermodal\/\",\"url\":\"https:\/\/ambrogiointermodal.com\/es\/equipamiento-de-transporte-intermodal\/\",\"name\":\"Equipamiento De Transporte Intermodal | Ambrogio Trasporti | Ambrogio Intermodal\",\"isPartOf\":{\"@id\":\"https:\/\/ambrogiointermodal.com\/#website\"},\"primaryImageOfPage\":{\"@id\":\"https:\/\/ambrogiointermodal.com\/es\/equipamiento-de-transporte-intermodal\/#primaryimage\"},\"image\":{\"@id\":\"https:\/\/ambrogiointermodal.com\/es\/equipamiento-de-transporte-intermodal\/#primaryimage\"},\"thumbnailUrl\":\"https:\/\/ambrogiointermodal.com\/wp-content\/uploads\/2019\/03\/top-riga.png\",\"datePublished\":\"2020-10-26T13:30:44+00:00\",\"dateModified\":\"2025-09-10T12:13:27+00:00\",\"description\":\"Ambrogio utiliza veh\u00edculos y equipamiento de transporte intermodal de \u00faltima generaci\u00f3n para garantizar a sus clientes un servicio eficiente.\",\"breadcrumb\":{\"@id\":\"https:\/\/ambrogiointermodal.com\/es\/equipamiento-de-transporte-intermodal\/#breadcrumb\"},\"inLanguage\":\"es\",\"potentialAction\":[{\"@type\":\"ReadAction\",\"target\":[\"https:\/\/ambrogiointermodal.com\/es\/equipamiento-de-transporte-intermodal\/\"]}]},{\"@type\":\"ImageObject\",\"inLanguage\":\"es\",\"@id\":\"https:\/\/ambrogiointermodal.com\/es\/equipamiento-de-transporte-intermodal\/#primaryimage\",\"url\":\"https:\/\/ambrogiointermodal.com\/wp-content\/uploads\/2019\/03\/top-riga.png\",\"contentUrl\":\"https:\/\/ambrogiointermodal.com\/wp-content\/uploads\/2019\/03\/top-riga.png\"},{\"@type\":\"BreadcrumbList\",\"@id\":\"https:\/\/ambrogiointermodal.com\/es\/equipamiento-de-transporte-intermodal\/#breadcrumb\",\"itemListElement\":[{\"@type\":\"ListItem\",\"position\":1,\"name\":\"Home\",\"item\":\"https:\/\/ambrogiointermodal.com\/es\/\"},{\"@type\":\"ListItem\",\"position\":2,\"name\":\"Equipamiento De Transporte Intermodal\"}]},{\"@type\":\"WebSite\",\"@id\":\"https:\/\/ambrogiointermodal.com\/#website\",\"url\":\"https:\/\/ambrogiointermodal.com\/\",\"name\":\"Ambrogio Trasporti\",\"description\":\"INTERMODALE PER DEFINIZIONE\",\"publisher\":{\"@id\":\"https:\/\/ambrogiointermodal.com\/#organization\"},\"potentialAction\":[{\"@type\":\"SearchAction\",\"target\":{\"@type\":\"EntryPoint\",\"urlTemplate\":\"https:\/\/ambrogiointermodal.com\/?s={search_term_string}\"},\"query-input\":{\"@type\":\"PropertyValueSpecification\",\"valueRequired\":true,\"valueName\":\"search_term_string\"}}],\"inLanguage\":\"es\"},{\"@type\":\"Organization\",\"@id\":\"https:\/\/ambrogiointermodal.com\/#organization\",\"name\":\"Ambrogio Intermodal\",\"url\":\"https:\/\/ambrogiointermodal.com\/\",\"logo\":{\"@type\":\"ImageObject\",\"inLanguage\":\"es\",\"@id\":\"https:\/\/ambrogiointermodal.com\/#\/schema\/logo\/image\/\",\"url\":\"https:\/\/ambrogiointermodal.com\/wp-content\/uploads\/2019\/03\/logo-footer.png\",\"contentUrl\":\"https:\/\/ambrogiointermodal.com\/wp-content\/uploads\/2019\/03\/logo-footer.png\",\"width\":156,\"height\":31,\"caption\":\"Ambrogio Intermodal\"},\"image\":{\"@id\":\"https:\/\/ambrogiointermodal.com\/#\/schema\/logo\/image\/\"}}]}<\/script>\n<!-- \/ Yoast SEO plugin. -->","yoast_head_json":{"title":"Equipamiento De Transporte Intermodal | Ambrogio Trasporti | Ambrogio Intermodal","description":"Ambrogio utiliza veh\u00edculos y equipamiento de transporte intermodal de \u00faltima generaci\u00f3n para garantizar a sus clientes un servicio eficiente.","robots":{"index":"index","follow":"follow","max-snippet":"max-snippet:-1","max-image-preview":"max-image-preview:large","max-video-preview":"max-video-preview:-1"},"canonical":"https:\/\/ambrogiointermodal.com\/es\/equipamiento-de-transporte-intermodal\/","og_locale":"es_ES","og_type":"article","og_title":"Equipamiento De Transporte Intermodal | Ambrogio Trasporti | Ambrogio Intermodal","og_description":"Ambrogio utiliza veh\u00edculos y equipamiento de transporte intermodal de \u00faltima generaci\u00f3n para garantizar a sus clientes un servicio eficiente.","og_url":"https:\/\/ambrogiointermodal.com\/es\/equipamiento-de-transporte-intermodal\/","og_site_name":"Ambrogio Trasporti","article_modified_time":"2025-09-10T12:13:27+00:00","og_image":[{"width":133,"height":12,"url":"https:\/\/ambrogiointermodal.com\/wp-content\/uploads\/2019\/03\/top-riga.png","type":"image\/png"}],"twitter_card":"summary_large_image","twitter_misc":{"Tiempo de lectura":"6 minutos"},"schema":{"@context":"https:\/\/schema.org","@graph":[{"@type":"WebPage","@id":"https:\/\/ambrogiointermodal.com\/es\/equipamiento-de-transporte-intermodal\/","url":"https:\/\/ambrogiointermodal.com\/es\/equipamiento-de-transporte-intermodal\/","name":"Equipamiento De Transporte Intermodal | Ambrogio Trasporti | Ambrogio Intermodal","isPartOf":{"@id":"https:\/\/ambrogiointermodal.com\/#website"},"primaryImageOfPage":{"@id":"https:\/\/ambrogiointermodal.com\/es\/equipamiento-de-transporte-intermodal\/#primaryimage"},"image":{"@id":"https:\/\/ambrogiointermodal.com\/es\/equipamiento-de-transporte-intermodal\/#primaryimage"},"thumbnailUrl":"https:\/\/ambrogiointermodal.com\/wp-content\/uploads\/2019\/03\/top-riga.png","datePublished":"2020-10-26T13:30:44+00:00","dateModified":"2025-09-10T12:13:27+00:00","description":"Ambrogio utiliza veh\u00edculos y equipamiento de transporte intermodal de \u00faltima generaci\u00f3n para garantizar a sus clientes un servicio eficiente.","breadcrumb":{"@id":"https:\/\/ambrogiointermodal.com\/es\/equipamiento-de-transporte-intermodal\/#breadcrumb"},"inLanguage":"es","potentialAction":[{"@type":"ReadAction","target":["https:\/\/ambrogiointermodal.com\/es\/equipamiento-de-transporte-intermodal\/"]}]},{"@type":"ImageObject","inLanguage":"es","@id":"https:\/\/ambrogiointermodal.com\/es\/equipamiento-de-transporte-intermodal\/#primaryimage","url":"https:\/\/ambrogiointermodal.com\/wp-content\/uploads\/2019\/03\/top-riga.png","contentUrl":"https:\/\/ambrogiointermodal.com\/wp-content\/uploads\/2019\/03\/top-riga.png"},{"@type":"BreadcrumbList","@id":"https:\/\/ambrogiointermodal.com\/es\/equipamiento-de-transporte-intermodal\/#breadcrumb","itemListElement":[{"@type":"ListItem","position":1,"name":"Home","item":"https:\/\/ambrogiointermodal.com\/es\/"},{"@type":"ListItem","position":2,"name":"Equipamiento De Transporte Intermodal"}]},{"@type":"WebSite","@id":"https:\/\/ambrogiointermodal.com\/#website","url":"https:\/\/ambrogiointermodal.com\/","name":"Ambrogio Trasporti","description":"INTERMODALE PER DEFINIZIONE","publisher":{"@id":"https:\/\/ambrogiointermodal.com\/#organization"},"potentialAction":[{"@type":"SearchAction","target":{"@type":"EntryPoint","urlTemplate":"https:\/\/ambrogiointermodal.com\/?s={search_term_string}"},"query-input":{"@type":"PropertyValueSpecification","valueRequired":true,"valueName":"search_term_string"}}],"inLanguage":"es"},{"@type":"Organization","@id":"https:\/\/ambrogiointermodal.com\/#organization","name":"Ambrogio Intermodal","url":"https:\/\/ambrogiointermodal.com\/","logo":{"@type":"ImageObject","inLanguage":"es","@id":"https:\/\/ambrogiointermodal.com\/#\/schema\/logo\/image\/","url":"https:\/\/ambrogiointermodal.com\/wp-content\/uploads\/2019\/03\/logo-footer.png","contentUrl":"https:\/\/ambrogiointermodal.com\/wp-content\/uploads\/2019\/03\/logo-footer.png","width":156,"height":31,"caption":"Ambrogio Intermodal"},"image":{"@id":"https:\/\/ambrogiointermodal.com\/#\/schema\/logo\/image\/"}}]}},"_links":{"self":[{"href":"https:\/\/ambrogiointermodal.com\/es\/wp-json\/wp\/v2\/pages\/41502","targetHints":{"allow":["GET"]}}],"collection":[{"href":"https:\/\/ambrogiointermodal.com\/es\/wp-json\/wp\/v2\/pages"}],"about":[{"href":"https:\/\/ambrogiointermodal.com\/es\/wp-json\/wp\/v2\/types\/page"}],"author":[{"embeddable":true,"href":"https:\/\/ambrogiointermodal.com\/es\/wp-json\/wp\/v2\/users\/6"}],"replies":[{"embeddable":true,"href":"https:\/\/ambrogiointermodal.com\/es\/wp-json\/wp\/v2\/comments?post=41502"}],"version-history":[{"count":12,"href":"https:\/\/ambrogiointermodal.com\/es\/wp-json\/wp\/v2\/pages\/41502\/revisions"}],"predecessor-version":[{"id":66309,"href":"https:\/\/ambrogiointermodal.com\/es\/wp-json\/wp\/v2\/pages\/41502\/revisions\/66309"}],"wp:attachment":[{"href":"https:\/\/ambrogiointermodal.com\/es\/wp-json\/wp\/v2\/media?parent=41502"}],"curies":[{"name":"wp","href":"https:\/\/api.w.org\/{rel}","templated":true}]}}