{"id":41492,"date":"2020-10-26T14:16:45","date_gmt":"2020-10-26T13:16:45","guid":{"rendered":"https:\/\/ambrogiointermodal.com\/?page_id=41492"},"modified":"2025-08-12T12:11:31","modified_gmt":"2025-08-12T10:11:31","slug":"empleo","status":"publish","type":"page","link":"https:\/\/ambrogiointermodal.com\/es\/empleo\/","title":{"rendered":"EMPLEO"},"content":{"rendered":"<div class=\"wpb-content-wrapper\"><p>[vc_row full_width=\u00bbstretch_row_content_no_spaces\u00bb content_placement=\u00bbtop\u00bb css=\u00bb.vc_custom_1552036951744{padding-top: 0px !important;background-color: #f2f2f2 !important;}\u00bb el_class=\u00bbcustom-container bg-custom\u00bb][vc_column css=\u00bb.vc_custom_1551718729257{padding-top: 0px !important;}\u00bb el_class=\u00bbcustom-width\u00bb][vc_custom_heading text=\u00bbTRABAJE CON NOSOTROS\u00bb font_container=\u00bbtag:h2|text_align:center\u00bb use_theme_fonts=\u00bbyes\u00bb css_animation=\u00bbbounceInDown\u00bb el_class=\u00bbtitolo-home\u00bb][\/vc_column][\/vc_row][vc_section css=\u00bb.vc_custom_1751793023080{padding-top: 50px !important;padding-bottom: 50px !important;}\u00bb][vc_row][vc_column][vc_column_text css=\u00bb\u00bb]Formar parte de Ambrogio significa elegir una empresa que pone a las personas en el centro. Por eso, proteger el <strong>valor del capital humano<\/strong> y <strong>potenciar las competencias<\/strong> de nuestros colaboradores son dos pilares fundamentales de nuestra filosof\u00eda empresarial. Estamos convencidos de que invertir constantemente en formaci\u00f3n, desarrollo personal y bienestar profesional no solo incrementa el valor individual, sino tambi\u00e9n el valor colectivo de toda la organizaci\u00f3n.<\/p>\n<p>Nos comprometemos cada d\u00eda a promover un entorno de trabajo <strong>inclusivo y respetuoso<\/strong>, donde cada persona tenga la oportunidad de crecer y desarrollar plenamente su potencial.<\/p>\n<p>Nuestro compromiso con la diversidad y la inclusi\u00f3n no es solo un valor abstracto: nuestra empresa adopta un <a href=\"https:\/\/ambrogiointermodal.com\/wp-content\/uploads\/2021\/02\/Ambrogio-Intermodal-Codice-Etico.pdf\" target=\"_blank\" rel=\"noopener\"><strong>C\u00f3digo \u00c9tico<\/strong><\/a> y una <a href=\"https:\/\/ambrogiointermodal.com\/wp-content\/uploads\/2025\/07\/Politica-diversita-inclusione-e-pari-opportunita-Ambrogio-Trasporti.pdf\" target=\"_blank\" rel=\"noopener\"><strong>Pol\u00edtica empresarial de diversidad, inclusi\u00f3n e igualdad de oportunidades<\/strong><\/a> que garantizan un trato equitativo para todos.<\/p>\n<p>En 2024, adem\u00e1s, nuestra empresa obtuvo la <a href=\"https:\/\/ambrogiointermodal.com\/wp-content\/uploads\/2025\/01\/Certificato-PdR-125.pdf\" target=\"_blank\" rel=\"noopener\"><strong>certificaci\u00f3n UNI\/PdR 125:2022<\/strong><\/a> sobre Igualdad de G\u00e9nero.<\/p>\n<p>Descubre nuestras vacantes abiertas, \u00a1\u00fanete a nosotros y empieza tu carrera en Ambrogio Intermodal![\/vc_column_text][\/vc_column][\/vc_row][\/vc_section][vc_section full_width=\u00bbstretch_row\u00bb css=\u00bb.vc_custom_1557223698170{padding-top: 100px !important;padding-bottom: 100px !important;background-image: url(https:\/\/ambrogiointermodal.com\/wp-content\/uploads\/2019\/03\/bg-lavora-con-noi.gif?id=32752) !important;background-position: center !important;background-repeat: no-repeat !important;background-size: cover !important;}\u00bb][vc_row][vc_column width=\u00bb1\/2&#8243;][vc_column_text css=\u00bb.vc_custom_1603718024410{padding-bottom: 20px !important;}\u00bb]<\/p>\n<h4 style=\"text-align: left;\"><img class=\"alignnone size-full wp-image-32504\" src=\"https:\/\/ambrogiointermodal.com\/wp-content\/uploads\/2019\/03\/top-riga.png\" alt=\"\" width=\"133\" height=\"12\" \/><\/h4>\n<h4 style=\"text-align: left;\"><span style=\"color: #ffffff;\">VACANTES<\/span><\/h4>\n<p>[\/vc_column_text][vc_column_text css=\u00bb.vc_custom_1603718008371{margin-bottom: 30px !important;}\u00bb]<\/p>\n<p style=\"text-align: left; font-size: 18px; color: white;\">Ambrogio Intermodal ofrece diversas oportunidades profesionales en un entorno de trabajo estimulante e internacional.<\/p>\n<p style=\"text-align: left; font-size: 18px; color: white;\">Las personas son el recurso m\u00e1s importante en Ambrogio y son esenciales en nuestra visi\u00f3n empresarial. En este apartado encontrar\u00e1 todas las oportunidades de empleo y vacantes en las distintas \u00e1reas de nuestro grupo:<\/p>\n<p>[\/vc_column_text]<style type=\"text\/css\">.thegem-button-69e48e28e180c6646 .gem-button svg {fill: #414141;}.thegem-button-69e48e28e180c6646 .gem-button:hover svg {fill: #414141;}<\/style><div class=\"gem-button-container gem-button-position-inline thegem-button-69e48e28e180c6646    \"  ><a title=\"LAVORA CON NOI \u2013 CANDIDATURA\" class=\"gem-button gem-button-size-small gem-button-style-flat gem-button-text-weight-normal\" data-ll-effect=\"drop-right-without-wrap\" style=\"border-radius: 3px;background-color: #f9cf00;color: #414141;\" onmouseleave=\"this.style.backgroundColor='#f9cf00';this.style.color='#414141';\" onmouseenter=\"this.style.backgroundColor='#ffffff';this.style.color='#414141';\" href=\"https:\/\/ambrogiointermodal.com\/es\/trabaje-con-nosotros-oportunidades-de-empleo\/\" target=\"_self\">Saber m\u00e1s<\/a><\/div> [\/vc_column][vc_column width=\u00bb1\/2&#8243;][vc_column_text css=\u00bb.vc_custom_1603718098960{padding-bottom: 20px !important;}\u00bb]<\/p>\n<h4 style=\"text-align: left;\"><img class=\"alignnone size-full wp-image-32504\" src=\"https:\/\/ambrogiointermodal.com\/wp-content\/uploads\/2019\/03\/top-riga.png\" alt=\"\" width=\"133\" height=\"12\" \/><\/h4>\n<h4 style=\"text-align: left;\"><span style=\"color: #ffffff;\">\u00bfES VD. UNA EMPRESA DE TRANSPORTES<br \/>\nQUE DESEA COLABORAR CON NOSOTROS?<\/span><\/h4>\n<p>[\/vc_column_text][vc_column_text css=\u00bb.vc_custom_1603718135452{margin-bottom: 30px !important;}\u00bb]<\/p>\n<p style=\"color: #ffffff; text-align: left; font-size: 18px;\">Ambrogio colabora en toda Europa con una fiel red de transportistas, a quienes confiamos las partes de carretera de nuestro tr\u00e1fico.<\/p>\n<p style=\"color: #ffffff; text-align: left; font-size: 18px;\">No dude en ponerse en contacto con nosotros si es una empresa de transportes y le interesa asociarse con nosotros.<\/p>\n<p>[\/vc_column_text]<style type=\"text\/css\">.thegem-button-69e48e28e188d8554 .gem-button svg {fill: #414141;}.thegem-button-69e48e28e188d8554 .gem-button:hover svg {fill: #414141;}<\/style><div class=\"gem-button-container gem-button-position-inline thegem-button-69e48e28e188d8554    \"  ><a title=\"LAVORA CON NOI \u2013 AUTO TRASPORTATORI\" class=\"gem-button gem-button-size-small gem-button-style-flat gem-button-text-weight-normal\" data-ll-effect=\"drop-right-without-wrap\" style=\"border-radius: 3px;background-color: #f9cf00;color: #414141;\" onmouseleave=\"this.style.backgroundColor='#f9cf00';this.style.color='#414141';\" onmouseenter=\"this.style.backgroundColor='#ffffff';this.style.color='#414141';\" href=\"https:\/\/ambrogiointermodal.com\/es\/trabaje-con-nosotros-socios-transportistas\/\" target=\"_self\">Cont\u00e1ctenos<\/a><\/div> [\/vc_column][\/vc_row][\/vc_section]<\/p>\n<\/div>","protected":false},"excerpt":{"rendered":"<p>[vc_row full_width=\u00bbstretch_row_content_no_spaces\u00bb content_placement=\u00bbtop\u00bb css=\u00bb.vc_custom_1552036951744{padding-top: 0px !important;background-color: #f2f2f2 !important;}\u00bb el_class=\u00bbcustom-container bg-custom\u00bb][vc_column css=\u00bb.vc_custom_1551718729257{padding-top: 0px !important;}\u00bb el_class=\u00bbcustom-width\u00bb][vc_custom_heading text=\u00bbTRABAJE CON NOSOTROS\u00bb font_container=\u00bbtag:h2|text_align:center\u00bb use_theme_fonts=\u00bbyes\u00bb css_animation=\u00bbbounceInDown\u00bb&#8230;<\/p>\n","protected":false},"author":6,"featured_media":0,"parent":0,"menu_order":0,"comment_status":"closed","ping_status":"closed","template":"","meta":{"footnotes":""},"class_list":["post-41492","page","type-page","status-publish"],"yoast_head":"<!-- This site is optimized with the Yoast SEO plugin v27.4 - https:\/\/yoast.com\/product\/yoast-seo-wordpress\/ -->\n<title>Empleo | Ambrogio Trasporti | Ambrogio Intermodal<\/title>\n<meta name=\"description\" content=\"Ambrogio Intermodal ofrece diversas oportunidades profesionales en un entorno de trabajo estimulante e internacional.\" \/>\n<meta name=\"robots\" content=\"index, follow, max-snippet:-1, max-image-preview:large, max-video-preview:-1\" \/>\n<link rel=\"canonical\" href=\"https:\/\/ambrogiointermodal.com\/es\/empleo\/\" \/>\n<meta property=\"og:locale\" content=\"es_ES\" \/>\n<meta property=\"og:type\" content=\"article\" \/>\n<meta property=\"og:title\" content=\"Empleo | Ambrogio Trasporti | Ambrogio Intermodal\" \/>\n<meta property=\"og:description\" content=\"Ambrogio Intermodal ofrece diversas oportunidades profesionales en un entorno de trabajo estimulante e internacional.\" \/>\n<meta property=\"og:url\" content=\"https:\/\/ambrogiointermodal.com\/es\/empleo\/\" \/>\n<meta property=\"og:site_name\" content=\"Ambrogio Trasporti\" \/>\n<meta property=\"article:modified_time\" content=\"2025-08-12T10:11:31+00:00\" \/>\n<meta property=\"og:image\" content=\"https:\/\/ambrogiointermodal.com\/wp-content\/uploads\/2019\/03\/top-riga.png\" \/>\n\t<meta property=\"og:image:width\" content=\"133\" \/>\n\t<meta property=\"og:image:height\" content=\"12\" \/>\n\t<meta property=\"og:image:type\" content=\"image\/png\" \/>\n<meta name=\"twitter:card\" content=\"summary_large_image\" \/>\n<meta name=\"twitter:label1\" content=\"Tiempo de lectura\" \/>\n\t<meta name=\"twitter:data1\" content=\"3 minutos\" \/>\n<script type=\"application\/ld+json\" class=\"yoast-schema-graph\">{\"@context\":\"https:\\\/\\\/schema.org\",\"@graph\":[{\"@type\":\"WebPage\",\"@id\":\"https:\\\/\\\/ambrogiointermodal.com\\\/es\\\/empleo\\\/\",\"url\":\"https:\\\/\\\/ambrogiointermodal.com\\\/es\\\/empleo\\\/\",\"name\":\"Empleo | Ambrogio Trasporti | Ambrogio Intermodal\",\"isPartOf\":{\"@id\":\"https:\\\/\\\/ambrogiointermodal.com\\\/#website\"},\"primaryImageOfPage\":{\"@id\":\"https:\\\/\\\/ambrogiointermodal.com\\\/es\\\/empleo\\\/#primaryimage\"},\"image\":{\"@id\":\"https:\\\/\\\/ambrogiointermodal.com\\\/es\\\/empleo\\\/#primaryimage\"},\"thumbnailUrl\":\"https:\\\/\\\/ambrogiointermodal.com\\\/wp-content\\\/uploads\\\/2019\\\/03\\\/top-riga.png\",\"datePublished\":\"2020-10-26T13:16:45+00:00\",\"dateModified\":\"2025-08-12T10:11:31+00:00\",\"description\":\"Ambrogio Intermodal ofrece diversas oportunidades profesionales en un entorno de trabajo estimulante e internacional.\",\"breadcrumb\":{\"@id\":\"https:\\\/\\\/ambrogiointermodal.com\\\/es\\\/empleo\\\/#breadcrumb\"},\"inLanguage\":\"es\",\"potentialAction\":[{\"@type\":\"ReadAction\",\"target\":[\"https:\\\/\\\/ambrogiointermodal.com\\\/es\\\/empleo\\\/\"]}]},{\"@type\":\"ImageObject\",\"inLanguage\":\"es\",\"@id\":\"https:\\\/\\\/ambrogiointermodal.com\\\/es\\\/empleo\\\/#primaryimage\",\"url\":\"https:\\\/\\\/ambrogiointermodal.com\\\/wp-content\\\/uploads\\\/2019\\\/03\\\/top-riga.png\",\"contentUrl\":\"https:\\\/\\\/ambrogiointermodal.com\\\/wp-content\\\/uploads\\\/2019\\\/03\\\/top-riga.png\"},{\"@type\":\"BreadcrumbList\",\"@id\":\"https:\\\/\\\/ambrogiointermodal.com\\\/es\\\/empleo\\\/#breadcrumb\",\"itemListElement\":[{\"@type\":\"ListItem\",\"position\":1,\"name\":\"Home\",\"item\":\"https:\\\/\\\/ambrogiointermodal.com\\\/es\\\/\"},{\"@type\":\"ListItem\",\"position\":2,\"name\":\"EMPLEO\"}]},{\"@type\":\"WebSite\",\"@id\":\"https:\\\/\\\/ambrogiointermodal.com\\\/#website\",\"url\":\"https:\\\/\\\/ambrogiointermodal.com\\\/\",\"name\":\"Ambrogio Trasporti\",\"description\":\"INTERMODALE PER DEFINIZIONE\",\"publisher\":{\"@id\":\"https:\\\/\\\/ambrogiointermodal.com\\\/#organization\"},\"potentialAction\":[{\"@type\":\"SearchAction\",\"target\":{\"@type\":\"EntryPoint\",\"urlTemplate\":\"https:\\\/\\\/ambrogiointermodal.com\\\/?s={search_term_string}\"},\"query-input\":{\"@type\":\"PropertyValueSpecification\",\"valueRequired\":true,\"valueName\":\"search_term_string\"}}],\"inLanguage\":\"es\"},{\"@type\":\"Organization\",\"@id\":\"https:\\\/\\\/ambrogiointermodal.com\\\/#organization\",\"name\":\"Ambrogio Intermodal\",\"url\":\"https:\\\/\\\/ambrogiointermodal.com\\\/\",\"logo\":{\"@type\":\"ImageObject\",\"inLanguage\":\"es\",\"@id\":\"https:\\\/\\\/ambrogiointermodal.com\\\/#\\\/schema\\\/logo\\\/image\\\/\",\"url\":\"https:\\\/\\\/ambrogiointermodal.com\\\/wp-content\\\/uploads\\\/2019\\\/03\\\/logo-footer.png\",\"contentUrl\":\"https:\\\/\\\/ambrogiointermodal.com\\\/wp-content\\\/uploads\\\/2019\\\/03\\\/logo-footer.png\",\"width\":156,\"height\":31,\"caption\":\"Ambrogio Intermodal\"},\"image\":{\"@id\":\"https:\\\/\\\/ambrogiointermodal.com\\\/#\\\/schema\\\/logo\\\/image\\\/\"}}]}<\/script>\n<!-- \/ Yoast SEO plugin. -->","yoast_head_json":{"title":"Empleo | Ambrogio Trasporti | Ambrogio Intermodal","description":"Ambrogio Intermodal ofrece diversas oportunidades profesionales en un entorno de trabajo estimulante e internacional.","robots":{"index":"index","follow":"follow","max-snippet":"max-snippet:-1","max-image-preview":"max-image-preview:large","max-video-preview":"max-video-preview:-1"},"canonical":"https:\/\/ambrogiointermodal.com\/es\/empleo\/","og_locale":"es_ES","og_type":"article","og_title":"Empleo | Ambrogio Trasporti | Ambrogio Intermodal","og_description":"Ambrogio Intermodal ofrece diversas oportunidades profesionales en un entorno de trabajo estimulante e internacional.","og_url":"https:\/\/ambrogiointermodal.com\/es\/empleo\/","og_site_name":"Ambrogio Trasporti","article_modified_time":"2025-08-12T10:11:31+00:00","og_image":[{"width":133,"height":12,"url":"https:\/\/ambrogiointermodal.com\/wp-content\/uploads\/2019\/03\/top-riga.png","type":"image\/png"}],"twitter_card":"summary_large_image","twitter_misc":{"Tiempo de lectura":"3 minutos"},"schema":{"@context":"https:\/\/schema.org","@graph":[{"@type":"WebPage","@id":"https:\/\/ambrogiointermodal.com\/es\/empleo\/","url":"https:\/\/ambrogiointermodal.com\/es\/empleo\/","name":"Empleo | Ambrogio Trasporti | Ambrogio Intermodal","isPartOf":{"@id":"https:\/\/ambrogiointermodal.com\/#website"},"primaryImageOfPage":{"@id":"https:\/\/ambrogiointermodal.com\/es\/empleo\/#primaryimage"},"image":{"@id":"https:\/\/ambrogiointermodal.com\/es\/empleo\/#primaryimage"},"thumbnailUrl":"https:\/\/ambrogiointermodal.com\/wp-content\/uploads\/2019\/03\/top-riga.png","datePublished":"2020-10-26T13:16:45+00:00","dateModified":"2025-08-12T10:11:31+00:00","description":"Ambrogio Intermodal ofrece diversas oportunidades profesionales en un entorno de trabajo estimulante e internacional.","breadcrumb":{"@id":"https:\/\/ambrogiointermodal.com\/es\/empleo\/#breadcrumb"},"inLanguage":"es","potentialAction":[{"@type":"ReadAction","target":["https:\/\/ambrogiointermodal.com\/es\/empleo\/"]}]},{"@type":"ImageObject","inLanguage":"es","@id":"https:\/\/ambrogiointermodal.com\/es\/empleo\/#primaryimage","url":"https:\/\/ambrogiointermodal.com\/wp-content\/uploads\/2019\/03\/top-riga.png","contentUrl":"https:\/\/ambrogiointermodal.com\/wp-content\/uploads\/2019\/03\/top-riga.png"},{"@type":"BreadcrumbList","@id":"https:\/\/ambrogiointermodal.com\/es\/empleo\/#breadcrumb","itemListElement":[{"@type":"ListItem","position":1,"name":"Home","item":"https:\/\/ambrogiointermodal.com\/es\/"},{"@type":"ListItem","position":2,"name":"EMPLEO"}]},{"@type":"WebSite","@id":"https:\/\/ambrogiointermodal.com\/#website","url":"https:\/\/ambrogiointermodal.com\/","name":"Ambrogio Trasporti","description":"INTERMODALE PER DEFINIZIONE","publisher":{"@id":"https:\/\/ambrogiointermodal.com\/#organization"},"potentialAction":[{"@type":"SearchAction","target":{"@type":"EntryPoint","urlTemplate":"https:\/\/ambrogiointermodal.com\/?s={search_term_string}"},"query-input":{"@type":"PropertyValueSpecification","valueRequired":true,"valueName":"search_term_string"}}],"inLanguage":"es"},{"@type":"Organization","@id":"https:\/\/ambrogiointermodal.com\/#organization","name":"Ambrogio Intermodal","url":"https:\/\/ambrogiointermodal.com\/","logo":{"@type":"ImageObject","inLanguage":"es","@id":"https:\/\/ambrogiointermodal.com\/#\/schema\/logo\/image\/","url":"https:\/\/ambrogiointermodal.com\/wp-content\/uploads\/2019\/03\/logo-footer.png","contentUrl":"https:\/\/ambrogiointermodal.com\/wp-content\/uploads\/2019\/03\/logo-footer.png","width":156,"height":31,"caption":"Ambrogio Intermodal"},"image":{"@id":"https:\/\/ambrogiointermodal.com\/#\/schema\/logo\/image\/"}}]}},"_links":{"self":[{"href":"https:\/\/ambrogiointermodal.com\/es\/wp-json\/wp\/v2\/pages\/41492","targetHints":{"allow":["GET"]}}],"collection":[{"href":"https:\/\/ambrogiointermodal.com\/es\/wp-json\/wp\/v2\/pages"}],"about":[{"href":"https:\/\/ambrogiointermodal.com\/es\/wp-json\/wp\/v2\/types\/page"}],"author":[{"embeddable":true,"href":"https:\/\/ambrogiointermodal.com\/es\/wp-json\/wp\/v2\/users\/6"}],"replies":[{"embeddable":true,"href":"https:\/\/ambrogiointermodal.com\/es\/wp-json\/wp\/v2\/comments?post=41492"}],"version-history":[{"count":9,"href":"https:\/\/ambrogiointermodal.com\/es\/wp-json\/wp\/v2\/pages\/41492\/revisions"}],"predecessor-version":[{"id":65723,"href":"https:\/\/ambrogiointermodal.com\/es\/wp-json\/wp\/v2\/pages\/41492\/revisions\/65723"}],"wp:attachment":[{"href":"https:\/\/ambrogiointermodal.com\/es\/wp-json\/wp\/v2\/media?parent=41492"}],"curies":[{"name":"wp","href":"https:\/\/api.w.org\/{rel}","templated":true}]}}