{"id":41478,"date":"2020-10-26T14:04:07","date_gmt":"2020-10-26T13:04:07","guid":{"rendered":"https:\/\/ambrogiointermodal.com\/?page_id=41478"},"modified":"2025-08-12T11:16:48","modified_gmt":"2025-08-12T09:16:48","slug":"galeria","status":"publish","type":"page","link":"https:\/\/ambrogiointermodal.com\/es\/galeria\/","title":{"rendered":"Galer\u00eda"},"content":{"rendered":"<div class=\"wpb-content-wrapper\"><p>[vc_row full_width=\u00bbstretch_row_content_no_spaces\u00bb content_placement=\u00bbtop\u00bb css=\u00bb.vc_custom_1557222564300{padding-top: 0px !important;background-image: url(https:\/\/ambrogiointermodal.com\/wp-content\/uploads\/2019\/04\/gallery.png?id=33316) !important;}\u00bb el_class=\u00bbcustom-container bg-custom\u00bb][vc_column css=\u00bb.vc_custom_1551718729257{padding-top: 0px !important;}\u00bb el_class=\u00bbcustom-width\u00bb][vc_custom_heading text=\u00bbGALER\u00cdA\u00bb font_container=\u00bbtag:h2|text_align:center|color:%23ffffff\u00bb use_theme_fonts=\u00bbyes\u00bb css_animation=\u00bbbounceInDown\u00bb css=\u00bb.vc_custom_1603717418981{margin-top: 120px !important;margin-bottom: 190px !important;}\u00bb][\/vc_column][\/vc_row][vc_section full_width=\u00bbstretch_row\u00bb css=\u00bb.vc_custom_1555511707887{padding-bottom: 60px !important;background-color: #f2f2f2 !important;}\u00bb][vc_row][vc_column width=\u00bb1\/2&#8243;][vc_single_image image=\u00bb33907&#8243; img_size=\u00bbfull\u00bb alignment=\u00bbcenter\u00bb onclick=\u00bbcustom_link\u00bb css_animation=\u00bbfadeIn\u00bb link=\u00bbhttps:\/\/ambrogiointermodal.com\/es\/galeria-fotos\/\u00bb][vc_column_text css=\u00bb.vc_custom_1603811465241{margin-top: 20px !important;margin-bottom: 20px !important;}\u00bb]<\/p>\n<h4><span style=\"color: #414141;\"><a style=\"color: #414141;\" href=\"https:\/\/ambrogiointermodal.com\/es\/galeria-fotos\/\">FOTOS<\/a><\/span><\/h4>\n<p>[\/vc_column_text][\/vc_column][vc_column width=\u00bb1\/2&#8243;][vc_single_image image=\u00bb33913&#8243; img_size=\u00bbfull\u00bb alignment=\u00bbcenter\u00bb onclick=\u00bbcustom_link\u00bb css_animation=\u00bbfadeIn\u00bb link=\u00bbhttps:\/\/ambrogiointermodal.com\/es\/galeria-videos\/\u00bb][vc_column_text css=\u00bb.vc_custom_1603811483360{margin-top: 20px !important;}\u00bb]<\/p>\n<h4><span style=\"color: #414141;\"><a style=\"color: #414141;\" href=\"https:\/\/ambrogiointermodal.com\/es\/galeria-videos\/\">V\u00cdDEOS<\/a><\/span><\/h4>\n<p>[\/vc_column_text][\/vc_column][\/vc_row][\/vc_section]<\/p>\n<\/div>","protected":false},"excerpt":{"rendered":"<p>[vc_row full_width=\u00bbstretch_row_content_no_spaces\u00bb content_placement=\u00bbtop\u00bb css=\u00bb.vc_custom_1557222564300{padding-top: 0px !important;background-image: url(https:\/\/ambrogiointermodal.com\/wp-content\/uploads\/2019\/04\/gallery.png?id=33316) !important;}\u00bb el_class=\u00bbcustom-container bg-custom\u00bb][vc_column css=\u00bb.vc_custom_1551718729257{padding-top: 0px !important;}\u00bb el_class=\u00bbcustom-width\u00bb][vc_custom_heading text=\u00bbGALER\u00cdA\u00bb font_container=\u00bbtag:h2|text_align:center|color:%23ffffff\u00bb use_theme_fonts=\u00bbyes\u00bb css_animation=\u00bbbounceInDown\u00bb css=\u00bb.vc_custom_1603717418981{margin-top: 120px&#8230;<\/p>\n","protected":false},"author":6,"featured_media":0,"parent":0,"menu_order":0,"comment_status":"closed","ping_status":"closed","template":"","meta":{"footnotes":""},"class_list":["post-41478","page","type-page","status-publish"],"yoast_head":"<!-- This site is optimized with the Yoast SEO plugin v27.4 - https:\/\/yoast.com\/product\/yoast-seo-wordpress\/ -->\n<title>Galer\u00eda | Ambrogio Trasporti | Ambrogio Intermodal<\/title>\n<meta name=\"description\" content=\"Descubra una galer\u00eda de fotos y v\u00eddeos de nuestro servicio de transporte intermodal: eficiencia, innovaci\u00f3n y log\u00edstica sostenible en acci\u00f3n.\" \/>\n<meta name=\"robots\" content=\"index, follow, max-snippet:-1, max-image-preview:large, max-video-preview:-1\" \/>\n<link rel=\"canonical\" href=\"https:\/\/ambrogiointermodal.com\/es\/galeria\/\" \/>\n<meta property=\"og:locale\" content=\"es_ES\" \/>\n<meta property=\"og:type\" content=\"article\" \/>\n<meta property=\"og:title\" content=\"Galer\u00eda | Ambrogio Trasporti | Ambrogio Intermodal\" \/>\n<meta property=\"og:description\" content=\"Descubra una galer\u00eda de fotos y v\u00eddeos de nuestro servicio de transporte intermodal: eficiencia, innovaci\u00f3n y log\u00edstica sostenible en acci\u00f3n.\" \/>\n<meta property=\"og:url\" content=\"https:\/\/ambrogiointermodal.com\/es\/galeria\/\" \/>\n<meta property=\"og:site_name\" content=\"Ambrogio Trasporti\" \/>\n<meta property=\"article:modified_time\" content=\"2025-08-12T09:16:48+00:00\" \/>\n<meta name=\"twitter:card\" content=\"summary_large_image\" \/>\n<meta name=\"twitter:label1\" content=\"Tiempo de lectura\" \/>\n\t<meta name=\"twitter:data1\" content=\"1 minuto\" \/>\n<script type=\"application\/ld+json\" class=\"yoast-schema-graph\">{\"@context\":\"https:\\\/\\\/schema.org\",\"@graph\":[{\"@type\":\"WebPage\",\"@id\":\"https:\\\/\\\/ambrogiointermodal.com\\\/es\\\/galeria\\\/\",\"url\":\"https:\\\/\\\/ambrogiointermodal.com\\\/es\\\/galeria\\\/\",\"name\":\"Galer\u00eda | Ambrogio Trasporti | Ambrogio Intermodal\",\"isPartOf\":{\"@id\":\"https:\\\/\\\/ambrogiointermodal.com\\\/#website\"},\"datePublished\":\"2020-10-26T13:04:07+00:00\",\"dateModified\":\"2025-08-12T09:16:48+00:00\",\"description\":\"Descubra una galer\u00eda de fotos y v\u00eddeos de nuestro servicio de transporte intermodal: eficiencia, innovaci\u00f3n y log\u00edstica sostenible en acci\u00f3n.\",\"breadcrumb\":{\"@id\":\"https:\\\/\\\/ambrogiointermodal.com\\\/es\\\/galeria\\\/#breadcrumb\"},\"inLanguage\":\"es\",\"potentialAction\":[{\"@type\":\"ReadAction\",\"target\":[\"https:\\\/\\\/ambrogiointermodal.com\\\/es\\\/galeria\\\/\"]}]},{\"@type\":\"BreadcrumbList\",\"@id\":\"https:\\\/\\\/ambrogiointermodal.com\\\/es\\\/galeria\\\/#breadcrumb\",\"itemListElement\":[{\"@type\":\"ListItem\",\"position\":1,\"name\":\"Home\",\"item\":\"https:\\\/\\\/ambrogiointermodal.com\\\/es\\\/\"},{\"@type\":\"ListItem\",\"position\":2,\"name\":\"Galer\u00eda\"}]},{\"@type\":\"WebSite\",\"@id\":\"https:\\\/\\\/ambrogiointermodal.com\\\/#website\",\"url\":\"https:\\\/\\\/ambrogiointermodal.com\\\/\",\"name\":\"Ambrogio Trasporti\",\"description\":\"INTERMODALE PER DEFINIZIONE\",\"publisher\":{\"@id\":\"https:\\\/\\\/ambrogiointermodal.com\\\/#organization\"},\"potentialAction\":[{\"@type\":\"SearchAction\",\"target\":{\"@type\":\"EntryPoint\",\"urlTemplate\":\"https:\\\/\\\/ambrogiointermodal.com\\\/?s={search_term_string}\"},\"query-input\":{\"@type\":\"PropertyValueSpecification\",\"valueRequired\":true,\"valueName\":\"search_term_string\"}}],\"inLanguage\":\"es\"},{\"@type\":\"Organization\",\"@id\":\"https:\\\/\\\/ambrogiointermodal.com\\\/#organization\",\"name\":\"Ambrogio Intermodal\",\"url\":\"https:\\\/\\\/ambrogiointermodal.com\\\/\",\"logo\":{\"@type\":\"ImageObject\",\"inLanguage\":\"es\",\"@id\":\"https:\\\/\\\/ambrogiointermodal.com\\\/#\\\/schema\\\/logo\\\/image\\\/\",\"url\":\"https:\\\/\\\/ambrogiointermodal.com\\\/wp-content\\\/uploads\\\/2019\\\/03\\\/logo-footer.png\",\"contentUrl\":\"https:\\\/\\\/ambrogiointermodal.com\\\/wp-content\\\/uploads\\\/2019\\\/03\\\/logo-footer.png\",\"width\":156,\"height\":31,\"caption\":\"Ambrogio Intermodal\"},\"image\":{\"@id\":\"https:\\\/\\\/ambrogiointermodal.com\\\/#\\\/schema\\\/logo\\\/image\\\/\"}}]}<\/script>\n<!-- \/ Yoast SEO plugin. -->","yoast_head_json":{"title":"Galer\u00eda | Ambrogio Trasporti | Ambrogio Intermodal","description":"Descubra una galer\u00eda de fotos y v\u00eddeos de nuestro servicio de transporte intermodal: eficiencia, innovaci\u00f3n y log\u00edstica sostenible en acci\u00f3n.","robots":{"index":"index","follow":"follow","max-snippet":"max-snippet:-1","max-image-preview":"max-image-preview:large","max-video-preview":"max-video-preview:-1"},"canonical":"https:\/\/ambrogiointermodal.com\/es\/galeria\/","og_locale":"es_ES","og_type":"article","og_title":"Galer\u00eda | Ambrogio Trasporti | Ambrogio Intermodal","og_description":"Descubra una galer\u00eda de fotos y v\u00eddeos de nuestro servicio de transporte intermodal: eficiencia, innovaci\u00f3n y log\u00edstica sostenible en acci\u00f3n.","og_url":"https:\/\/ambrogiointermodal.com\/es\/galeria\/","og_site_name":"Ambrogio Trasporti","article_modified_time":"2025-08-12T09:16:48+00:00","twitter_card":"summary_large_image","twitter_misc":{"Tiempo de lectura":"1 minuto"},"schema":{"@context":"https:\/\/schema.org","@graph":[{"@type":"WebPage","@id":"https:\/\/ambrogiointermodal.com\/es\/galeria\/","url":"https:\/\/ambrogiointermodal.com\/es\/galeria\/","name":"Galer\u00eda | Ambrogio Trasporti | Ambrogio Intermodal","isPartOf":{"@id":"https:\/\/ambrogiointermodal.com\/#website"},"datePublished":"2020-10-26T13:04:07+00:00","dateModified":"2025-08-12T09:16:48+00:00","description":"Descubra una galer\u00eda de fotos y v\u00eddeos de nuestro servicio de transporte intermodal: eficiencia, innovaci\u00f3n y log\u00edstica sostenible en acci\u00f3n.","breadcrumb":{"@id":"https:\/\/ambrogiointermodal.com\/es\/galeria\/#breadcrumb"},"inLanguage":"es","potentialAction":[{"@type":"ReadAction","target":["https:\/\/ambrogiointermodal.com\/es\/galeria\/"]}]},{"@type":"BreadcrumbList","@id":"https:\/\/ambrogiointermodal.com\/es\/galeria\/#breadcrumb","itemListElement":[{"@type":"ListItem","position":1,"name":"Home","item":"https:\/\/ambrogiointermodal.com\/es\/"},{"@type":"ListItem","position":2,"name":"Galer\u00eda"}]},{"@type":"WebSite","@id":"https:\/\/ambrogiointermodal.com\/#website","url":"https:\/\/ambrogiointermodal.com\/","name":"Ambrogio Trasporti","description":"INTERMODALE PER DEFINIZIONE","publisher":{"@id":"https:\/\/ambrogiointermodal.com\/#organization"},"potentialAction":[{"@type":"SearchAction","target":{"@type":"EntryPoint","urlTemplate":"https:\/\/ambrogiointermodal.com\/?s={search_term_string}"},"query-input":{"@type":"PropertyValueSpecification","valueRequired":true,"valueName":"search_term_string"}}],"inLanguage":"es"},{"@type":"Organization","@id":"https:\/\/ambrogiointermodal.com\/#organization","name":"Ambrogio Intermodal","url":"https:\/\/ambrogiointermodal.com\/","logo":{"@type":"ImageObject","inLanguage":"es","@id":"https:\/\/ambrogiointermodal.com\/#\/schema\/logo\/image\/","url":"https:\/\/ambrogiointermodal.com\/wp-content\/uploads\/2019\/03\/logo-footer.png","contentUrl":"https:\/\/ambrogiointermodal.com\/wp-content\/uploads\/2019\/03\/logo-footer.png","width":156,"height":31,"caption":"Ambrogio Intermodal"},"image":{"@id":"https:\/\/ambrogiointermodal.com\/#\/schema\/logo\/image\/"}}]}},"_links":{"self":[{"href":"https:\/\/ambrogiointermodal.com\/es\/wp-json\/wp\/v2\/pages\/41478","targetHints":{"allow":["GET"]}}],"collection":[{"href":"https:\/\/ambrogiointermodal.com\/es\/wp-json\/wp\/v2\/pages"}],"about":[{"href":"https:\/\/ambrogiointermodal.com\/es\/wp-json\/wp\/v2\/types\/page"}],"author":[{"embeddable":true,"href":"https:\/\/ambrogiointermodal.com\/es\/wp-json\/wp\/v2\/users\/6"}],"replies":[{"embeddable":true,"href":"https:\/\/ambrogiointermodal.com\/es\/wp-json\/wp\/v2\/comments?post=41478"}],"version-history":[{"count":5,"href":"https:\/\/ambrogiointermodal.com\/es\/wp-json\/wp\/v2\/pages\/41478\/revisions"}],"predecessor-version":[{"id":65935,"href":"https:\/\/ambrogiointermodal.com\/es\/wp-json\/wp\/v2\/pages\/41478\/revisions\/65935"}],"wp:attachment":[{"href":"https:\/\/ambrogiointermodal.com\/es\/wp-json\/wp\/v2\/media?parent=41478"}],"curies":[{"name":"wp","href":"https:\/\/api.w.org\/{rel}","templated":true}]}}