{"id":41475,"date":"2020-10-26T14:02:37","date_gmt":"2020-10-26T13:02:37","guid":{"rendered":"https:\/\/ambrogiointermodal.com\/?page_id=41475"},"modified":"2025-08-06T17:31:10","modified_gmt":"2025-08-06T15:31:10","slug":"descargas","status":"publish","type":"page","link":"https:\/\/ambrogiointermodal.com\/es\/descargas\/","title":{"rendered":"Descargas"},"content":{"rendered":"<div class=\"wpb-content-wrapper\"><p>[vc_section full_width=\u00bbstretch_row\u00bb css=\u00bb.vc_custom_1551801928235{background-color: #f2f2f2 !important;}\u00bb][vc_row][vc_column][vc_column_text css=\u00bb.vc_custom_1603717117653{padding-bottom: 20px !important;}\u00bb]<\/p>\n<h4 style=\"text-align: left;\"><img class=\"alignnone size-full wp-image-32504\" src=\"https:\/\/ambrogiointermodal.com\/wp-content\/uploads\/2019\/03\/top-riga.png\" alt=\"\" width=\"133\" height=\"12\" \/><\/h4>\n<h4 style=\"text-align: left;\">AUTORIZACIONES MEDIOAMBIENTALES<\/h4>\n<p>[\/vc_column_text][vc_column_text css=\u00bb.vc_custom_1603717217687{padding-bottom: 10px !important;}\u00bb]<\/p>\n<p style=\"display: block; text-align: left; font-size: 18px;\">El Grupo Ambrogio es una sociedad de vanguardia que cuenta con diversos certificados y autorizaciones en materia de transporte y log\u00edstica, que ha logrado gracias a emplear soluciones que cuidan el medio ambiente.<\/p>\n<p>[\/vc_column_text][\/vc_column][\/vc_row][vc_row css=\u00bb.vc_custom_1551873135817{margin-top: 30px !important;margin-bottom: 30px !important;}\u00bb][vc_column][vc_raw_html el_class=\u00bbplus-download-bg\u00bb]JTNDYSUyMGhyZWYlM0QlMjIlMkZ3cC1jb250ZW50JTJGdXBsb2FkcyUyRjIwMjAlMkYxMSUyRkFVVE9SSVpaQVpJT05FLUlOVEVHUkFUQS1BTUJJRU5UQUxFLUFNQlJPR0lPLnBkZiUyMiUyMHRhcmdldCUzRCUyMl9ibGFuayUyMiUzRSUwQSUzQ2RpdiUyMGNsYXNzJTNEJTIyYnRuLWF6aWVuZGElMjIlM0UlMEElM0NkaXYlMjBjbGFzcyUzRCUyMnRpdG9sby1hemllbmRhJTIyJTNFQVVUT1JJWkFDSU9ORVMlMjBNRURJT0FNQklFTlRBTEVTJTIwQU1CUk9HSU8lM0MlMkZkaXYlM0UlMEElMEElM0MlMkZkaXYlM0UlMEElM0MlMkZhJTNF[\/vc_raw_html][vc_raw_html el_class=\u00bbplus-download-bg\u00bb]JTNDYSUyMGhyZWYlM0QlMjIlMkZ3cC1jb250ZW50JTJGdXBsb2FkcyUyRjIwMjIlMkYwOSUyRkFNQlJPR0lPVFJBU1BPUlRJX3JpZXNhbWVfREQzMDYucGRmJTIyJTIwdGFyZ2V0JTNEJTIyX2JsYW5rJTIyJTNFJTBBJTNDZGl2JTIwY2xhc3MlM0QlMjJidG4tYXppZW5kYSUyMiUzRSUwQSUzQ2RpdiUyMGNsYXNzJTNEJTIydGl0b2xvLWF6aWVuZGElMjIlM0UlMjBSRVZBTFVBQ0lPTiUyMEFVVE9SSVpBQ0lPTkVTJTIwTUVESU9BTUJJRU5UQUxFUyUyMEFNQlJPR0lPJTNDJTJGZGl2JTNFJTBBJTBBJTNDJTJGZGl2JTNFJTBBJTNDJTJGYSUzRQ==[\/vc_raw_html][vc_raw_html el_class=\u00bbplus-download-bg\u00bb]JTNDYSUyMGhyZWYlM0QlMjIlMkZ3cC1jb250ZW50JTJGdXBsb2FkcyUyRjIwMjAlMkYxMSUyRklTQ1JJWklPTkUtQUxCTy1HRVNUT1JJLUFNQklFTlRBTEktQ0FULTEucGRmJTIyJTIwdGFyZ2V0JTNEJTIyX2JsYW5rJTIyJTNFJTBBJTNDZGl2JTIwY2xhc3MlM0QlMjJidG4tYXppZW5kYSUyMiUzRSUwQSUzQ2RpdiUyMGNsYXNzJTNEJTIydGl0b2xvLWF6aWVuZGElMjIlM0VBVVRPUklaQUNJT05FUyUyMERFJTIwVFJBTlNQT1JURSUyMERFJTIwUkVTSURVT1MlMjAtJTIwQ0FUJTIwMSUzQyUyRmRpdiUzRSUwQSUwQSUzQyUyRmRpdiUzRSUwQSUzQyUyRmElM0U=[\/vc_raw_html][vc_raw_html el_class=\u00bbplus-download-bg\u00bb]JTNDYSUyMGhyZWYlM0QlMjIlMkZ3cC1jb250ZW50JTJGdXBsb2FkcyUyRjIwMjAlMkYxMSUyRklTQ1JJWklPTkUtQUxCTy1HRVNUT1JJLUFNQklFTlRBTEktQ0FULTQucGRmJTIyJTIwdGFyZ2V0JTNEJTIyX2JsYW5rJTIyJTNFJTBBJTNDZGl2JTIwY2xhc3MlM0QlMjJidG4tYXppZW5kYSUyMiUzRSUwQSUzQ2RpdiUyMGNsYXNzJTNEJTIydGl0b2xvLWF6aWVuZGElMjIlM0VBVVRPUklaQUNJT05FUyUyMERFJTIwVFJBTlNQT1JURSUyMERFJTIwUkVTSURVT1MlMjAtJTIwQ0FUJTIwNCUzQyUyRmRpdiUzRSUwQSUwQSUzQyUyRmRpdiUzRSUwQSUzQyUyRmElM0U=[\/vc_raw_html][vc_raw_html el_class=\u00bbplus-download-bg\u00bb]JTNDYSUyMGhyZWYlM0QlMjIlMkZ3cC1jb250ZW50JTJGdXBsb2FkcyUyRjIwMjAlMkYxMSUyRklTQ1JJWklPTkUtQUxCTy1HRVNUT1JJLUFNQklFTlRBTEktQ0FULTUucGRmJTIyJTIwdGFyZ2V0JTNEJTIyX2JsYW5rJTIyJTNFJTBBJTNDZGl2JTIwY2xhc3MlM0QlMjJidG4tYXppZW5kYSUyMiUzRSUwQSUzQ2RpdiUyMGNsYXNzJTNEJTIydGl0b2xvLWF6aWVuZGElMjIlM0VBVVRPUklaQUNJT05FUyUyMERFJTIwVFJBTlNQT1JURSUyMERFJTIwUkVTSURVT1MlMjAtJTIwQ0FUJTIwNSUzQyUyRmRpdiUzRSUwQSUwQSUzQyUyRmRpdiUzRSUwQSUzQyUyRmElM0U=[\/vc_raw_html][vc_raw_html el_class=\u00bbplus-download-bg\u00bb]JTNDYSUyMGhyZWYlM0QlMjIlMkZ3cC1jb250ZW50JTJGdXBsb2FkcyUyRjIwMjIlMkYwOSUyRlRPMDAwNjhfUFJfMjAyMl80NDU0NC5wZGYlMjIlMjB0YXJnZXQlM0QlMjJfYmxhbmslMjIlM0UlMEElM0NkaXYlMjBjbGFzcyUzRCUyMmJ0bi1hemllbmRhJTIyJTNFJTBBJTNDZGl2JTIwY2xhc3MlM0QlMjJ0aXRvbG8tYXppZW5kYSUyMiUzRVJFTk9WQUNJT04lMjBBVVRPUklaQUNJT05FUyUyMERFJTIwVFJBTlNQT1JURSUyMERFJTIwUkVTSURVT1MlMjAtJTIwQ0FUJTIwNC01JTNDJTJGZGl2JTNFJTBBJTBBJTNDJTJGZGl2JTNFJTBBJTNDJTJGYSUzRQ==[\/vc_raw_html][vc_raw_html el_class=\u00bbplus-download-bg\u00bb]JTNDYSUyMGhyZWYlM0QlMjIlMkZ3cC1jb250ZW50JTJGdXBsb2FkcyUyRjIwMjIlMkYwMSUyRlJJTk5PVk8tQ0FUOF8yMDIxX1RPMDAwNjhfUFJfMjAyMV8zMDUwNi5wZGYlMjIlMjB0YXJnZXQlM0QlMjJfYmxhbmslMjIlM0UlMEElM0NkaXYlMjBjbGFzcyUzRCUyMmJ0bi1hemllbmRhJTIyJTNFJTBBJTNDZGl2JTIwY2xhc3MlM0QlMjJ0aXRvbG8tYXppZW5kYSUyMiUzRUFVVE9SSVpBQ0lPTkVTJTIwREUlMjBUUkFOU1BPUlRFJTIwREUlMjBSRVNJRFVPUyUyMC0lMjBDQVQlMjA4JTNDJTJGZGl2JTNFJTBBJTBBJTNDJTJGZGl2JTNFJTBBJTNDJTJGYSUzRQ==[\/vc_raw_html][vc_raw_html el_class=\u00bbplus-download-bg\u00bb]JTNDYSUyMGhyZWYlM0QlMjIlMkZ3cC1jb250ZW50JTJGdXBsb2FkcyUyRjIwMTklMkYwNSUyRk1BTlVBTEUtR0VTVElPTkUtT1JESU5JLVJFVkVSU0UucGRmJTIyJTIwdGFyZ2V0JTNEJTIyX2JsYW5rJTIyJTNFJTBBJTNDZGl2JTIwY2xhc3MlM0QlMjJidG4tYXppZW5kYSUyMiUzRSUwQSUzQ2RpdiUyMGNsYXNzJTNEJTIydGl0b2xvLWF6aWVuZGElMjIlM0VHdSVDMyVBRGElMjBkZSUyMGdlc3RpJUMzJUIzbiUyMGRlJTIwcGVkaWRvcyUzQyUyRmRpdiUzRSUwQSUwQSUzQyUyRmRpdiUzRSUwQSUzQyUyRmElM0U=[\/vc_raw_html][\/vc_column][\/vc_row][\/vc_section][vc_section full_width=\u00bbstretch_row\u00bb css=\u00bb.vc_custom_1551801928235{background-color: #f2f2f2 !important;}\u00bb][vc_row][vc_column][vc_column_text css=\u00bb.vc_custom_1577720144432{padding-bottom: 20px !important;}\u00bb]<\/p>\n<h4 style=\"text-align: left;\"><img class=\"alignnone size-full wp-image-32504\" src=\"https:\/\/ambrogiointermodal.com\/wp-content\/uploads\/2019\/03\/top-riga.png\" alt=\"\" width=\"133\" height=\"12\" \/><\/h4>\n<h4 style=\"text-align: left;\">APP \u00abTRACK &amp; TRACE\u00bb<\/h4>\n<p>[\/vc_column_text][vc_column_text css=\u00bb.vc_custom_1603717232806{padding-bottom: 10px !important;}\u00bb]<\/p>\n<p style=\"display: block; text-align: left; font-size: 18px;\">La aplicaci\u00f3n \u201cAmbrogio Track &amp;Trace\u201d la utilizan todos los conductores que colaboran con Ambrogio en Europa y permite hacer el seguimiento de las cargas de los clientes en tiempo real.<\/p>\n<p>[\/vc_column_text][\/vc_column][\/vc_row][vc_row css=\u00bb.vc_custom_1551873135817{margin-top: 30px !important;margin-bottom: 30px !important;}\u00bb][vc_column][vc_raw_html el_class=\u00bbplus-download-bg\u00bb]JTNDYSUyMGhyZWYlM0QlMjJodHRwcyUzQSUyRiUyRnBsYXkuZ29vZ2xlLmNvbSUyRnN0b3JlJTJGYXBwcyUyRmRldGFpbHMlM0ZpZCUzRGl0LnBsdWdpbi5hbWJyb2dpb3RyYXNwb3J0aS5uZXclMjIlMjB0YXJnZXQlM0QlMjJfYmxhbmslMjIlM0UlMEElM0NkaXYlMjBjbGFzcyUzRCUyMmJ0bi1hemllbmRhJTIyJTNFJTBBJTNDZGl2JTIwY2xhc3MlM0QlMjJ0aXRvbG8tYXppZW5kYSUyMiUzRUFuZHJvaWQlMjAlMjAlM0UlMjAlMjBEZXNjYXJnYSUyMGRlJTIwUGxheSUyMFN0b3JlJTNDJTJGZGl2JTNFJTBBJTBBJTNDJTJGZGl2JTNFJTBBJTNDJTJGYSUzRQ==[\/vc_raw_html][\/vc_column][\/vc_row][vc_row css=\u00bb.vc_custom_1551873135817{margin-top: 30px !important;margin-bottom: 30px !important;}\u00bb][vc_column][vc_raw_html css=\u00bb\u00bb el_class=\u00bbplus-download-bg\u00bb]JTNDYSUyMGhyZWYlM0QlMjJodHRwcyUzQSUyRiUyRmlvcy5hbWJyb2dpby5uZXR3b3JrJTJGJTIyJTIwdGFyZ2V0JTNEJTIyX2JsYW5rJTIyJTNFJTBBJTNDZGl2JTIwY2xhc3MlM0QlMjJidG4tYXppZW5kYSUyMiUzRSUwQSUzQ2RpdiUyMGNsYXNzJTNEJTIydGl0b2xvLWF6aWVuZGElMjIlM0VBcHBsZSUyMGlPUyUyMCUyMCUzRSUyMCUyMERlc2NhcmdhJTIwZGUlMjBBcHAlMjBDZW50ZXIlM0MlMkZkaXYlM0UlMEElMEElM0MlMkZkaXYlM0UlMEElM0MlMkZhJTNF[\/vc_raw_html][\/vc_column][\/vc_row][vc_row css=\u00bb.vc_custom_1551873135817{margin-top: 30px !important;margin-bottom: 30px !important;}\u00bb][vc_column][vc_raw_html el_class=\u00bbplus-download-bg\u00bb]JTNDYSUyMGhyZWYlM0QlMjIlMkZ3cC1jb250ZW50JTJGdXBsb2FkcyUyRjIwMjIlMkYwMSUyRkRvd25sb2FkLWluc3RydWN0aW9ucy1BcHAtVHJhY2tUcmFjZS12MjAyMi4xLnBkZiUyMiUyMHRhcmdldCUzRCUyMl9ibGFuayUyMiUzRSUwQSUzQ2RpdiUyMGNsYXNzJTNEJTIyYnRuLWF6aWVuZGElMjIlM0UlMEElM0NkaXYlMjBjbGFzcyUzRCUyMnRpdG9sby1hemllbmRhJTIyJTNFSW5zdHJ1Y2Npb25lcyUyMHBhcmElMjBsYSUyMGRlc2NhcmdhJTNDJTJGZGl2JTNFJTBBJTBBJTNDJTJGZGl2JTNFJTBBJTNDJTJGYSUzRQ==[\/vc_raw_html][\/vc_column][\/vc_row][\/vc_section][vc_section full_width=\u00bbstretch_row\u00bb css=\u00bb.vc_custom_1551801928235{background-color: #f2f2f2 !important;}\u00bb][vc_row][vc_column][vc_column_text css=\u00bb.vc_custom_1603717256820{padding-bottom: 20px !important;}\u00bb]<\/p>\n<h4 style=\"text-align: left;\"><img class=\"alignnone size-full wp-image-32504\" src=\"https:\/\/ambrogiointermodal.com\/wp-content\/uploads\/2019\/03\/top-riga.png\" alt=\"\" width=\"133\" height=\"12\" \/><\/h4>\n<h4 style=\"text-align: left;\">C\u00d3DIGO \u00c9TICO AMBROGIO<\/h4>\n<p>[\/vc_column_text][vc_column_text css=\u00bb.vc_custom_1603717267527{padding-bottom: 10px !important;}\u00bb]<\/p>\n<p style=\"display: block; text-align: left; font-size: 18px;\">El Grupo Ambrogio es una sociedad l\u00edder en el sector del transporte intermodal que, desde sus inicios, se ha orientado hacia el mercado internacional europeo. El grupo adopta el presente c\u00f3digo \u00e9tico con una perspectiva de responsabilidad social y jur\u00eddica.<\/p>\n<p>[\/vc_column_text][\/vc_column][\/vc_row][vc_row css=\u00bb.vc_custom_1551873135817{margin-top: 30px !important;margin-bottom: 30px !important;}\u00bb][vc_column][vc_raw_html el_class=\u00bbplus-download-bg\u00bb]JTNDYSUyMGhyZWYlM0QlMjIlMkZ3cC1jb250ZW50JTJGdXBsb2FkcyUyRjIwMjElMkYwMiUyRkFtYnJvZ2lvLUludGVybW9kYWwtQ29kZS1vZi1FdGhpY3MtMS5wZGYlMjIlMjB0YXJnZXQlM0QlMjJfYmxhbmslMjIlM0UlMEElM0NkaXYlMjBjbGFzcyUzRCUyMmJ0bi1hemllbmRhJTIyJTNFJTBBJTNDZGl2JTIwY2xhc3MlM0QlMjJ0aXRvbG8tYXppZW5kYSUyMiUzRUMlQzMlQjNkaWdvJTIwJUMzJUE5dGljbyUzQyUyRmRpdiUzRSUwQSUwQSUzQyUyRmRpdiUzRSUwQSUzQyUyRmElM0U=[\/vc_raw_html][\/vc_column][\/vc_row][\/vc_section][vc_section full_width=\u00bbstretch_row\u00bb css=\u00bb.vc_custom_1551801928235{background-color: #f2f2f2 !important;}\u00bb][vc_row][vc_column][vc_column_text css=\u00bb.vc_custom_1713444455455{padding-bottom: 20px !important;}\u00bb]<\/p>\n<h4 style=\"text-align: left;\"><img class=\"alignnone size-full wp-image-32504\" src=\"https:\/\/ambrogiointermodal.com\/wp-content\/uploads\/2019\/03\/top-riga.png\" alt=\"\" width=\"133\" height=\"12\" \/><\/h4>\n<h4 style=\"text-align: left;\">DENUNCIA DE IRREGULARIDADES<\/h4>\n<p>[\/vc_column_text][vc_column_text css=\u00bb.vc_custom_1713444528967{padding-bottom: 10px !important;}\u00bb]<\/p>\n<p style=\"display: block; text-align: left; font-size: 18px;\">En esta plataforma se pueden comunicar r\u00e1pida y f\u00e1cilmente las preocupaciones sobre conductas indebidas reales o presuntas que puedan afectar negativamente a nuestra empresa o al bienestar de las personas.<\/p>\n<p>[\/vc_column_text][\/vc_column][\/vc_row][vc_row css=\u00bb.vc_custom_1551873135817{margin-top: 30px !important;margin-bottom: 30px !important;}\u00bb][vc_column][vc_raw_html el_class=\u00bbplus-download-bg\u00bb]JTNDYSUyMGhyZWYlM0QlMjJodHRwcyUzQSUyRiUyRmFtYnJvZ2lvaW50ZXJtb2RhbC5pbnRlZ3JpdHlsaW5lLmNvbSUyRiUyMiUyMHRhcmdldCUzRCUyMl9ibGFuayUyMiUzRSUwQSUzQ2RpdiUyMGNsYXNzJTNEJTIyYnRuLWF6aWVuZGElMjIlM0UlMEElM0NkaXYlMjBjbGFzcyUzRCUyMnRpdG9sby1hemllbmRhJTIyJTNFUGxhdGFmb3JtYSUyMGRlJTIwZGVudW5jaWElMjBkZSUyMGlycmVndWxhcmlkYWRlcyUzQyUyRmRpdiUzRSUwQSUwQSUzQyUyRmRpdiUzRSUwQSUzQyUyRmElM0U=[\/vc_raw_html][\/vc_column][\/vc_row][\/vc_section][vc_section full_width=\u00bbstretch_row\u00bb css=\u00bb.vc_custom_1551801928235{background-color: #f2f2f2 !important;}\u00bb][vc_row][vc_column][vc_column_text css=\u00bb.vc_custom_1604939423632{padding-bottom: 20px !important;}\u00bb]<\/p>\n<h4 style=\"text-align: left;\"><img class=\"alignnone size-full wp-image-32504\" src=\"https:\/\/ambrogiointermodal.com\/wp-content\/uploads\/2019\/03\/top-riga.png\" alt=\"\" width=\"133\" height=\"12\" \/><\/h4>\n<h4 style=\"text-align: left;\">PRIVACIDAD<\/h4>\n<p>[\/vc_column_text][\/vc_column][\/vc_row][vc_row css=\u00bb.vc_custom_1551873135817{margin-top: 30px !important;margin-bottom: 30px !important;}\u00bb][vc_column][vc_raw_html el_class=\u00bbplus-download-bg\u00bb]JTNDYSUyMGhyZWYlM0QlMjIlMkZ3cC1jb250ZW50JTJGdXBsb2FkcyUyRjIwMTklMkYwNCUyRkluZm9ybWF0aXZhLVByaXZhY3kucGRmJTIyJTIwdGFyZ2V0JTNEJTIyX2JsYW5rJTIyJTNFJTBBJTNDZGl2JTIwY2xhc3MlM0QlMjJidG4tYXppZW5kYSUyMiUzRSUwQSUzQ2RpdiUyMGNsYXNzJTNEJTIydGl0b2xvLWF6aWVuZGElMjIlM0VQcml2YWN5JTNDJTJGZGl2JTNFJTBBJTBBJTNDJTJGZGl2JTNFJTBBJTNDJTJGYSUzRQ==[\/vc_raw_html][\/vc_column][\/vc_row][\/vc_section][vc_section full_width=\u00bbstretch_row\u00bb css=\u00bb.vc_custom_1551801928235{background-color: #f2f2f2 !important;}\u00bb][vc_row][vc_column][vc_column_text css=\u00bb.vc_custom_1603717336697{padding-bottom: 20px !important;}\u00bb]<\/p>\n<h4 style=\"text-align: left;\"><img class=\"alignnone size-full wp-image-32504\" src=\"https:\/\/ambrogiointermodal.com\/wp-content\/uploads\/2019\/03\/top-riga.png\" alt=\"\" width=\"133\" height=\"12\" \/><\/h4>\n<h4 style=\"text-align: left;\">CONDICIONES GENERALES<\/h4>\n<p>[\/vc_column_text][\/vc_column][\/vc_row][vc_row css=\u00bb.vc_custom_1551873135817{margin-top: 30px !important;margin-bottom: 30px !important;}\u00bb][vc_column][vc_raw_html el_class=\u00bbplus-download-bg\u00bb]JTNDYSUyMGhyZWYlM0QlMjIlMkZ3cC1jb250ZW50JTJGdXBsb2FkcyUyRjIwMTklMkYwNSUyRkNvbmRpemlvbmktR2VuZXJhbGktQW1icm9naW8tVHJhc3BvcnRpLVNwQS5wZGYlMjIlMjB0YXJnZXQlM0QlMjJfYmxhbmslMjIlM0UlMEElM0NkaXYlMjBjbGFzcyUzRCUyMmJ0bi1hemllbmRhJTIyJTNFJTBBJTNDZGl2JTIwY2xhc3MlM0QlMjJ0aXRvbG8tYXppZW5kYSUyMiUzRUNvbmRpY2lvbmVzJTIwR2VuZXJhbGVzJTNDJTJGZGl2JTNFJTBBJTBBJTNDJTJGZGl2JTNFJTBBJTNDJTJGYSUzRQ==[\/vc_raw_html][\/vc_column][\/vc_row][\/vc_section]<\/p>\n<\/div>","protected":false},"excerpt":{"rendered":"<p>[vc_section full_width=\u00bbstretch_row\u00bb css=\u00bb.vc_custom_1551801928235{background-color: #f2f2f2 !important;}\u00bb][vc_row][vc_column][vc_column_text css=\u00bb.vc_custom_1603717117653{padding-bottom: 20px !important;}\u00bb] AUTORIZACIONES MEDIOAMBIENTALES [\/vc_column_text][vc_column_text css=\u00bb.vc_custom_1603717217687{padding-bottom: 10px !important;}\u00bb] El Grupo Ambrogio es una sociedad&#8230;<\/p>\n","protected":false},"author":6,"featured_media":0,"parent":0,"menu_order":0,"comment_status":"closed","ping_status":"closed","template":"","meta":{"footnotes":""},"class_list":["post-41475","page","type-page","status-publish"],"yoast_head":"<!-- This site is optimized with the Yoast SEO plugin v25.8 - https:\/\/yoast.com\/wordpress\/plugins\/seo\/ -->\n<title>Descargar documentos | Ambrogio Trasporti | Ambrogio Intermodal<\/title>\n<meta name=\"description\" content=\"Consulte y descargue los documentos de Ambrogio de forma r\u00e1pida y sencilla. La informaci\u00f3n est\u00e1 disponible en una secci\u00f3n espec\u00edfica.\" \/>\n<meta name=\"robots\" content=\"index, follow, max-snippet:-1, max-image-preview:large, max-video-preview:-1\" \/>\n<link rel=\"canonical\" href=\"https:\/\/ambrogiointermodal.com\/es\/descargas\/\" \/>\n<meta property=\"og:locale\" content=\"es_ES\" \/>\n<meta property=\"og:type\" content=\"article\" \/>\n<meta property=\"og:title\" content=\"Descargar documentos | Ambrogio Trasporti | Ambrogio Intermodal\" \/>\n<meta property=\"og:description\" content=\"Consulte y descargue los documentos de Ambrogio de forma r\u00e1pida y sencilla. La informaci\u00f3n est\u00e1 disponible en una secci\u00f3n espec\u00edfica.\" \/>\n<meta property=\"og:url\" content=\"https:\/\/ambrogiointermodal.com\/es\/descargas\/\" \/>\n<meta property=\"og:site_name\" content=\"Ambrogio Trasporti\" \/>\n<meta property=\"article:modified_time\" content=\"2025-08-06T15:31:10+00:00\" \/>\n<meta property=\"og:image\" content=\"https:\/\/ambrogiointermodal.com\/wp-content\/uploads\/2019\/03\/top-riga.png\" \/>\n\t<meta property=\"og:image:width\" content=\"133\" \/>\n\t<meta property=\"og:image:height\" content=\"12\" \/>\n\t<meta property=\"og:image:type\" content=\"image\/png\" \/>\n<meta name=\"twitter:card\" content=\"summary_large_image\" \/>\n<meta name=\"twitter:label1\" content=\"Tiempo de lectura\" \/>\n\t<meta name=\"twitter:data1\" content=\"3 minutos\" \/>\n<script type=\"application\/ld+json\" class=\"yoast-schema-graph\">{\"@context\":\"https:\/\/schema.org\",\"@graph\":[{\"@type\":\"WebPage\",\"@id\":\"https:\/\/ambrogiointermodal.com\/es\/descargas\/\",\"url\":\"https:\/\/ambrogiointermodal.com\/es\/descargas\/\",\"name\":\"Descargar documentos | Ambrogio Trasporti | Ambrogio Intermodal\",\"isPartOf\":{\"@id\":\"https:\/\/ambrogiointermodal.com\/#website\"},\"primaryImageOfPage\":{\"@id\":\"https:\/\/ambrogiointermodal.com\/es\/descargas\/#primaryimage\"},\"image\":{\"@id\":\"https:\/\/ambrogiointermodal.com\/es\/descargas\/#primaryimage\"},\"thumbnailUrl\":\"https:\/\/ambrogiointermodal.com\/wp-content\/uploads\/2019\/03\/top-riga.png\",\"datePublished\":\"2020-10-26T13:02:37+00:00\",\"dateModified\":\"2025-08-06T15:31:10+00:00\",\"description\":\"Consulte y descargue los documentos de Ambrogio de forma r\u00e1pida y sencilla. La informaci\u00f3n est\u00e1 disponible en una secci\u00f3n espec\u00edfica.\",\"breadcrumb\":{\"@id\":\"https:\/\/ambrogiointermodal.com\/es\/descargas\/#breadcrumb\"},\"inLanguage\":\"es\",\"potentialAction\":[{\"@type\":\"ReadAction\",\"target\":[\"https:\/\/ambrogiointermodal.com\/es\/descargas\/\"]}]},{\"@type\":\"ImageObject\",\"inLanguage\":\"es\",\"@id\":\"https:\/\/ambrogiointermodal.com\/es\/descargas\/#primaryimage\",\"url\":\"https:\/\/ambrogiointermodal.com\/wp-content\/uploads\/2019\/03\/top-riga.png\",\"contentUrl\":\"https:\/\/ambrogiointermodal.com\/wp-content\/uploads\/2019\/03\/top-riga.png\"},{\"@type\":\"BreadcrumbList\",\"@id\":\"https:\/\/ambrogiointermodal.com\/es\/descargas\/#breadcrumb\",\"itemListElement\":[{\"@type\":\"ListItem\",\"position\":1,\"name\":\"Home\",\"item\":\"https:\/\/ambrogiointermodal.com\/es\/\"},{\"@type\":\"ListItem\",\"position\":2,\"name\":\"Descargas\"}]},{\"@type\":\"WebSite\",\"@id\":\"https:\/\/ambrogiointermodal.com\/#website\",\"url\":\"https:\/\/ambrogiointermodal.com\/\",\"name\":\"Ambrogio Trasporti\",\"description\":\"INTERMODALE PER DEFINIZIONE\",\"publisher\":{\"@id\":\"https:\/\/ambrogiointermodal.com\/#organization\"},\"potentialAction\":[{\"@type\":\"SearchAction\",\"target\":{\"@type\":\"EntryPoint\",\"urlTemplate\":\"https:\/\/ambrogiointermodal.com\/?s={search_term_string}\"},\"query-input\":{\"@type\":\"PropertyValueSpecification\",\"valueRequired\":true,\"valueName\":\"search_term_string\"}}],\"inLanguage\":\"es\"},{\"@type\":\"Organization\",\"@id\":\"https:\/\/ambrogiointermodal.com\/#organization\",\"name\":\"Ambrogio Intermodal\",\"url\":\"https:\/\/ambrogiointermodal.com\/\",\"logo\":{\"@type\":\"ImageObject\",\"inLanguage\":\"es\",\"@id\":\"https:\/\/ambrogiointermodal.com\/#\/schema\/logo\/image\/\",\"url\":\"https:\/\/ambrogiointermodal.com\/wp-content\/uploads\/2019\/03\/logo-footer.png\",\"contentUrl\":\"https:\/\/ambrogiointermodal.com\/wp-content\/uploads\/2019\/03\/logo-footer.png\",\"width\":156,\"height\":31,\"caption\":\"Ambrogio Intermodal\"},\"image\":{\"@id\":\"https:\/\/ambrogiointermodal.com\/#\/schema\/logo\/image\/\"}}]}<\/script>\n<!-- \/ Yoast SEO plugin. -->","yoast_head_json":{"title":"Descargar documentos | Ambrogio Trasporti | Ambrogio Intermodal","description":"Consulte y descargue los documentos de Ambrogio de forma r\u00e1pida y sencilla. La informaci\u00f3n est\u00e1 disponible en una secci\u00f3n espec\u00edfica.","robots":{"index":"index","follow":"follow","max-snippet":"max-snippet:-1","max-image-preview":"max-image-preview:large","max-video-preview":"max-video-preview:-1"},"canonical":"https:\/\/ambrogiointermodal.com\/es\/descargas\/","og_locale":"es_ES","og_type":"article","og_title":"Descargar documentos | Ambrogio Trasporti | Ambrogio Intermodal","og_description":"Consulte y descargue los documentos de Ambrogio de forma r\u00e1pida y sencilla. La informaci\u00f3n est\u00e1 disponible en una secci\u00f3n espec\u00edfica.","og_url":"https:\/\/ambrogiointermodal.com\/es\/descargas\/","og_site_name":"Ambrogio Trasporti","article_modified_time":"2025-08-06T15:31:10+00:00","og_image":[{"width":133,"height":12,"url":"https:\/\/ambrogiointermodal.com\/wp-content\/uploads\/2019\/03\/top-riga.png","type":"image\/png"}],"twitter_card":"summary_large_image","twitter_misc":{"Tiempo de lectura":"3 minutos"},"schema":{"@context":"https:\/\/schema.org","@graph":[{"@type":"WebPage","@id":"https:\/\/ambrogiointermodal.com\/es\/descargas\/","url":"https:\/\/ambrogiointermodal.com\/es\/descargas\/","name":"Descargar documentos | Ambrogio Trasporti | Ambrogio Intermodal","isPartOf":{"@id":"https:\/\/ambrogiointermodal.com\/#website"},"primaryImageOfPage":{"@id":"https:\/\/ambrogiointermodal.com\/es\/descargas\/#primaryimage"},"image":{"@id":"https:\/\/ambrogiointermodal.com\/es\/descargas\/#primaryimage"},"thumbnailUrl":"https:\/\/ambrogiointermodal.com\/wp-content\/uploads\/2019\/03\/top-riga.png","datePublished":"2020-10-26T13:02:37+00:00","dateModified":"2025-08-06T15:31:10+00:00","description":"Consulte y descargue los documentos de Ambrogio de forma r\u00e1pida y sencilla. La informaci\u00f3n est\u00e1 disponible en una secci\u00f3n espec\u00edfica.","breadcrumb":{"@id":"https:\/\/ambrogiointermodal.com\/es\/descargas\/#breadcrumb"},"inLanguage":"es","potentialAction":[{"@type":"ReadAction","target":["https:\/\/ambrogiointermodal.com\/es\/descargas\/"]}]},{"@type":"ImageObject","inLanguage":"es","@id":"https:\/\/ambrogiointermodal.com\/es\/descargas\/#primaryimage","url":"https:\/\/ambrogiointermodal.com\/wp-content\/uploads\/2019\/03\/top-riga.png","contentUrl":"https:\/\/ambrogiointermodal.com\/wp-content\/uploads\/2019\/03\/top-riga.png"},{"@type":"BreadcrumbList","@id":"https:\/\/ambrogiointermodal.com\/es\/descargas\/#breadcrumb","itemListElement":[{"@type":"ListItem","position":1,"name":"Home","item":"https:\/\/ambrogiointermodal.com\/es\/"},{"@type":"ListItem","position":2,"name":"Descargas"}]},{"@type":"WebSite","@id":"https:\/\/ambrogiointermodal.com\/#website","url":"https:\/\/ambrogiointermodal.com\/","name":"Ambrogio Trasporti","description":"INTERMODALE PER DEFINIZIONE","publisher":{"@id":"https:\/\/ambrogiointermodal.com\/#organization"},"potentialAction":[{"@type":"SearchAction","target":{"@type":"EntryPoint","urlTemplate":"https:\/\/ambrogiointermodal.com\/?s={search_term_string}"},"query-input":{"@type":"PropertyValueSpecification","valueRequired":true,"valueName":"search_term_string"}}],"inLanguage":"es"},{"@type":"Organization","@id":"https:\/\/ambrogiointermodal.com\/#organization","name":"Ambrogio Intermodal","url":"https:\/\/ambrogiointermodal.com\/","logo":{"@type":"ImageObject","inLanguage":"es","@id":"https:\/\/ambrogiointermodal.com\/#\/schema\/logo\/image\/","url":"https:\/\/ambrogiointermodal.com\/wp-content\/uploads\/2019\/03\/logo-footer.png","contentUrl":"https:\/\/ambrogiointermodal.com\/wp-content\/uploads\/2019\/03\/logo-footer.png","width":156,"height":31,"caption":"Ambrogio Intermodal"},"image":{"@id":"https:\/\/ambrogiointermodal.com\/#\/schema\/logo\/image\/"}}]}},"_links":{"self":[{"href":"https:\/\/ambrogiointermodal.com\/es\/wp-json\/wp\/v2\/pages\/41475","targetHints":{"allow":["GET"]}}],"collection":[{"href":"https:\/\/ambrogiointermodal.com\/es\/wp-json\/wp\/v2\/pages"}],"about":[{"href":"https:\/\/ambrogiointermodal.com\/es\/wp-json\/wp\/v2\/types\/page"}],"author":[{"embeddable":true,"href":"https:\/\/ambrogiointermodal.com\/es\/wp-json\/wp\/v2\/users\/6"}],"replies":[{"embeddable":true,"href":"https:\/\/ambrogiointermodal.com\/es\/wp-json\/wp\/v2\/comments?post=41475"}],"version-history":[{"count":24,"href":"https:\/\/ambrogiointermodal.com\/es\/wp-json\/wp\/v2\/pages\/41475\/revisions"}],"predecessor-version":[{"id":65883,"href":"https:\/\/ambrogiointermodal.com\/es\/wp-json\/wp\/v2\/pages\/41475\/revisions\/65883"}],"wp:attachment":[{"href":"https:\/\/ambrogiointermodal.com\/es\/wp-json\/wp\/v2\/media?parent=41475"}],"curies":[{"name":"wp","href":"https:\/\/api.w.org\/{rel}","templated":true}]}}