{"id":41471,"date":"2020-10-26T13:57:35","date_gmt":"2020-10-26T12:57:35","guid":{"rendered":"https:\/\/ambrogiointermodal.com\/?page_id=41471"},"modified":"2020-10-26T13:57:35","modified_gmt":"2020-10-26T12:57:35","slug":"cookies-policy","status":"publish","type":"page","link":"https:\/\/ambrogiointermodal.com\/es\/cookies-policy\/","title":{"rendered":"Cookies Policy"},"content":{"rendered":"<div class=\"wpb-content-wrapper\"><p>[vc_row full_width=\u00bbstretch_row_content_no_spaces\u00bb content_placement=\u00bbtop\u00bb css=\u00bb.vc_custom_1552036951744{padding-top: 0px !important;background-color: #f2f2f2 !important;}\u00bb el_class=\u00bbcustom-container bg-custom\u00bb][vc_column css=\u00bb.vc_custom_1551718729257{padding-top: 0px !important;}\u00bb el_class=\u00bbcustom-width\u00bb][vc_custom_heading text=\u00bbP\u00d3LITICA DE COOKIES\u00bb font_container=\u00bbtag:h2|text_align:center\u00bb use_theme_fonts=\u00bbyes\u00bb css_animation=\u00bbbounceInDown\u00bb el_class=\u00bbtitolo-home\u00bb][\/vc_column][\/vc_row][vc_section full_width=\u00bbstretch_row\u00bb css=\u00bb.vc_custom_1552391149399{padding-top: 100px !important;padding-bottom: 100px !important;background-color: #414141 !important;background-position: center !important;background-repeat: no-repeat !important;background-size: cover !important;}\u00bb el_class=\u00bbtxt-white\u00bb][vc_row el_class=\u00bbtxt-white\u00bb][vc_column][vc_column_text]El titular del tratamiento de los datos personales, AMBROGIO<strong> TRASPORTI S.P.A.,<\/strong> con sede social sita en Via F.lli Kennedy, 1 \u2013 10048 Vinovo, (Torino, Italia), titular del CIF n\u00ba 00510420011, desea informar a los usuarios sobre el uso de cookies en la p\u00e1gina web <a href=\"http:\/\/www.ambrogiointermodal.com\">www.ambrogiointermodal.com<\/a>.<\/p>\n<p>&nbsp;<\/p>\n<p>Las cookies son peque\u00f1as l\u00edneas de texto que la p\u00e1gina remite al terminal del usuario, donde se almacenan los datos y que se retransmiten a la p\u00e1gina la siguiente vez que el usuario la visite. Las cookies son \u00fatiles porque permiten que nuestra p\u00e1gina identifique el dispositivo del usuario y le permiten a usted navegar por las p\u00e1ginas sin perder sus preferencias y con una mejora de su experiencia de usuario.<\/p>\n<p>Nuestra p\u00e1gina <u>usa \u00fanicamente cookies t\u00e9cnicas,<\/u> que son las estrictamente necesarias para que funcione la p\u00e1gina.<\/p>\n<p>&nbsp;<\/p>\n<p>La p\u00e1gina tambi\u00e9n emplea cookies de terceros relacionadas con el servicio de Google Analytics, con el fin de recopilar informes estad\u00edsticos sobre la navegaci\u00f3n del usuario (para obtener m\u00e1s informaci\u00f3n, visite la p\u00e1gina web de <a href=\"http:\/\/www.google.com\/intl\/it\/policies\/privacy\/\">Google<\/a>).<\/p>\n<p>&nbsp;<\/p>\n<p>Nuestra p\u00e1gina no utiliza cookies de caracterizaci\u00f3n.<\/p>\n<p>Los navegadores m\u00e1s recientes le permiten cambiar la configuraci\u00f3n de las cookies, normalmente en el men\u00fa de su navegador, en Opciones o en Preferencias.<br \/>\nLe recomendamos que consulte el apartado de Ayuda de su navegador para saber m\u00e1s.<\/p>\n<p>&nbsp;<\/p>\n<p><strong>Las cookies que emplea esta p\u00e1gina<\/strong><\/p>\n<p>En la siguiente tabla constan las cookies que empleamos y la informaci\u00f3n que incluyen.<\/p>\n<table>\n<tbody>\n<tr>\n<td>__utma<\/td>\n<td>Google Analytics<\/td>\n<td>Se emplea para distinguir usuarios y sesiones. La cookie se crea cuando se ejecuta la biblioteca de JavaScript y no hay ninguna cookie __utma. La cookie se actualiza cada vez que se env\u00edan datos a Google Analytics.<\/td>\n<\/tr>\n<tr>\n<td>__utmb<\/td>\n<td>Google Analytics<\/td>\n<td>Se emplea para determinar nuevas sesiones o visitas. La cookie se crea cuando se ejecuta la biblioteca de JavaScript y no hay ninguna cookie __utmb. La cookie se actualiza cada vez que se env\u00edan datos a Google Analytics.<\/td>\n<\/tr>\n<tr>\n<td>__utmc<\/td>\n<td>Google Analytics<\/td>\n<td>No se emplea en la librer\u00eda ga.js. Se configura para interactuar con urchin.js. Anteriormente, esta cookie actuaba junto con la cookie __utmb para determinar si el usuario estaba en una nueva sesi\u00f3n o visita.<\/td>\n<\/tr>\n<tr>\n<td>__utmt<\/td>\n<td>Google Analytics<\/td>\n<td>Se emplea para procesar las solicitudes enviadas al servidor de Google Analytics.<\/td>\n<\/tr>\n<tr>\n<td>__utmz<\/td>\n<td>Google Analytics<\/td>\n<td>Se emplea para almacenar la fuente de tr\u00e1fico o la campa\u00f1a que explica c\u00f3mo ha llegado el usuario al sitio web. La cookie se crea cuando se ejecuta la biblioteca de JavaScript y se actualiza cada vez que se env\u00edan datos a Google Analytics.<\/td>\n<\/tr>\n<tr>\n<td>cookie_notice_accepted<\/td>\n<td>Gesti\u00f3n de informaci\u00f3n sobre cookies<\/td>\n<td>Toda aceptaci\u00f3n expl\u00edcita sobre el uso de cookies a trav\u00e9s de la p\u00e1gina se almacena en esta cookie.<\/td>\n<\/tr>\n<\/tbody>\n<\/table>\n<p><a href=\"https:\/\/developers.google.com\/analytics\/devguides\/collection\/analyticsjs\/cookie-usage\">M\u00e1s informaci\u00f3n sobre las cookies de Google Analytics.<\/a><\/p>\n<p>&nbsp;<\/p>\n<p>Dada la naturaleza din\u00e1mica de la p\u00e1gina web, no siempre pueden comprobarse las cookies que terceras partes almacenan a trav\u00e9s de una p\u00e1gina web.<\/p>\n<p>Por lo tanto, solicitamos al usuario que nos informe de la presencia de una cookie que no est\u00e9 incluida en el listado anterior.<\/p>\n<p>Puede ser necesario modificar este texto. Por lo tanto, estamos autorizados para modificar el contenido de la informaci\u00f3n y las cookies que se especifican en el listado, en cualquier momento y sin necesidad de dar aviso previo de ello. La versi\u00f3n m\u00e1s actualizada se puede ver en este texto.<\/p>\n<p><strong>\u00daltima actualizaci\u00f3n: 17\/04\/2019<\/strong>[\/vc_column_text][\/vc_column][\/vc_row][\/vc_section]<\/p>\n<\/div>","protected":false},"excerpt":{"rendered":"<p>[vc_row full_width=\u00bbstretch_row_content_no_spaces\u00bb content_placement=\u00bbtop\u00bb css=\u00bb.vc_custom_1552036951744{padding-top: 0px !important;background-color: #f2f2f2 !important;}\u00bb el_class=\u00bbcustom-container bg-custom\u00bb][vc_column css=\u00bb.vc_custom_1551718729257{padding-top: 0px !important;}\u00bb el_class=\u00bbcustom-width\u00bb][vc_custom_heading text=\u00bbP\u00d3LITICA DE COOKIES\u00bb font_container=\u00bbtag:h2|text_align:center\u00bb use_theme_fonts=\u00bbyes\u00bb css_animation=\u00bbbounceInDown\u00bb&#8230;<\/p>\n","protected":false},"author":6,"featured_media":0,"parent":0,"menu_order":0,"comment_status":"closed","ping_status":"closed","template":"","meta":{"footnotes":""},"class_list":["post-41471","page","type-page","status-publish"],"yoast_head":"<!-- This site is optimized with the Yoast SEO plugin v25.8 - https:\/\/yoast.com\/wordpress\/plugins\/seo\/ -->\n<title>Cookies Policy - Ambrogio Trasporti<\/title>\n<meta name=\"robots\" content=\"index, follow, max-snippet:-1, max-image-preview:large, max-video-preview:-1\" \/>\n<link rel=\"canonical\" href=\"https:\/\/ambrogiointermodal.com\/cookies-policy\/\" \/>\n<meta property=\"og:locale\" content=\"es_ES\" \/>\n<meta property=\"og:type\" content=\"article\" \/>\n<meta property=\"og:title\" content=\"Cookies Policy - Ambrogio Trasporti\" \/>\n<meta property=\"og:description\" content=\"[vc_row full_width=\u00bbstretch_row_content_no_spaces\u00bb content_placement=\u00bbtop\u00bb css=\u00bb.vc_custom_1552036951744{padding-top: 0px !important;background-color: #f2f2f2 !important;}\u00bb el_class=\u00bbcustom-container bg-custom\u00bb][vc_column css=\u00bb.vc_custom_1551718729257{padding-top: 0px !important;}\u00bb el_class=\u00bbcustom-width\u00bb][vc_custom_heading text=\u00bbP\u00d3LITICA DE COOKIES\u00bb font_container=\u00bbtag:h2|text_align:center\u00bb use_theme_fonts=\u00bbyes\u00bb css_animation=\u00bbbounceInDown\u00bb...\" \/>\n<meta property=\"og:url\" content=\"https:\/\/ambrogiointermodal.com\/cookies-policy\/\" \/>\n<meta property=\"og:site_name\" content=\"Ambrogio Trasporti\" \/>\n<meta name=\"twitter:card\" content=\"summary_large_image\" \/>\n<meta name=\"twitter:label1\" content=\"Tiempo de lectura\" \/>\n\t<meta name=\"twitter:data1\" content=\"4 minutos\" \/>\n<script type=\"application\/ld+json\" class=\"yoast-schema-graph\">{\"@context\":\"https:\/\/schema.org\",\"@graph\":[{\"@type\":\"WebPage\",\"@id\":\"https:\/\/ambrogiointermodal.com\/cookies-policy\/\",\"url\":\"https:\/\/ambrogiointermodal.com\/cookies-policy\/\",\"name\":\"Cookies Policy - Ambrogio Trasporti\",\"isPartOf\":{\"@id\":\"https:\/\/ambrogiointermodal.com\/#website\"},\"datePublished\":\"2020-10-26T12:57:35+00:00\",\"breadcrumb\":{\"@id\":\"https:\/\/ambrogiointermodal.com\/cookies-policy\/#breadcrumb\"},\"inLanguage\":\"es\",\"potentialAction\":[{\"@type\":\"ReadAction\",\"target\":[\"https:\/\/ambrogiointermodal.com\/cookies-policy\/\"]}]},{\"@type\":\"BreadcrumbList\",\"@id\":\"https:\/\/ambrogiointermodal.com\/cookies-policy\/#breadcrumb\",\"itemListElement\":[{\"@type\":\"ListItem\",\"position\":1,\"name\":\"Home\",\"item\":\"https:\/\/ambrogiointermodal.com\/es\/\"},{\"@type\":\"ListItem\",\"position\":2,\"name\":\"Cookies Policy\"}]},{\"@type\":\"WebSite\",\"@id\":\"https:\/\/ambrogiointermodal.com\/#website\",\"url\":\"https:\/\/ambrogiointermodal.com\/\",\"name\":\"Ambrogio Trasporti\",\"description\":\"INTERMODALE PER DEFINIZIONE\",\"publisher\":{\"@id\":\"https:\/\/ambrogiointermodal.com\/#organization\"},\"potentialAction\":[{\"@type\":\"SearchAction\",\"target\":{\"@type\":\"EntryPoint\",\"urlTemplate\":\"https:\/\/ambrogiointermodal.com\/?s={search_term_string}\"},\"query-input\":{\"@type\":\"PropertyValueSpecification\",\"valueRequired\":true,\"valueName\":\"search_term_string\"}}],\"inLanguage\":\"es\"},{\"@type\":\"Organization\",\"@id\":\"https:\/\/ambrogiointermodal.com\/#organization\",\"name\":\"Ambrogio Intermodal\",\"url\":\"https:\/\/ambrogiointermodal.com\/\",\"logo\":{\"@type\":\"ImageObject\",\"inLanguage\":\"es\",\"@id\":\"https:\/\/ambrogiointermodal.com\/#\/schema\/logo\/image\/\",\"url\":\"https:\/\/ambrogiointermodal.com\/wp-content\/uploads\/2019\/03\/logo-footer.png\",\"contentUrl\":\"https:\/\/ambrogiointermodal.com\/wp-content\/uploads\/2019\/03\/logo-footer.png\",\"width\":156,\"height\":31,\"caption\":\"Ambrogio Intermodal\"},\"image\":{\"@id\":\"https:\/\/ambrogiointermodal.com\/#\/schema\/logo\/image\/\"}}]}<\/script>\n<!-- \/ Yoast SEO plugin. -->","yoast_head_json":{"title":"Cookies Policy - Ambrogio Trasporti","robots":{"index":"index","follow":"follow","max-snippet":"max-snippet:-1","max-image-preview":"max-image-preview:large","max-video-preview":"max-video-preview:-1"},"canonical":"https:\/\/ambrogiointermodal.com\/cookies-policy\/","og_locale":"es_ES","og_type":"article","og_title":"Cookies Policy - Ambrogio Trasporti","og_description":"[vc_row full_width=\u00bbstretch_row_content_no_spaces\u00bb content_placement=\u00bbtop\u00bb css=\u00bb.vc_custom_1552036951744{padding-top: 0px !important;background-color: #f2f2f2 !important;}\u00bb el_class=\u00bbcustom-container bg-custom\u00bb][vc_column css=\u00bb.vc_custom_1551718729257{padding-top: 0px !important;}\u00bb el_class=\u00bbcustom-width\u00bb][vc_custom_heading text=\u00bbP\u00d3LITICA DE COOKIES\u00bb font_container=\u00bbtag:h2|text_align:center\u00bb use_theme_fonts=\u00bbyes\u00bb css_animation=\u00bbbounceInDown\u00bb...","og_url":"https:\/\/ambrogiointermodal.com\/cookies-policy\/","og_site_name":"Ambrogio Trasporti","twitter_card":"summary_large_image","twitter_misc":{"Tiempo de lectura":"4 minutos"},"schema":{"@context":"https:\/\/schema.org","@graph":[{"@type":"WebPage","@id":"https:\/\/ambrogiointermodal.com\/cookies-policy\/","url":"https:\/\/ambrogiointermodal.com\/cookies-policy\/","name":"Cookies Policy - Ambrogio Trasporti","isPartOf":{"@id":"https:\/\/ambrogiointermodal.com\/#website"},"datePublished":"2020-10-26T12:57:35+00:00","breadcrumb":{"@id":"https:\/\/ambrogiointermodal.com\/cookies-policy\/#breadcrumb"},"inLanguage":"es","potentialAction":[{"@type":"ReadAction","target":["https:\/\/ambrogiointermodal.com\/cookies-policy\/"]}]},{"@type":"BreadcrumbList","@id":"https:\/\/ambrogiointermodal.com\/cookies-policy\/#breadcrumb","itemListElement":[{"@type":"ListItem","position":1,"name":"Home","item":"https:\/\/ambrogiointermodal.com\/es\/"},{"@type":"ListItem","position":2,"name":"Cookies Policy"}]},{"@type":"WebSite","@id":"https:\/\/ambrogiointermodal.com\/#website","url":"https:\/\/ambrogiointermodal.com\/","name":"Ambrogio Trasporti","description":"INTERMODALE PER DEFINIZIONE","publisher":{"@id":"https:\/\/ambrogiointermodal.com\/#organization"},"potentialAction":[{"@type":"SearchAction","target":{"@type":"EntryPoint","urlTemplate":"https:\/\/ambrogiointermodal.com\/?s={search_term_string}"},"query-input":{"@type":"PropertyValueSpecification","valueRequired":true,"valueName":"search_term_string"}}],"inLanguage":"es"},{"@type":"Organization","@id":"https:\/\/ambrogiointermodal.com\/#organization","name":"Ambrogio Intermodal","url":"https:\/\/ambrogiointermodal.com\/","logo":{"@type":"ImageObject","inLanguage":"es","@id":"https:\/\/ambrogiointermodal.com\/#\/schema\/logo\/image\/","url":"https:\/\/ambrogiointermodal.com\/wp-content\/uploads\/2019\/03\/logo-footer.png","contentUrl":"https:\/\/ambrogiointermodal.com\/wp-content\/uploads\/2019\/03\/logo-footer.png","width":156,"height":31,"caption":"Ambrogio Intermodal"},"image":{"@id":"https:\/\/ambrogiointermodal.com\/#\/schema\/logo\/image\/"}}]}},"_links":{"self":[{"href":"https:\/\/ambrogiointermodal.com\/es\/wp-json\/wp\/v2\/pages\/41471","targetHints":{"allow":["GET"]}}],"collection":[{"href":"https:\/\/ambrogiointermodal.com\/es\/wp-json\/wp\/v2\/pages"}],"about":[{"href":"https:\/\/ambrogiointermodal.com\/es\/wp-json\/wp\/v2\/types\/page"}],"author":[{"embeddable":true,"href":"https:\/\/ambrogiointermodal.com\/es\/wp-json\/wp\/v2\/users\/6"}],"replies":[{"embeddable":true,"href":"https:\/\/ambrogiointermodal.com\/es\/wp-json\/wp\/v2\/comments?post=41471"}],"version-history":[{"count":3,"href":"https:\/\/ambrogiointermodal.com\/es\/wp-json\/wp\/v2\/pages\/41471\/revisions"}],"predecessor-version":[{"id":41474,"href":"https:\/\/ambrogiointermodal.com\/es\/wp-json\/wp\/v2\/pages\/41471\/revisions\/41474"}],"wp:attachment":[{"href":"https:\/\/ambrogiointermodal.com\/es\/wp-json\/wp\/v2\/media?parent=41471"}],"curies":[{"name":"wp","href":"https:\/\/api.w.org\/{rel}","templated":true}]}}