{"id":41461,"date":"2020-10-26T13:49:59","date_gmt":"2020-10-26T12:49:59","guid":{"rendered":"https:\/\/ambrogiointermodal.com\/?page_id=41461"},"modified":"2025-11-11T16:24:57","modified_gmt":"2025-11-11T15:24:57","slug":"el-grupo-ambrogio","status":"publish","type":"page","link":"https:\/\/ambrogiointermodal.com\/es\/el-grupo-ambrogio\/","title":{"rendered":"El Grupo Ambrogio"},"content":{"rendered":"<div class=\"wpb-content-wrapper\"><p>[vc_row full_width=\u00bbstretch_row_content_no_spaces\u00bb content_placement=\u00bbtop\u00bb css=\u00bb.vc_custom_1557222314841{padding-top: 0px !important;background-image: url(https:\/\/ambrogiointermodal.com\/wp-content\/uploads\/2019\/04\/gruppo-ambrogio-1.png?id=33296) !important;}\u00bb el_class=\u00bbcustom-container bg-custom\u00bb][vc_column css=\u00bb.vc_custom_1551718729257{padding-top: 0px !important;}\u00bb el_class=\u00bbcustom-width\u00bb][vc_custom_heading text=\u00bbEL GRUPO AMBROGIO\u00bb font_container=\u00bbtag:h2|text_align:center|color:%23ffffff\u00bb use_theme_fonts=\u00bbyes\u00bb css_animation=\u00bbbounceInDown\u00bb el_class=\u00bbtitolo-home\u00bb][\/vc_column][\/vc_row][vc_section full_width=\u00bbstretch_row\u00bb css=\u00bb.vc_custom_1551801928235{background-color: #f2f2f2 !important;}\u00bb][vc_row equal_height=\u00bbyes\u00bb content_placement=\u00bbmiddle\u00bb css=\u00bb.vc_custom_1555073032442{margin-top: 0px !important;margin-bottom: 30px !important;}\u00bb][vc_column width=\u00bb1\/2&#8243;][vc_single_image image=\u00bb33798&#8243; img_size=\u00bbfull\u00bb css_animation=\u00bbfadeInLeft\u00bb][\/vc_column][vc_column width=\u00bb1\/2&#8243;][vc_column_text css=\u00bb.vc_custom_1604938162680{padding-bottom: 10px !important;}\u00bb]<strong>Ambrogio Intermodal<\/strong> es una de las principales empresas de transporte del mercado europeo gracias a sus soluciones de transporte, que combinan una tecnolog\u00eda innovadora con unos servicios eficientes y fiables.<\/p>\n<p>El Grupo Ambrogio est\u00e1 formado por cinco sociedades operativas perfectamente integradas, todas ellas activas en el transporte intermodal y equipadas con terminales privadas, gestionadas con plena autonom\u00eda operativa, una flota de cajas m\u00f3viles en propiedad y una red intermodal de gran calidad que proporciona servicios profesionales de transporte y log\u00edstica.[\/vc_column_text][\/vc_column][\/vc_row][vc_row full_width=\u00bbstretch_row\u00bb equal_height=\u00bbyes\u00bb content_placement=\u00bbmiddle\u00bb css=\u00bb.vc_custom_1555073019984{margin-top: 30px !important;padding-bottom: 30px !important;background-color: #ffffff !important;}\u00bb][vc_column]<div class=\"gem-list gem-list-type-arrow\" ><p><strong>Las cinco sociedades del Grupo Ambrogio est\u00e1n situadas en cinco pa\u00edses distintos<\/strong>, que son:<\/p>\n<ul>\n<li>Ambrogio Trasporti S.p.A \u2013 21 Gallarate (Va)\/ 10 Candiolo (To)\/ 37 Volargne (Vr) \u2013 ITALIA<\/li>\n<li>Ambrogio Nv \u2013 28 Mechelen \u2013 B\u00c9LGICA<\/li>\n<li>Ambrogio France SA \u2013 66 Le Boulou\/ 64 Mouguerre \u2013 FRANCIA<\/li>\n<li>Ambrogio SA \u2013 08 Barcelona \u2013 ESPA\u00d1A<\/li>\n<li>Ambrogio GmbH \u2013 41 Neuss\u2013 ALEMANIA<\/li>\n<\/ul>\n<p>&nbsp;<\/p>\n<p>Aparte de nuestra larga experiencia en el mundo del transporte intermodal, que nos ha convertido en \u00a0uno de los referentes de la intermodalidad \u00a0en Europa, Ambrogio tambi\u00e9n es:<\/p>\n<ul>\n<li><strong>Socio fundador y accionista de <a href=\"https:\/\/blscargo.ch\/en\" target=\"_blank\" rel=\"noopener noreferrer\">BLS Cargo AG<\/a><\/strong><br \/>\nBLS Cargo es una empresa ferroviaria suiza especializada en el tr\u00e1nsito alpino , y que trabaja en los corredores de L\u00f6tschberg y Gotthard.<\/li>\n<\/ul>\n<ul>\n<li><strong>Miembro de <a href=\"https:\/\/www.uirr.com\/\" target=\"_blank\" rel=\"noopener noreferrer\">UIRR<\/a><\/strong> (European Road-Rail Combined Transport)<br \/>\nLa UIRR es la asociaci\u00f3n internacional europea fundada en Bruselas 1970 que re\u00fane a los operadores y las terminales m\u00e1s relevantes de Europa dentro de la red combinada carretera-ferrocarril.<\/li>\n<\/ul>\n<ul>\n<li><strong>Accionista de <a href=\"https:\/\/www.neuss-trimodal.de\/index.php\/de\/\" target=\"_blank\" rel=\"noopener noreferrer\">Trimodal GmbH<\/a><\/strong><br \/>\nTrimodal GmbH gestiona la terminal ferroviaria de Neuss (Alemania)<\/li>\n<\/ul>\n<ul>\n<li><strong>Miembro fundador de <\/strong><a href=\"https:\/\/www.ecotyre.it\/\"><strong>Ecotyre<\/strong><\/a><br \/>\nEcotyre es un consorcio italiano que representa la excelencia en la gesti\u00f3n de neum\u00e1ticos fuera de uso desde 2011. De hecho, fue la primera empresa del sector con la misi\u00f3n de gestionar y eliminar los neum\u00e1ticos usados.<\/li>\n<\/ul>\n<p>&nbsp;<\/p>\n<p>Ambrogio Intermodal tambi\u00e9n destaca por su contribuci\u00f3n en el \u00e1mbito editorial. Somos <strong>uno de los principales colaboradores de ItaliaMondo<\/strong>, una revista cultural y de log\u00edstica que aborda cuestiones relacionadas con la intermodalidad, Europa, la energ\u00eda y el medio ambiente.<\/p>\n<\/div>[\/vc_column][\/vc_row][\/vc_section][vc_row][vc_column][vc_column_text][\/vc_column_text][\/vc_column][\/vc_row]<\/p>\n<\/div>","protected":false},"excerpt":{"rendered":"<p>[vc_row full_width=\u00bbstretch_row_content_no_spaces\u00bb content_placement=\u00bbtop\u00bb css=\u00bb.vc_custom_1557222314841{padding-top: 0px !important;background-image: url(https:\/\/ambrogiointermodal.com\/wp-content\/uploads\/2019\/04\/gruppo-ambrogio-1.png?id=33296) !important;}\u00bb el_class=\u00bbcustom-container bg-custom\u00bb][vc_column css=\u00bb.vc_custom_1551718729257{padding-top: 0px !important;}\u00bb el_class=\u00bbcustom-width\u00bb][vc_custom_heading text=\u00bbEL GRUPO AMBROGIO\u00bb font_container=\u00bbtag:h2|text_align:center|color:%23ffffff\u00bb use_theme_fonts=\u00bbyes\u00bb css_animation=\u00bbbounceInDown\u00bb&#8230;<\/p>\n","protected":false},"author":6,"featured_media":0,"parent":0,"menu_order":0,"comment_status":"closed","ping_status":"closed","template":"","meta":{"footnotes":""},"class_list":["post-41461","page","type-page","status-publish"],"yoast_head":"<!-- This site is optimized with the Yoast SEO plugin v27.4 - https:\/\/yoast.com\/product\/yoast-seo-wordpress\/ -->\n<title>Grupo Ambrogio | Ambrogio Intermodal | Ambrogio Trasporti<\/title>\n<meta name=\"description\" content=\"Ambrogio ofrece servicios de transporte intermodal innovadores y eficientes en Italia y Europa. Cont\u00e1ctenos para solicitar un presupuesto.\" \/>\n<meta name=\"robots\" content=\"index, follow, max-snippet:-1, max-image-preview:large, max-video-preview:-1\" \/>\n<link rel=\"canonical\" href=\"https:\/\/ambrogiointermodal.com\/es\/el-grupo-ambrogio\/\" \/>\n<meta property=\"og:locale\" content=\"es_ES\" \/>\n<meta property=\"og:type\" content=\"article\" \/>\n<meta property=\"og:title\" content=\"Grupo Ambrogio | Ambrogio Intermodal | Ambrogio Trasporti\" \/>\n<meta property=\"og:description\" content=\"Ambrogio ofrece servicios de transporte intermodal innovadores y eficientes en Italia y Europa. Cont\u00e1ctenos para solicitar un presupuesto.\" \/>\n<meta property=\"og:url\" content=\"https:\/\/ambrogiointermodal.com\/es\/el-grupo-ambrogio\/\" \/>\n<meta property=\"og:site_name\" content=\"Ambrogio Trasporti\" \/>\n<meta property=\"article:modified_time\" content=\"2025-11-11T15:24:57+00:00\" \/>\n<meta name=\"twitter:card\" content=\"summary_large_image\" \/>\n<meta name=\"twitter:label1\" content=\"Tiempo de lectura\" \/>\n\t<meta name=\"twitter:data1\" content=\"3 minutos\" \/>\n<script type=\"application\/ld+json\" class=\"yoast-schema-graph\">{\"@context\":\"https:\\\/\\\/schema.org\",\"@graph\":[{\"@type\":\"WebPage\",\"@id\":\"https:\\\/\\\/ambrogiointermodal.com\\\/es\\\/el-grupo-ambrogio\\\/\",\"url\":\"https:\\\/\\\/ambrogiointermodal.com\\\/es\\\/el-grupo-ambrogio\\\/\",\"name\":\"Grupo Ambrogio | Ambrogio Intermodal | Ambrogio Trasporti\",\"isPartOf\":{\"@id\":\"https:\\\/\\\/ambrogiointermodal.com\\\/#website\"},\"datePublished\":\"2020-10-26T12:49:59+00:00\",\"dateModified\":\"2025-11-11T15:24:57+00:00\",\"description\":\"Ambrogio ofrece servicios de transporte intermodal innovadores y eficientes en Italia y Europa. Cont\u00e1ctenos para solicitar un presupuesto.\",\"breadcrumb\":{\"@id\":\"https:\\\/\\\/ambrogiointermodal.com\\\/es\\\/el-grupo-ambrogio\\\/#breadcrumb\"},\"inLanguage\":\"es\",\"potentialAction\":[{\"@type\":\"ReadAction\",\"target\":[\"https:\\\/\\\/ambrogiointermodal.com\\\/es\\\/el-grupo-ambrogio\\\/\"]}]},{\"@type\":\"BreadcrumbList\",\"@id\":\"https:\\\/\\\/ambrogiointermodal.com\\\/es\\\/el-grupo-ambrogio\\\/#breadcrumb\",\"itemListElement\":[{\"@type\":\"ListItem\",\"position\":1,\"name\":\"Home\",\"item\":\"https:\\\/\\\/ambrogiointermodal.com\\\/es\\\/\"},{\"@type\":\"ListItem\",\"position\":2,\"name\":\"El Grupo Ambrogio\"}]},{\"@type\":\"WebSite\",\"@id\":\"https:\\\/\\\/ambrogiointermodal.com\\\/#website\",\"url\":\"https:\\\/\\\/ambrogiointermodal.com\\\/\",\"name\":\"Ambrogio Trasporti\",\"description\":\"INTERMODALE PER DEFINIZIONE\",\"publisher\":{\"@id\":\"https:\\\/\\\/ambrogiointermodal.com\\\/#organization\"},\"potentialAction\":[{\"@type\":\"SearchAction\",\"target\":{\"@type\":\"EntryPoint\",\"urlTemplate\":\"https:\\\/\\\/ambrogiointermodal.com\\\/?s={search_term_string}\"},\"query-input\":{\"@type\":\"PropertyValueSpecification\",\"valueRequired\":true,\"valueName\":\"search_term_string\"}}],\"inLanguage\":\"es\"},{\"@type\":\"Organization\",\"@id\":\"https:\\\/\\\/ambrogiointermodal.com\\\/#organization\",\"name\":\"Ambrogio Intermodal\",\"url\":\"https:\\\/\\\/ambrogiointermodal.com\\\/\",\"logo\":{\"@type\":\"ImageObject\",\"inLanguage\":\"es\",\"@id\":\"https:\\\/\\\/ambrogiointermodal.com\\\/#\\\/schema\\\/logo\\\/image\\\/\",\"url\":\"https:\\\/\\\/ambrogiointermodal.com\\\/wp-content\\\/uploads\\\/2019\\\/03\\\/logo-footer.png\",\"contentUrl\":\"https:\\\/\\\/ambrogiointermodal.com\\\/wp-content\\\/uploads\\\/2019\\\/03\\\/logo-footer.png\",\"width\":156,\"height\":31,\"caption\":\"Ambrogio Intermodal\"},\"image\":{\"@id\":\"https:\\\/\\\/ambrogiointermodal.com\\\/#\\\/schema\\\/logo\\\/image\\\/\"}}]}<\/script>\n<!-- \/ Yoast SEO plugin. -->","yoast_head_json":{"title":"Grupo Ambrogio | Ambrogio Intermodal | Ambrogio Trasporti","description":"Ambrogio ofrece servicios de transporte intermodal innovadores y eficientes en Italia y Europa. Cont\u00e1ctenos para solicitar un presupuesto.","robots":{"index":"index","follow":"follow","max-snippet":"max-snippet:-1","max-image-preview":"max-image-preview:large","max-video-preview":"max-video-preview:-1"},"canonical":"https:\/\/ambrogiointermodal.com\/es\/el-grupo-ambrogio\/","og_locale":"es_ES","og_type":"article","og_title":"Grupo Ambrogio | Ambrogio Intermodal | Ambrogio Trasporti","og_description":"Ambrogio ofrece servicios de transporte intermodal innovadores y eficientes en Italia y Europa. Cont\u00e1ctenos para solicitar un presupuesto.","og_url":"https:\/\/ambrogiointermodal.com\/es\/el-grupo-ambrogio\/","og_site_name":"Ambrogio Trasporti","article_modified_time":"2025-11-11T15:24:57+00:00","twitter_card":"summary_large_image","twitter_misc":{"Tiempo de lectura":"3 minutos"},"schema":{"@context":"https:\/\/schema.org","@graph":[{"@type":"WebPage","@id":"https:\/\/ambrogiointermodal.com\/es\/el-grupo-ambrogio\/","url":"https:\/\/ambrogiointermodal.com\/es\/el-grupo-ambrogio\/","name":"Grupo Ambrogio | Ambrogio Intermodal | Ambrogio Trasporti","isPartOf":{"@id":"https:\/\/ambrogiointermodal.com\/#website"},"datePublished":"2020-10-26T12:49:59+00:00","dateModified":"2025-11-11T15:24:57+00:00","description":"Ambrogio ofrece servicios de transporte intermodal innovadores y eficientes en Italia y Europa. Cont\u00e1ctenos para solicitar un presupuesto.","breadcrumb":{"@id":"https:\/\/ambrogiointermodal.com\/es\/el-grupo-ambrogio\/#breadcrumb"},"inLanguage":"es","potentialAction":[{"@type":"ReadAction","target":["https:\/\/ambrogiointermodal.com\/es\/el-grupo-ambrogio\/"]}]},{"@type":"BreadcrumbList","@id":"https:\/\/ambrogiointermodal.com\/es\/el-grupo-ambrogio\/#breadcrumb","itemListElement":[{"@type":"ListItem","position":1,"name":"Home","item":"https:\/\/ambrogiointermodal.com\/es\/"},{"@type":"ListItem","position":2,"name":"El Grupo Ambrogio"}]},{"@type":"WebSite","@id":"https:\/\/ambrogiointermodal.com\/#website","url":"https:\/\/ambrogiointermodal.com\/","name":"Ambrogio Trasporti","description":"INTERMODALE PER DEFINIZIONE","publisher":{"@id":"https:\/\/ambrogiointermodal.com\/#organization"},"potentialAction":[{"@type":"SearchAction","target":{"@type":"EntryPoint","urlTemplate":"https:\/\/ambrogiointermodal.com\/?s={search_term_string}"},"query-input":{"@type":"PropertyValueSpecification","valueRequired":true,"valueName":"search_term_string"}}],"inLanguage":"es"},{"@type":"Organization","@id":"https:\/\/ambrogiointermodal.com\/#organization","name":"Ambrogio Intermodal","url":"https:\/\/ambrogiointermodal.com\/","logo":{"@type":"ImageObject","inLanguage":"es","@id":"https:\/\/ambrogiointermodal.com\/#\/schema\/logo\/image\/","url":"https:\/\/ambrogiointermodal.com\/wp-content\/uploads\/2019\/03\/logo-footer.png","contentUrl":"https:\/\/ambrogiointermodal.com\/wp-content\/uploads\/2019\/03\/logo-footer.png","width":156,"height":31,"caption":"Ambrogio Intermodal"},"image":{"@id":"https:\/\/ambrogiointermodal.com\/#\/schema\/logo\/image\/"}}]}},"_links":{"self":[{"href":"https:\/\/ambrogiointermodal.com\/es\/wp-json\/wp\/v2\/pages\/41461","targetHints":{"allow":["GET"]}}],"collection":[{"href":"https:\/\/ambrogiointermodal.com\/es\/wp-json\/wp\/v2\/pages"}],"about":[{"href":"https:\/\/ambrogiointermodal.com\/es\/wp-json\/wp\/v2\/types\/page"}],"author":[{"embeddable":true,"href":"https:\/\/ambrogiointermodal.com\/es\/wp-json\/wp\/v2\/users\/6"}],"replies":[{"embeddable":true,"href":"https:\/\/ambrogiointermodal.com\/es\/wp-json\/wp\/v2\/comments?post=41461"}],"version-history":[{"count":12,"href":"https:\/\/ambrogiointermodal.com\/es\/wp-json\/wp\/v2\/pages\/41461\/revisions"}],"predecessor-version":[{"id":67030,"href":"https:\/\/ambrogiointermodal.com\/es\/wp-json\/wp\/v2\/pages\/41461\/revisions\/67030"}],"wp:attachment":[{"href":"https:\/\/ambrogiointermodal.com\/es\/wp-json\/wp\/v2\/media?parent=41461"}],"curies":[{"name":"wp","href":"https:\/\/api.w.org\/{rel}","templated":true}]}}