{"id":41458,"date":"2019-04-15T09:38:35","date_gmt":"2019-04-15T07:38:35","guid":{"rendered":"https:\/\/ambrogiointermodal.com\/?page_id=41458"},"modified":"2025-08-22T12:15:17","modified_gmt":"2025-08-22T10:15:17","slug":"medio-ambiente","status":"publish","type":"page","link":"https:\/\/ambrogiointermodal.com\/es\/medio-ambiente\/","title":{"rendered":"Medio Ambiente | Ambrogio"},"content":{"rendered":"<div class=\"wpb-content-wrapper\"><p>[vc_row full_width=\u00bbstretch_row_content_no_spaces\u00bb content_placement=\u00bbtop\u00bb css=\u00bb.vc_custom_1557222712692{padding-top: 0px !important;background-image: url(https:\/\/ambrogiointermodal.com\/wp-content\/uploads\/2019\/04\/ambiente.png?id=33474) !important;}\u00bb el_class=\u00bbcustom-container bg-custom\u00bb][vc_column css=\u00bb.vc_custom_1551718729257{padding-top: 0px !important;}\u00bb el_class=\u00bbcustom-width\u00bb][vc_custom_heading text=\u00bbAMBROGIO, ECOLOG\u00cdA POR DEFINICI\u00d3N\u00bb font_container=\u00bbtag:h2|text_align:center|color:%23ffffff\u00bb use_theme_fonts=\u00bbyes\u00bb css=\u00bb\u00bb css_animation=\u00bbbounceInDown\u00bb el_class=\u00bbtitolo-home\u00bb][\/vc_column][\/vc_row][vc_section full_width=\u00bbstretch_row\u00bb css=\u00bb.vc_custom_1551801928235{background-color: #f2f2f2 !important;}\u00bb][vc_row full_width=\u00bbstretch_row\u00bb equal_height=\u00bbyes\u00bb content_placement=\u00bbmiddle\u00bb css=\u00bb.vc_custom_1555073019984{margin-top: 30px !important;padding-bottom: 30px !important;background-color: #ffffff !important;}\u00bb][vc_column][vc_column_text css=\u00bb.vc_custom_1753739650395{padding-bottom: 10px !important;}\u00bb]<\/p>\n<p style=\"text-align: center;\"><em>Desde su creaci\u00f3n en 1969, Ambrogio ha sido pionero en un modo de transporte que trasladaba largas distancias al ferrocarril, dejando el transporte por carretera exclusivamente para la recogida y entrega local.<\/em><\/p>\n<p>[\/vc_column_text][\/vc_column][\/vc_row][vc_row equal_height=\u00bbyes\u00bb content_placement=\u00bbmiddle\u00bb css=\u00bb.vc_custom_1555073032442{margin-top: 0px !important;margin-bottom: 30px !important;}\u00bb][vc_column width=\u00bb1\/2&#8243;][vc_single_image image=\u00bb33481&#8243; img_size=\u00bbfull\u00bb alignment=\u00bbcenter\u00bb css_animation=\u00bbfadeInLeft\u00bb][\/vc_column][vc_column width=\u00bb1\/2&#8243;][vc_column_text css=\u00bb.vc_custom_1754303930073{padding-bottom: 10px !important;}\u00bb]Con <strong>numerosas <a href=\"https:\/\/ambrogiointermodal.com\/es\/certificaciones\/\">certificaciones<\/a><\/strong> en transporte y log\u00edstica, el Grupo Ambrogio se distingue por el <strong>uso de equipamientos innovadores<\/strong>, que permiten\u00a0<strong>optimizar los pesos de las unidades de carga y los vagones ferroviarios<\/strong>, lo que conlleva un aumento de la capacidad de sus propios trenes.[\/vc_column_text][\/vc_column][\/vc_row][vc_row equal_height=\u00bbyes\u00bb content_placement=\u00bbmiddle\u00bb css=\u00bb.vc_custom_1555073032442{margin-top: 0px !important;margin-bottom: 30px !important;}\u00bb][vc_column width=\u00bb1\/2&#8243;][vc_column_text css=\u00bb.vc_custom_1753739682655{padding-bottom: 10px !important;}\u00bb]Mientras el mercado de la intermodalidad evolucionaba utilizando el sistema de transporte de semirremolques \u2014que implica el traslado ineficiente e innecesario de tara superflua\u2014, en Ambrogio desarroll\u00e1bamos <strong>combinaciones de cajas m\u00f3viles y vagones ferroviarios dise\u00f1ados para aumentar la carga \u00fatil de nuestros trenes y mantener una posici\u00f3n de liderazgo en la relaci\u00f3n CO\u2082 por tonelada transportada<\/strong>.<\/p>\n<p>Las caracter\u00edsticas de dise\u00f1o de nuestros equipos, junto con el uso del est\u00e1ndar de caja m\u00f3vil de 13,60 metros, nos permiten hoy alcanzar en nuestros trenes <strong>tasas de llenado l\u00edderes en el sector<\/strong> y lograr un <strong>ahorro medio del 70<\/strong><strong>\u202f<\/strong><strong>% en emisiones contaminantes<\/strong> en comparaci\u00f3n con el transporte exclusivamente por carretera.[\/vc_column_text][\/vc_column][vc_column width=\u00bb1\/2&#8243;][vc_single_image image=\u00bb33486&#8243; img_size=\u00bbfull\u00bb alignment=\u00bbcenter\u00bb css_animation=\u00bbfadeInRight\u00bb][\/vc_column][\/vc_row][vc_row full_width=\u00bbstretch_row\u00bb css=\u00bb.vc_custom_1751486729756{padding-bottom: 35px !important;background-color: #F8D100 !important;}\u00bb][vc_column width=\u00bb1\/3&#8243;][vc_column_text css=\u00bb\u00bb]<\/p>\n<h1 style=\"text-align: center;\">61.510<\/h1>\n<p>[\/vc_column_text][vc_column_text css=\u00bb\u00bb]<\/p>\n<p style=\"text-align: center;\">toneladas de CO\u2082<br \/>\nahorradas en 2024<\/p>\n<p>[\/vc_column_text][\/vc_column][vc_column width=\u00bb1\/3&#8243;][vc_column_text css=\u00bb\u00bb]<\/p>\n<h1 style=\"text-align: center;\">69%<\/h1>\n<p>[\/vc_column_text][vc_column_text css=\u00bb\u00bb]<\/p>\n<p style=\"text-align: center;\">menos emisiones<br \/>\nen comparaci\u00f3n con el transporte por carretera<\/p>\n<p>[\/vc_column_text][\/vc_column][vc_column width=\u00bb1\/3&#8243;][vc_column_text css=\u00bb\u00bb]<\/p>\n<h1 style=\"text-align: center;\">51.700<\/h1>\n<p>[\/vc_column_text][vc_column_text css=\u00bb\u00bb]<\/p>\n<p style=\"text-align: center;\">camiones retirados de las carreteras<br \/>\neuropeas en 2024<\/p>\n<p>[\/vc_column_text][\/vc_column][\/vc_row][vc_row css=\u00bb.vc_custom_1751487497714{padding-bottom: 50px !important;}\u00bb][vc_column][vc_column_text css=\u00bb\u00bb]El objetivo medioambiental de Ambrogio se ha aplicado con coherencia en los programas de gesti\u00f3n de terminales, lo que ha llevado a invertir en la terminal de Gallarate, el coraz\u00f3n de nuestra red intermodal, en una gr\u00faa p\u00f3rtico el\u00e9ctrica, alimentada en su totalidad mediante la autoproducci\u00f3n de 220.000 kWh\/a\u00f1o, generados por una innovadora <strong>instalaci\u00f3n fotovoltaica de 2.500 m\u00b2<\/strong> ubicada en el techo de nuestra sede.<\/p>\n<p>En 2021, ampliamos este compromiso a nuestra terminal de Neuss, en Alemania, con la instalaci\u00f3n de 196<strong> paneles solares<\/strong>. Esta instalaci\u00f3n produce 64.000 kWh al a\u00f1o, <strong>ahorrando aproximadamente<\/strong> <strong>95 toneladas de CO\u2082<\/strong> y cubriendo el 75% de las necesidades energ\u00e9ticas de las oficinas y del almac\u00e9n. Adem\u00e1s, para apoyar las necesidades de nuestros empleados, hemos instalado <strong>4 puntos de recarga para veh\u00edculos el\u00e9ctricos<\/strong> en el estacionamiento de la terminal.[\/vc_column_text][\/vc_column][\/vc_row][vc_row css=\u00bb.vc_custom_1751487503128{padding-bottom: 50px !important;}\u00bb][vc_column width=\u00bb1\/2&#8243;][vc_single_image image=\u00bb65227&#8243; img_size=\u00bbfull\u00bb alignment=\u00bbcenter\u00bb css=\u00bb\u00bb css_animation=\u00bbfadeInRight\u00bb][\/vc_column][vc_column width=\u00bb1\/2&#8243;][vc_single_image image=\u00bb65230&#8243; img_size=\u00bbfull\u00bb alignment=\u00bbcenter\u00bb css=\u00bb\u00bb css_animation=\u00bbfadeInRight\u00bb][\/vc_column][\/vc_row][\/vc_section]<\/p>\n<\/div>","protected":false},"excerpt":{"rendered":"<p>[vc_row full_width=\u00bbstretch_row_content_no_spaces\u00bb content_placement=\u00bbtop\u00bb css=\u00bb.vc_custom_1557222712692{padding-top: 0px !important;background-image: url(https:\/\/ambrogiointermodal.com\/wp-content\/uploads\/2019\/04\/ambiente.png?id=33474) !important;}\u00bb el_class=\u00bbcustom-container bg-custom\u00bb][vc_column css=\u00bb.vc_custom_1551718729257{padding-top: 0px !important;}\u00bb el_class=\u00bbcustom-width\u00bb][vc_custom_heading text=\u00bbAMBROGIO, ECOLOG\u00cdA POR DEFINICI\u00d3N\u00bb font_container=\u00bbtag:h2|text_align:center|color:%23ffffff\u00bb use_theme_fonts=\u00bbyes\u00bb&#8230;<\/p>\n","protected":false},"author":5,"featured_media":0,"parent":0,"menu_order":0,"comment_status":"closed","ping_status":"closed","template":"","meta":{"footnotes":""},"class_list":["post-41458","page","type-page","status-publish"],"yoast_head":"<!-- This site is optimized with the Yoast SEO plugin v25.8 - https:\/\/yoast.com\/wordpress\/plugins\/seo\/ -->\n<title>Medio Ambiente | Certificaciones de transporte y log\u00edstica | Ambrogio Trasporti<\/title>\n<meta name=\"description\" content=\"Ambrogio es una empresa de vanguardia, con certificaciones en transporte y log\u00edstica, gracias a soluciones que protegen el medio ambiente.\" \/>\n<meta name=\"robots\" content=\"index, follow, max-snippet:-1, max-image-preview:large, max-video-preview:-1\" \/>\n<link rel=\"canonical\" href=\"https:\/\/ambrogiointermodal.com\/es\/medio-ambiente\/\" \/>\n<meta property=\"og:locale\" content=\"es_ES\" \/>\n<meta property=\"og:type\" content=\"article\" \/>\n<meta property=\"og:title\" content=\"Medio Ambiente | Certificaciones de transporte y log\u00edstica | Ambrogio Trasporti\" \/>\n<meta property=\"og:description\" content=\"Ambrogio es una empresa de vanguardia, con certificaciones en transporte y log\u00edstica, gracias a soluciones que protegen el medio ambiente.\" \/>\n<meta property=\"og:url\" content=\"https:\/\/ambrogiointermodal.com\/es\/medio-ambiente\/\" \/>\n<meta property=\"og:site_name\" content=\"Ambrogio Trasporti\" \/>\n<meta property=\"article:modified_time\" content=\"2025-08-22T10:15:17+00:00\" \/>\n<meta name=\"twitter:card\" content=\"summary_large_image\" \/>\n<meta name=\"twitter:label1\" content=\"Tiempo de lectura\" \/>\n\t<meta name=\"twitter:data1\" content=\"4 minutos\" \/>\n<script type=\"application\/ld+json\" class=\"yoast-schema-graph\">{\"@context\":\"https:\/\/schema.org\",\"@graph\":[{\"@type\":\"WebPage\",\"@id\":\"https:\/\/ambrogiointermodal.com\/es\/medio-ambiente\/\",\"url\":\"https:\/\/ambrogiointermodal.com\/es\/medio-ambiente\/\",\"name\":\"Medio Ambiente | Certificaciones de transporte y log\u00edstica | Ambrogio Trasporti\",\"isPartOf\":{\"@id\":\"https:\/\/ambrogiointermodal.com\/#website\"},\"datePublished\":\"2019-04-15T07:38:35+00:00\",\"dateModified\":\"2025-08-22T10:15:17+00:00\",\"description\":\"Ambrogio es una empresa de vanguardia, con certificaciones en transporte y log\u00edstica, gracias a soluciones que protegen el medio ambiente.\",\"breadcrumb\":{\"@id\":\"https:\/\/ambrogiointermodal.com\/es\/medio-ambiente\/#breadcrumb\"},\"inLanguage\":\"es\",\"potentialAction\":[{\"@type\":\"ReadAction\",\"target\":[\"https:\/\/ambrogiointermodal.com\/es\/medio-ambiente\/\"]}]},{\"@type\":\"BreadcrumbList\",\"@id\":\"https:\/\/ambrogiointermodal.com\/es\/medio-ambiente\/#breadcrumb\",\"itemListElement\":[{\"@type\":\"ListItem\",\"position\":1,\"name\":\"Home\",\"item\":\"https:\/\/ambrogiointermodal.com\/es\/\"},{\"@type\":\"ListItem\",\"position\":2,\"name\":\"Medio Ambiente | Ambrogio\"}]},{\"@type\":\"WebSite\",\"@id\":\"https:\/\/ambrogiointermodal.com\/#website\",\"url\":\"https:\/\/ambrogiointermodal.com\/\",\"name\":\"Ambrogio Trasporti\",\"description\":\"INTERMODALE PER DEFINIZIONE\",\"publisher\":{\"@id\":\"https:\/\/ambrogiointermodal.com\/#organization\"},\"potentialAction\":[{\"@type\":\"SearchAction\",\"target\":{\"@type\":\"EntryPoint\",\"urlTemplate\":\"https:\/\/ambrogiointermodal.com\/?s={search_term_string}\"},\"query-input\":{\"@type\":\"PropertyValueSpecification\",\"valueRequired\":true,\"valueName\":\"search_term_string\"}}],\"inLanguage\":\"es\"},{\"@type\":\"Organization\",\"@id\":\"https:\/\/ambrogiointermodal.com\/#organization\",\"name\":\"Ambrogio Intermodal\",\"url\":\"https:\/\/ambrogiointermodal.com\/\",\"logo\":{\"@type\":\"ImageObject\",\"inLanguage\":\"es\",\"@id\":\"https:\/\/ambrogiointermodal.com\/#\/schema\/logo\/image\/\",\"url\":\"https:\/\/ambrogiointermodal.com\/wp-content\/uploads\/2019\/03\/logo-footer.png\",\"contentUrl\":\"https:\/\/ambrogiointermodal.com\/wp-content\/uploads\/2019\/03\/logo-footer.png\",\"width\":156,\"height\":31,\"caption\":\"Ambrogio Intermodal\"},\"image\":{\"@id\":\"https:\/\/ambrogiointermodal.com\/#\/schema\/logo\/image\/\"}}]}<\/script>\n<!-- \/ Yoast SEO plugin. -->","yoast_head_json":{"title":"Medio Ambiente | Certificaciones de transporte y log\u00edstica | Ambrogio Trasporti","description":"Ambrogio es una empresa de vanguardia, con certificaciones en transporte y log\u00edstica, gracias a soluciones que protegen el medio ambiente.","robots":{"index":"index","follow":"follow","max-snippet":"max-snippet:-1","max-image-preview":"max-image-preview:large","max-video-preview":"max-video-preview:-1"},"canonical":"https:\/\/ambrogiointermodal.com\/es\/medio-ambiente\/","og_locale":"es_ES","og_type":"article","og_title":"Medio Ambiente | Certificaciones de transporte y log\u00edstica | Ambrogio Trasporti","og_description":"Ambrogio es una empresa de vanguardia, con certificaciones en transporte y log\u00edstica, gracias a soluciones que protegen el medio ambiente.","og_url":"https:\/\/ambrogiointermodal.com\/es\/medio-ambiente\/","og_site_name":"Ambrogio Trasporti","article_modified_time":"2025-08-22T10:15:17+00:00","twitter_card":"summary_large_image","twitter_misc":{"Tiempo de lectura":"4 minutos"},"schema":{"@context":"https:\/\/schema.org","@graph":[{"@type":"WebPage","@id":"https:\/\/ambrogiointermodal.com\/es\/medio-ambiente\/","url":"https:\/\/ambrogiointermodal.com\/es\/medio-ambiente\/","name":"Medio Ambiente | Certificaciones de transporte y log\u00edstica | Ambrogio Trasporti","isPartOf":{"@id":"https:\/\/ambrogiointermodal.com\/#website"},"datePublished":"2019-04-15T07:38:35+00:00","dateModified":"2025-08-22T10:15:17+00:00","description":"Ambrogio es una empresa de vanguardia, con certificaciones en transporte y log\u00edstica, gracias a soluciones que protegen el medio ambiente.","breadcrumb":{"@id":"https:\/\/ambrogiointermodal.com\/es\/medio-ambiente\/#breadcrumb"},"inLanguage":"es","potentialAction":[{"@type":"ReadAction","target":["https:\/\/ambrogiointermodal.com\/es\/medio-ambiente\/"]}]},{"@type":"BreadcrumbList","@id":"https:\/\/ambrogiointermodal.com\/es\/medio-ambiente\/#breadcrumb","itemListElement":[{"@type":"ListItem","position":1,"name":"Home","item":"https:\/\/ambrogiointermodal.com\/es\/"},{"@type":"ListItem","position":2,"name":"Medio Ambiente | Ambrogio"}]},{"@type":"WebSite","@id":"https:\/\/ambrogiointermodal.com\/#website","url":"https:\/\/ambrogiointermodal.com\/","name":"Ambrogio Trasporti","description":"INTERMODALE PER DEFINIZIONE","publisher":{"@id":"https:\/\/ambrogiointermodal.com\/#organization"},"potentialAction":[{"@type":"SearchAction","target":{"@type":"EntryPoint","urlTemplate":"https:\/\/ambrogiointermodal.com\/?s={search_term_string}"},"query-input":{"@type":"PropertyValueSpecification","valueRequired":true,"valueName":"search_term_string"}}],"inLanguage":"es"},{"@type":"Organization","@id":"https:\/\/ambrogiointermodal.com\/#organization","name":"Ambrogio Intermodal","url":"https:\/\/ambrogiointermodal.com\/","logo":{"@type":"ImageObject","inLanguage":"es","@id":"https:\/\/ambrogiointermodal.com\/#\/schema\/logo\/image\/","url":"https:\/\/ambrogiointermodal.com\/wp-content\/uploads\/2019\/03\/logo-footer.png","contentUrl":"https:\/\/ambrogiointermodal.com\/wp-content\/uploads\/2019\/03\/logo-footer.png","width":156,"height":31,"caption":"Ambrogio Intermodal"},"image":{"@id":"https:\/\/ambrogiointermodal.com\/#\/schema\/logo\/image\/"}}]}},"_links":{"self":[{"href":"https:\/\/ambrogiointermodal.com\/es\/wp-json\/wp\/v2\/pages\/41458","targetHints":{"allow":["GET"]}}],"collection":[{"href":"https:\/\/ambrogiointermodal.com\/es\/wp-json\/wp\/v2\/pages"}],"about":[{"href":"https:\/\/ambrogiointermodal.com\/es\/wp-json\/wp\/v2\/types\/page"}],"author":[{"embeddable":true,"href":"https:\/\/ambrogiointermodal.com\/es\/wp-json\/wp\/v2\/users\/5"}],"replies":[{"embeddable":true,"href":"https:\/\/ambrogiointermodal.com\/es\/wp-json\/wp\/v2\/comments?post=41458"}],"version-history":[{"count":15,"href":"https:\/\/ambrogiointermodal.com\/es\/wp-json\/wp\/v2\/pages\/41458\/revisions"}],"predecessor-version":[{"id":66056,"href":"https:\/\/ambrogiointermodal.com\/es\/wp-json\/wp\/v2\/pages\/41458\/revisions\/66056"}],"wp:attachment":[{"href":"https:\/\/ambrogiointermodal.com\/es\/wp-json\/wp\/v2\/media?parent=41458"}],"curies":[{"name":"wp","href":"https:\/\/api.w.org\/{rel}","templated":true}]}}